{"id":102,"date":"2023-06-26T10:21:15","date_gmt":"2023-06-26T08:21:15","guid":{"rendered":"https:\/\/iro.pk.edu.pl\/?page_id=102"},"modified":"2026-02-26T12:05:05","modified_gmt":"2026-02-26T11:05:05","slug":"aktualnosci","status":"publish","type":"page","link":"https:\/\/iro.pk.edu.pl\/pl\/aktualnosci\/","title":{"rendered":"Aktualno\u015bci"},"content":{"rendered":"\n<div class=\"inherit-container-width wp-block-group aktualnosci_bez_zdjec is-layout-constrained wp-container-core-group-is-layout-19865e30 wp-block-group-is-layout-constrained\" style=\"padding-top:0em;padding-right:0%;padding-bottom:0em;padding-left:0%\">\n\t\t\t<div class=\"wp-block-uagb-post-grid uagb-post-grid  uagb-post__image-position-top uagb-post__image-disabled uagb-block-344ff90b     uagb-post__items uagb-post__columns-4 is-grid uagb-post__columns-tablet-2 uagb-post__columns-mobile-1 uagb-post__equal-height\" data-total=\"3\" style=\"\">\n\n\t\t\t\t\t\t\t\t\t\t\t\t<article class=\"uagb-post__inner-wrap\">\t\t\t\t\t\t\t\t<h3 class=\"uagb-post__title uagb-post__text\">\n\t\t\t\t<a href=\"https:\/\/iro.pk.edu.pl\/pl\/aktualnosci\/program-hope-na-hanyang-university-w-semestrze-letnim\/\" target=\"_self\" rel=\"bookmark noopener noreferrer\">Program HOPE na Hanyang University w semestrze letnim<\/a>\n\t\t\t<\/h3>\n\t\t\t\t\t\t\t<div class='uagb-post__text uagb-post__excerpt'>\n\t\t\t\t\t<p>Hanyang University w Korei Po\u0142udniowej og\u0142asza nab\u00f3r do letniego programu HOPE. W ramach programu studenci mog\u0105 uczestniczy\u0107 w darmowych on-line kursach, kt\u00f3re maj\u0105 na celu&#8230;\t\t\t\t<\/div>\n\t\t\t\t\t\t<div class='uagb-post__text uagb-post-grid-byline'>\n\t\t\t\t\t\t\t\t<time datetime=\"2026-02-02T10:09:27+01:00\" class=\"uagb-post__date\">\n\t\t\t\t\t\t\t\t\t2026-02-02\t\t\t\t<\/time>\n\t\t\t\t\t\t<\/div>\n\t\t\t\n\t\t\t\t\t\t\t\t\t<\/article>\n\t\t\t\t\t\t\t\t\t\t\t\t\t\t\t\t<article class=\"uagb-post__inner-wrap\">\t\t\t\t\t\t\t\t<h3 class=\"uagb-post__title uagb-post__text\">\n\t\t\t\t<a href=\"https:\/\/iro.pk.edu.pl\/pl\/aktualnosci\/nabor-na-wyjazdy-semestralne-do-uczelni-partnerskich-2026-2027\/\" target=\"_self\" rel=\"bookmark noopener noreferrer\">NAB\u00d3R NA WYJAZDY SEMESTRALNE DO UCZELNI PARTNERSKICH 2026\/2027<\/a>\n\t\t\t<\/h3>\n\t\t\t\t\t\t\t<div class='uagb-post__text uagb-post__excerpt'>\n\t\t\t\t\t<p>Do 30 marca 2026 r. zapraszamy wszystkich zainteresowanych student\u00f3w I i II stopnia do zg\u0142aszania si\u0119 na wyjazdy na studia semestralne w ramach um\u00f3w bilateralnych&#8230;\t\t\t\t<\/div>\n\t\t\t\t\t\t<div class='uagb-post__text uagb-post-grid-byline'>\n\t\t\t\t\t\t\t\t<time datetime=\"2026-02-02T08:26:55+01:00\" class=\"uagb-post__date\">\n\t\t\t\t\t\t\t\t\t2026-02-02\t\t\t\t<\/time>\n\t\t\t\t\t\t<\/div>\n\t\t\t\n\t\t\t\t\t\t\t\t\t<\/article>\n\t\t\t\t\t\t\t\t\t\t\t\t\t\t\t\t<article class=\"uagb-post__inner-wrap\">\t\t\t\t\t\t\t\t<h3 class=\"uagb-post__title uagb-post__text\">\n\t\t\t\t<a href=\"https:\/\/iro.pk.edu.pl\/pl\/aktualnosci\/program-vulcanus-in-japan-edycja-2026-2027\/\" target=\"_self\" rel=\"bookmark noopener noreferrer\">PROGRAM VULCANUS IN JAPAN &#8211; EDYCJA 2026-2027<\/a>\n\t\t\t<\/h3>\n\t\t\t\t\t\t\t<div class='uagb-post__text uagb-post__excerpt'>\n\t\t\t\t\t<p>Europejsko-Japo\u0144skie Centrum Wsp\u00f3\u0142pracy Przemys\u0142owej (EU-Japan Centre for Industrial Cooperation) oferuje p\u0142atne sta\u017ce w ramach programu VULCANUS IN JAPAN w japo\u0144skich firmach bran\u017cy przemys\u0142owej dla obywateli&#8230;\t\t\t\t<\/div>\n\t\t\t\t\t\t<div class='uagb-post__text uagb-post-grid-byline'>\n\t\t\t\t\t\t\t\t<time datetime=\"2025-11-06T13:14:47+01:00\" class=\"uagb-post__date\">\n\t\t\t\t\t\t\t\t\t2025-11-06\t\t\t\t<\/time>\n\t\t\t\t\t\t<\/div>\n\t\t\t\n\t\t\t\t\t\t\t\t\t<\/article>\n\t\t\t\t\t\t\t\t\t\t\t\t\t\t\t\t<article class=\"uagb-post__inner-wrap\">\t\t\t\t\t\t\t\t<h3 class=\"uagb-post__title uagb-post__text\">\n\t\t\t\t<a href=\"https:\/\/iro.pk.edu.pl\/pl\/aktualnosci\/wymiana-studencka-z-national-chung-hsing-university-tajwan-2\/\" target=\"_self\" rel=\"bookmark noopener noreferrer\">Wymiana Studencka z National Chung Hsing University (Tajwan)<\/a>\n\t\t\t<\/h3>\n\t\t\t\t\t\t\t<div class='uagb-post__text uagb-post__excerpt'>\n\t\t\t\t\t<p>Uprzejmie informujemy o&nbsp;mo\u017cliwo\u015bci wyjazdu na studia cz\u0119\u015bciowe do National Chung Hsing University (NCHU) na semestr&nbsp;letni roku akademickiego 2025\/2026. Semestr w NCHU trwa od lutego do&#8230;\t\t\t\t<\/div>\n\t\t\t\t\t\t<div class='uagb-post__text uagb-post-grid-byline'>\n\t\t\t\t\t\t\t\t<time datetime=\"2025-10-03T08:34:21+02:00\" class=\"uagb-post__date\">\n\t\t\t\t\t\t\t\t\t2025-10-03\t\t\t\t<\/time>\n\t\t\t\t\t\t<\/div>\n\t\t\t\n\t\t\t\t\t\t\t\t\t<\/article>\n\t\t\t\t\t\t\t\t\t\t\t\t\t\t\t\t<article class=\"uagb-post__inner-wrap\">\t\t\t\t\t\t\t\t<h3 class=\"uagb-post__title uagb-post__text\">\n\t\t\t\t<a href=\"https:\/\/iro.pk.edu.pl\/pl\/aktualnosci\/stypendia-w-niemczech-gfps-polska\/\" target=\"_self\" rel=\"bookmark noopener noreferrer\">Stypendia w Niemczech &#8211; GFPS-Polska<\/a>\n\t\t\t<\/h3>\n\t\t\t\t\t\t\t<div class='uagb-post__text uagb-post__excerpt'>\n\t\t\t\t\t<p>GFPS-Polska&nbsp;zaprasza student\u00f3w oraz doktorant\u00f3w i asystent\u00f3w naukowych&nbsp;wszystkich kierunk\u00f3w&nbsp;z Polski do sk\u0142adania wniosk\u00f3w o stypendium w Niemczech&nbsp;na semestr letni 2026. roku akademickiego. Termin zg\u0142osze\u0144 up\u0142ywa 31.10.2025&#8230;.\t\t\t\t<\/div>\n\t\t\t\t\t\t<div class='uagb-post__text uagb-post-grid-byline'>\n\t\t\t\t\t\t\t\t<time datetime=\"2025-09-17T10:03:31+02:00\" class=\"uagb-post__date\">\n\t\t\t\t\t\t\t\t\t2025-09-17\t\t\t\t<\/time>\n\t\t\t\t\t\t<\/div>\n\t\t\t\n\t\t\t\t\t\t\t\t\t<\/article>\n\t\t\t\t\t\t\t\t\t\t\t\t\t\t\t\t<article class=\"uagb-post__inner-wrap\">\t\t\t\t\t\t\t\t<h3 class=\"uagb-post__title uagb-post__text\">\n\t\t\t\t<a href=\"https:\/\/iro.pk.edu.pl\/pl\/aktualnosci\/short-term-fellowship-program-for-international-students-at-iit-indore\/\" target=\"_self\" rel=\"bookmark noopener noreferrer\">Short-Term Fellowship Program for International Students at IIT Indore<\/a>\n\t\t\t<\/h3>\n\t\t\t\t\t\t\t<div class='uagb-post__text uagb-post__excerpt'>\n\t\t\t\t\t<p>Zapraszamy do zapoznania si\u0119 z ofert\u0105 przygotowan\u0105 przez Indian Institute of Technology Indore \u2013 presti\u017cow\u0105 uczelni\u0119 techniczn\u0105 w Indiach \u2013 skierowan\u0105 do student\u00f3w zagranicznych: Semester&#8230;\t\t\t\t<\/div>\n\t\t\t\t\t\t<div class='uagb-post__text uagb-post-grid-byline'>\n\t\t\t\t\t\t\t\t<time datetime=\"2025-07-24T10:17:43+02:00\" class=\"uagb-post__date\">\n\t\t\t\t\t\t\t\t\t2025-07-24\t\t\t\t<\/time>\n\t\t\t\t\t\t<\/div>\n\t\t\t\n\t\t\t\t\t\t\t\t\t<\/article>\n\t\t\t\t\t\t\t\t\t\t\t\t\t\t\t\t<article class=\"uagb-post__inner-wrap\">\t\t\t\t\t\t\t\t<h3 class=\"uagb-post__title uagb-post__text\">\n\t\t\t\t<a href=\"https:\/\/iro.pk.edu.pl\/pl\/aktualnosci\/platne-staze-heig-vd-w-yverdon-les-bains-szwajcaria\/\" target=\"_self\" rel=\"bookmark noopener noreferrer\">P\u0142atne sta\u017ce \u2013 HEIG-VD w Yverdon-les-Bains (Szwajcaria)<\/a>\n\t\t\t<\/h3>\n\t\t\t\t\t\t\t<div class='uagb-post__text uagb-post__excerpt'>\n\t\t\t\t\t<p>Oferta skierowana jest do student\u00f3w studi\u00f3w I i II stopnia, pragn\u0105cych odby\u0107 sta\u017c lub zebra\u0107 materia\u0142y do pracy dyplomowej (in\u017cynierskiej lub magisterskiej) i dotyczy wyjazd\u00f3w&#8230;\t\t\t\t<\/div>\n\t\t\t\t\t\t<div class='uagb-post__text uagb-post-grid-byline'>\n\t\t\t\t\t\t\t\t<time datetime=\"2025-05-22T11:53:39+02:00\" class=\"uagb-post__date\">\n\t\t\t\t\t\t\t\t\t2025-05-22\t\t\t\t<\/time>\n\t\t\t\t\t\t<\/div>\n\t\t\t\n\t\t\t\t\t\t\t\t\t<\/article>\n\t\t\t\t\t\t\t\t\t\t\t\t\t\t\t\t<article class=\"uagb-post__inner-wrap\">\t\t\t\t\t\t\t\t<h3 class=\"uagb-post__title uagb-post__text\">\n\t\t\t\t<a href=\"https:\/\/iro.pk.edu.pl\/pl\/aktualnosci\/nabor-na-wyjazdy-semestralne-do-uczelni-partnerskich\/\" target=\"_self\" rel=\"bookmark noopener noreferrer\">NAB\u00d3R NA WYJAZDY SEMESTRALNE DO UCZELNI PARTNERSKICH<\/a>\n\t\t\t<\/h3>\n\t\t\t\t\t\t\t<div class='uagb-post__text uagb-post__excerpt'>\n\t\t\t\t\t<p>Do 30 marca 2025 r. zapraszamy wszystkich zainteresowanych student\u00f3w I i II stopnia do zg\u0142aszania si\u0119 na wyjazdy na studia semestralne w ramach um\u00f3w bilateralnych&#8230;\t\t\t\t<\/div>\n\t\t\t\t\t\t<div class='uagb-post__text uagb-post-grid-byline'>\n\t\t\t\t\t\t\t\t<time datetime=\"2025-03-03T12:30:03+01:00\" class=\"uagb-post__date\">\n\t\t\t\t\t\t\t\t\t2025-03-03\t\t\t\t<\/time>\n\t\t\t\t\t\t<\/div>\n\t\t\t\n\t\t\t\t\t\t\t\t\t<\/article>\n\t\t\t\t\t\t\t\t\t\t\t\t\t\t\t\t<article class=\"uagb-post__inner-wrap\">\t\t\t\t\t\t\t\t<h3 class=\"uagb-post__title uagb-post__text\">\n\t\t\t\t<a href=\"https:\/\/iro.pk.edu.pl\/pl\/aktualnosci\/spotkanie-z-konsulem-generalnym-francji-i-przedstawicielka-campus-france\/\" target=\"_self\" rel=\"bookmark noopener noreferrer\">Spotkanie z Konsulem Generalnym Francji i przedstawicielk\u0105 Campus France<\/a>\n\t\t\t<\/h3>\n\t\t\t\t\t\t\t<div class='uagb-post__text uagb-post__excerpt'>\n\t\t\t\t\t<p>Dzia\u0142 Wsp\u00f3\u0142pracy Mi\u0119dzynarodowej zaprasza na spotkanie z Konsulem Generalnym Francji i przedstawicielk\u0105 Campus France wszystkich zainteresowanych mo\u017cliwo\u015bciami podj\u0119cia studi\u00f3w, realizacji projekt\u00f3w badawczych, kszta\u0142cenia si\u0119 na&#8230;\t\t\t\t<\/div>\n\t\t\t\t\t\t<div class='uagb-post__text uagb-post-grid-byline'>\n\t\t\t\t\t\t\t\t<time datetime=\"2024-11-27T13:59:15+01:00\" class=\"uagb-post__date\">\n\t\t\t\t\t\t\t\t\t2024-11-27\t\t\t\t<\/time>\n\t\t\t\t\t\t<\/div>\n\t\t\t\n\t\t\t\t\t\t\t\t\t<\/article>\n\t\t\t\t\t\t\t\t\t\t\t\t\t\t\t\t<article class=\"uagb-post__inner-wrap\">\t\t\t\t\t\t\t\t<h3 class=\"uagb-post__title uagb-post__text\">\n\t\t\t\t<a href=\"https:\/\/iro.pk.edu.pl\/pl\/aktualnosci\/program-vulcanus-in-japan-edycja-2025-2026\/\" target=\"_self\" rel=\"bookmark noopener noreferrer\">PROGRAM VULCANUS IN JAPAN \u2013 EDYCJA 2025 -2026<\/a>\n\t\t\t<\/h3>\n\t\t\t\t\t\t\t<div class='uagb-post__text uagb-post__excerpt'>\n\t\t\t\t\t<p>Program VULCANUS IN JAPAN oferuje p\u0142atne sta\u017ce w firmach z bran\u017cy przemys\u0142owej w Japonii obywatelom pa\u0144stw cz\u0142onkowskich UE lub obywatelom kraj\u00f3w stowarzyszonych z programem Jednolitego&#8230;\t\t\t\t<\/div>\n\t\t\t\t\t\t<div class='uagb-post__text uagb-post-grid-byline'>\n\t\t\t\t\t\t\t\t<time datetime=\"2024-11-21T15:02:16+01:00\" class=\"uagb-post__date\">\n\t\t\t\t\t\t\t\t\t2024-11-21\t\t\t\t<\/time>\n\t\t\t\t\t\t<\/div>\n\t\t\t\n\t\t\t\t\t\t\t\t\t<\/article>\n\t\t\t\t\t\t\t\t\t\t\t\t\t\t\t\t<article class=\"uagb-post__inner-wrap\">\t\t\t\t\t\t\t\t<h3 class=\"uagb-post__title uagb-post__text\">\n\t\t\t\t<a href=\"https:\/\/iro.pk.edu.pl\/pl\/aktualnosci\/platne-staze-heig-vd-in-yverdon-les-bains-szwajcaria\/\" target=\"_self\" rel=\"bookmark noopener noreferrer\">P\u0142atne Sta\u017ce\u00a0&#8211; HEIG-VD in Yverdon-les-Bains (Szwajcaria)<\/a>\n\t\t\t<\/h3>\n\t\t\t\t\t\t\t<div class='uagb-post__text uagb-post__excerpt'>\n\t\t\t\t\t<p>Oferta skierowana jest do student\u00f3w I i II stopnia pragn\u0105cych odby\u0107 sta\u017c lub w celu zebrania materia\u0142\u00f3w do pracy dyplomowej. Lista projekt\u00f3w naukowych oferowanych przez&#8230;\t\t\t\t<\/div>\n\t\t\t\t\t\t<div class='uagb-post__text uagb-post-grid-byline'>\n\t\t\t\t\t\t\t\t<time datetime=\"2024-11-13T14:25:40+01:00\" class=\"uagb-post__date\">\n\t\t\t\t\t\t\t\t\t2024-11-13\t\t\t\t<\/time>\n\t\t\t\t\t\t<\/div>\n\t\t\t\n\t\t\t\t\t\t\t\t\t<\/article>\n\t\t\t\t\t\t\t\t\t\t\t\t\t\t\t\t<article class=\"uagb-post__inner-wrap\">\t\t\t\t\t\t\t\t<h3 class=\"uagb-post__title uagb-post__text\">\n\t\t\t\t<a href=\"https:\/\/iro.pk.edu.pl\/pl\/aktualnosci\/the-baltic-sea-region-hackathon-b_hack-2024\/\" target=\"_self\" rel=\"bookmark noopener noreferrer\">The Baltic Sea Region Hackathon [#b_hack] 2024<\/a>\n\t\t\t<\/h3>\n\t\t\t\t\t\t\t<div class='uagb-post__text uagb-post__excerpt'>\n\t\t\t\t\t<p>Hackaton, odb\u0119dzie si\u0119 w Lubece w Niemczech, w dniach 18\u201321 lipca 2024 r. i po\u015bwi\u0119cony b\u0119dzie tematowi \u201ePrzekraczanie Granic, Kszta\u0142towanie Przysz\u0142o\u015bci\u201d.Wydarzenie adresowane jest do innowacyjnie&#8230;\t\t\t\t<\/div>\n\t\t\t\t\t\t<div class='uagb-post__text uagb-post-grid-byline'>\n\t\t\t\t\t\t\t\t<time datetime=\"2024-05-06T12:10:22+02:00\" class=\"uagb-post__date\">\n\t\t\t\t\t\t\t\t\t2024-05-06\t\t\t\t<\/time>\n\t\t\t\t\t\t<\/div>\n\t\t\t\n\t\t\t\t\t\t\t\t\t<\/article>\n\t\t\t\t\t\t\t\t\t\t\t\t\t<div class=\"uagb-post-pagination-wrap\">\n\t\t\t\t\t\t<span aria-current=\"page\" class=\"page-numbers current\">1<\/span>\n<a class=\"page-numbers\" href=\"https:\/\/iro.pk.edu.pl\/pl\/wp-json\/wp\/v2\/pages\/102\/page\/2\/\">2<\/a>\n<a class=\"page-numbers\" href=\"https:\/\/iro.pk.edu.pl\/pl\/wp-json\/wp\/v2\/pages\/102\/page\/3\/\">3<\/a>\n<a class=\"next page-numbers\" href=\"https:\/\/iro.pk.edu.pl\/pl\/wp-json\/wp\/v2\/pages\/102\/page\/2\/\">\u00bb<\/a>\t\t\t\t\t<\/div>\n\t\t\t\t\t\t\t\t<\/div>\n\t\t\t\n\n\n<div style=\"height:50px\" aria-hidden=\"true\" class=\"wp-block-spacer uag-hide-desktop uag-hide-tab\"><\/div>\n<\/div>\n","protected":false},"excerpt":{"rendered":"","protected":false},"author":916,"featured_media":20068,"parent":0,"menu_order":0,"comment_status":"closed","ping_status":"closed","template":"","meta":{"_acf_changed":false,"inline_featured_image":false,"_uag_custom_page_level_css":"","site-sidebar-layout":"default","site-content-layout":"","ast-site-content-layout":"default","site-content-style":"default","site-sidebar-style":"default","ast-global-header-display":"","ast-banner-title-visibility":"","ast-main-header-display":"","ast-hfb-above-header-display":"","ast-hfb-below-header-display":"","ast-hfb-mobile-header-display":"","site-post-title":"","ast-breadcrumbs-content":"","ast-featured-img":"","footer-sml-layout":"","ast-disable-related-posts":"","theme-transparent-header-meta":"","adv-header-id-meta":"","stick-header-meta":"","header-above-stick-meta":"","header-main-stick-meta":"","header-below-stick-meta":"","astra-migrate-meta-layouts":"set","ast-page-background-enabled":"default","ast-page-background-meta":{"desktop":{"background-color":"var(--ast-global-color-4)","background-image":"","background-repeat":"repeat","background-position":"center center","background-size":"auto","background-attachment":"scroll","background-type":"","background-media":"","overlay-type":"","overlay-color":"","overlay-opacity":"","overlay-gradient":""},"tablet":{"background-color":"","background-image":"","background-repeat":"repeat","background-position":"center center","background-size":"auto","background-attachment":"scroll","background-type":"","background-media":"","overlay-type":"","overlay-color":"","overlay-opacity":"","overlay-gradient":""},"mobile":{"background-color":"","background-image":"","background-repeat":"repeat","background-position":"center center","background-size":"auto","background-attachment":"scroll","background-type":"","background-media":"","overlay-type":"","overlay-color":"","overlay-opacity":"","overlay-gradient":""}},"ast-content-background-meta":{"desktop":{"background-color":"var(--ast-global-color-5)","background-image":"","background-repeat":"repeat","background-position":"center center","background-size":"auto","background-attachment":"scroll","background-type":"","background-media":"","overlay-type":"","overlay-color":"","overlay-opacity":"","overlay-gradient":""},"tablet":{"background-color":"var(--ast-global-color-5)","background-image":"","background-repeat":"repeat","background-position":"center center","background-size":"auto","background-attachment":"scroll","background-type":"","background-media":"","overlay-type":"","overlay-color":"","overlay-opacity":"","overlay-gradient":""},"mobile":{"background-color":"var(--ast-global-color-5)","background-image":"","background-repeat":"repeat","background-position":"center center","background-size":"auto","background-attachment":"scroll","background-type":"","background-media":"","overlay-type":"","overlay-color":"","overlay-opacity":"","overlay-gradient":""}},"footnotes":""},"class_list":["post-102","page","type-page","status-publish","has-post-thumbnail","hentry"],"acf":[],"featured_image_src":"https:\/\/iro.pk.edu.pl\/wp-content\/uploads\/2024\/03\/niebieskie-tlo-symbol.png","uagb_featured_image_src":{"full":["https:\/\/iro.pk.edu.pl\/wp-content\/uploads\/2024\/03\/niebieskie-tlo-symbol.png",1200,675,false],"thumbnail":["https:\/\/iro.pk.edu.pl\/wp-content\/uploads\/2024\/03\/niebieskie-tlo-symbol-150x150.png",150,150,true],"medium":["https:\/\/iro.pk.edu.pl\/wp-content\/uploads\/2024\/03\/niebieskie-tlo-symbol-300x169.png",300,169,true],"medium_large":["https:\/\/iro.pk.edu.pl\/wp-content\/uploads\/2024\/03\/niebieskie-tlo-symbol-768x432.png",768,432,true],"large":["https:\/\/iro.pk.edu.pl\/wp-content\/uploads\/2024\/03\/niebieskie-tlo-symbol-1024x576.png",1024,576,true],"1536x1536":["https:\/\/iro.pk.edu.pl\/wp-content\/uploads\/2024\/03\/niebieskie-tlo-symbol.png",1200,675,false],"2048x2048":["https:\/\/iro.pk.edu.pl\/wp-content\/uploads\/2024\/03\/niebieskie-tlo-symbol.png",1200,675,false]},"uagb_author_info":{"display_name":"dkluczynski","author_link":"https:\/\/iro.pk.edu.pl\/pl\/author\/dkluczynski\/"},"uagb_comment_info":0,"uagb_excerpt":null,"_links":{"self":[{"href":"https:\/\/iro.pk.edu.pl\/pl\/wp-json\/wp\/v2\/pages\/102","targetHints":{"allow":["GET"]}}],"collection":[{"href":"https:\/\/iro.pk.edu.pl\/pl\/wp-json\/wp\/v2\/pages"}],"about":[{"href":"https:\/\/iro.pk.edu.pl\/pl\/wp-json\/wp\/v2\/types\/page"}],"author":[{"embeddable":true,"href":"https:\/\/iro.pk.edu.pl\/pl\/wp-json\/wp\/v2\/users\/916"}],"replies":[{"embeddable":true,"href":"https:\/\/iro.pk.edu.pl\/pl\/wp-json\/wp\/v2\/comments?post=102"}],"version-history":[{"count":1,"href":"https:\/\/iro.pk.edu.pl\/pl\/wp-json\/wp\/v2\/pages\/102\/revisions"}],"predecessor-version":[{"id":24150,"href":"https:\/\/iro.pk.edu.pl\/pl\/wp-json\/wp\/v2\/pages\/102\/revisions\/24150"}],"wp:featuredmedia":[{"embeddable":true,"href":"https:\/\/iro.pk.edu.pl\/pl\/wp-json\/wp\/v2\/media\/20068"}],"wp:attachment":[{"href":"https:\/\/iro.pk.edu.pl\/pl\/wp-json\/wp\/v2\/media?parent=102"}],"curies":[{"name":"wp","href":"https:\/\/api.w.org\/{rel}","templated":true}]}}