{"id":12494,"date":"2023-08-10T13:54:16","date_gmt":"2023-08-10T11:54:16","guid":{"rendered":"https:\/\/iro.pk.edu.pl\/?page_id=12494"},"modified":"2023-08-10T13:56:51","modified_gmt":"2023-08-10T11:56:51","slug":"mapa-strony","status":"publish","type":"page","link":"https:\/\/iro.pk.edu.pl\/pl\/mapa-strony\/","title":{"rendered":"Mapa strony"},"content":{"rendered":"<ul class=\"block-site-map wp-block-page-list\"><li class=\"wp-block-pages-list__item\"><a class=\"wp-block-pages-list__item__link\" href=\"https:\/\/iro.pk.edu.pl\/pl\/aktualnosci\/\">Aktualno\u015bci<\/a><\/li><li class=\"wp-block-pages-list__item\"><a class=\"wp-block-pages-list__item__link\" href=\"https:\/\/iro.pk.edu.pl\/pl\/deklaracja-dostepnosci\/\">Deklaracja dost\u0119pno\u015bci<\/a><\/li><li class=\"wp-block-pages-list__item\"><a class=\"wp-block-pages-list__item__link\" href=\"https:\/\/iro.pk.edu.pl\/pl\/dokumenty-potwierdzajace-znajomosc-jezyka\/\">Dokumenty potwierdzaj\u0105ce znajomo\u015b\u0107 j\u0119zyka<\/a><\/li><li class=\"wp-block-pages-list__item\"><a class=\"wp-block-pages-list__item__link\" href=\"https:\/\/iro.pk.edu.pl\/pl\/informacje-dla-kandydatow\/\">Informacje dla kandydat\u00f3w<\/a><\/li><li class=\"wp-block-pages-list__item\"><a class=\"wp-block-pages-list__item__link\" href=\"https:\/\/iro.pk.edu.pl\/pl\/kalendarz-akademicki-2023-2024\/\">KALENDARZ AKADEMICKI 2025\/2026<\/a><\/li><li class=\"wp-block-pages-list__item\"><a class=\"wp-block-pages-list__item__link\" href=\"https:\/\/iro.pk.edu.pl\/pl\/knu-relacja-uczestnikow-wymiany\/\">KNU \u2013 relacja uczestnik\u00f3w wymiany<\/a><\/li><li class=\"wp-block-pages-list__item\"><a class=\"wp-block-pages-list__item__link\" href=\"https:\/\/iro.pk.edu.pl\/pl\/kryteria-kwalifikacyjne-na-studia-rozpoczynajace-sie-w-pazdzierniku-w-roku-akademickim-2024-25\/\">Kryteria kwalifikacyjne obowi\u0105zuj\u0105ce w roku akademickim 2025\/26<\/a><\/li><li class=\"wp-block-pages-list__item\"><a class=\"wp-block-pages-list__item__link\" href=\"https:\/\/iro.pk.edu.pl\/pl\/ma-in-landscape-architecture\/\">MA in Landscape Architecture<\/a><\/li><li class=\"wp-block-pages-list__item\"><a class=\"wp-block-pages-list__item__link\" href=\"https:\/\/iro.pk.edu.pl\/pl\/mapa-strony\/\">Mapa strony<\/a><\/li><li class=\"wp-block-pages-list__item has-child\"><a class=\"wp-block-pages-list__item__link\" href=\"https:\/\/iro.pk.edu.pl\/pl\/o-nas\/\">O nas<\/a><ul class=\"wp-block-navigation__submenu-container\"><li class=\"wp-block-pages-list__item \"><a class=\"wp-block-pages-list__item__link\" href=\"https:\/\/iro.pk.edu.pl\/pl\/o-nas\/jak-zostac-studentem-pk\/\">Jak zosta\u0107 studentem PK<\/a><\/li><li class=\"wp-block-pages-list__item \"><a class=\"wp-block-pages-list__item__link\" href=\"https:\/\/iro.pk.edu.pl\/pl\/o-nas\/kontakt\/\">Kontakt<\/a><\/li><li class=\"wp-block-pages-list__item \"><a class=\"wp-block-pages-list__item__link\" href=\"https:\/\/iro.pk.edu.pl\/pl\/o-nas\/studia-i-i-ii-stopnia\/\">Studia I i II stopnia<\/a><\/li><li class=\"wp-block-pages-list__item \"><a class=\"wp-block-pages-list__item__link\" href=\"https:\/\/iro.pk.edu.pl\/pl\/o-nas\/wspolpraca-miedzynarodowa-pk\/\">Wsp\u00f3\u0142praca mi\u0119dzynarodowa PK<\/a><\/li><\/ul><\/li><li class=\"wp-block-pages-list__item has-child\"><a class=\"wp-block-pages-list__item__link\" href=\"https:\/\/iro.pk.edu.pl\/pl\/pliki-do-pobrania\/\">Pliki do pobrania<\/a><ul class=\"wp-block-navigation__submenu-container\"><li class=\"wp-block-pages-list__item \"><a class=\"wp-block-pages-list__item__link\" href=\"https:\/\/iro.pk.edu.pl\/pl\/pliki-do-pobrania\/wzory-umow-podpisywanych-z-cudzoziemcami-przyjetymi-na-studia-w-politechnice-krakowskiej\/\">Wzory um\u00f3w podpisywanych z cudzoziemcami przyj\u0119tymi na studia w Politechnice Krakowskiej<\/a><\/li><\/ul><\/li><li class=\"wp-block-pages-list__item\"><a class=\"wp-block-pages-list__item__link\" href=\"https:\/\/iro.pk.edu.pl\/pl\/polityka-cookies\/\">Polityka cookies<\/a><\/li><li class=\"wp-block-pages-list__item\"><a class=\"wp-block-pages-list__item__link\" href=\"https:\/\/iro.pk.edu.pl\/pl\/polityka-prywatnosci\/\">Polityka prywatno\u015bci<\/a><\/li><li class=\"wp-block-pages-list__item\"><a class=\"wp-block-pages-list__item__link\" href=\"https:\/\/iro.pk.edu.pl\/pl\/portfolio-for-ma-in-landscape-architecture\/\">Portfolio for MA in Landscape Architecture<\/a><\/li><li class=\"wp-block-pages-list__item has-child\"><a class=\"wp-block-pages-list__item__link\" href=\"https:\/\/iro.pk.edu.pl\/pl\/pracownicy\/\">Pracownicy<\/a><ul class=\"wp-block-navigation__submenu-container\"><li class=\"wp-block-pages-list__item \"><a class=\"wp-block-pages-list__item__link\" href=\"https:\/\/iro.pk.edu.pl\/pl\/pracownicy\/programy-nawa-dla-instytucji\/\">Programy NAWA dla instytucji<\/a><\/li><li class=\"wp-block-pages-list__item \"><a class=\"wp-block-pages-list__item__link\" href=\"https:\/\/iro.pk.edu.pl\/pl\/pracownicy\/programy-nawa-dla-naukowcow\/\">Programy NAWA dla naukowc\u00f3w<\/a><\/li><li class=\"wp-block-pages-list__item \"><a class=\"wp-block-pages-list__item__link\" href=\"https:\/\/iro.pk.edu.pl\/pl\/pracownicy\/programy-stypendialne-pracownikow\/\">Programy stypendialne dla pracownik\u00f3w<\/a><\/li><li class=\"wp-block-pages-list__item \"><a class=\"wp-block-pages-list__item__link\" href=\"https:\/\/iro.pk.edu.pl\/pl\/pracownicy\/wyjazdy-zagraniczne\/\">Wyjazdy zagraniczne<\/a><\/li><li class=\"wp-block-pages-list__item \"><a class=\"wp-block-pages-list__item__link\" href=\"https:\/\/iro.pk.edu.pl\/pl\/pracownicy\/zagraniczne-systemy-szkolnictwa-wyzszego\/\">Zagraniczne systemy szkolnictwa wy\u017cszego<\/a><\/li><\/ul><\/li><li class=\"wp-block-pages-list__item menu-item-home\"><a class=\"wp-block-pages-list__item__link\" href=\"https:\/\/iro.pk.edu.pl\/pl\/\">Strona g\u0142\u00f3wna<\/a><\/li><li class=\"wp-block-pages-list__item has-child\"><a class=\"wp-block-pages-list__item__link\" href=\"https:\/\/iro.pk.edu.pl\/pl\/studenci\/\">Studenci<\/a><ul class=\"wp-block-navigation__submenu-container\"><li class=\"wp-block-pages-list__item has-child \"><a class=\"wp-block-pages-list__item__link\" href=\"https:\/\/iro.pk.edu.pl\/pl\/studenci\/programy-stypendialne\/\">Programy stypendialne<\/a><ul class=\"wp-block-navigation__submenu-container\"><li class=\"wp-block-pages-list__item \"><a class=\"wp-block-pages-list__item__link\" href=\"https:\/\/iro.pk.edu.pl\/pl\/studenci\/programy-stypendialne\/ceepus\/\">CEEPUS<\/a><\/li><li class=\"wp-block-pages-list__item \"><a class=\"wp-block-pages-list__item__link\" href=\"https:\/\/iro.pk.edu.pl\/pl\/studenci\/programy-stypendialne\/daad-stypendia-dla-doktorantow-i-mlodych-naukowcow\/\">DAAD &#8211; Stypendia dla doktorant\u00f3w i m\u0142odych naukowc\u00f3w<\/a><\/li><li class=\"wp-block-pages-list__item \"><a class=\"wp-block-pages-list__item__link\" href=\"https:\/\/iro.pk.edu.pl\/pl\/studenci\/programy-stypendialne\/daad-stypendia-dla-studentow-i-absolwentow\/\">DAAD &#8211; Stypendia dla student\u00f3w i absolwent\u00f3w<\/a><\/li><li class=\"wp-block-pages-list__item \"><a class=\"wp-block-pages-list__item__link\" href=\"https:\/\/iro.pk.edu.pl\/pl\/studenci\/programy-stypendialne\/international-visegrad-fund\/\">International Visegrad Fund<\/a><\/li><li class=\"wp-block-pages-list__item \"><a class=\"wp-block-pages-list__item__link\" href=\"https:\/\/iro.pk.edu.pl\/pl\/studenci\/programy-stypendialne\/programy-nawa\/\">Programy NAWA<\/a><\/li><li class=\"wp-block-pages-list__item \"><a class=\"wp-block-pages-list__item__link\" href=\"https:\/\/iro.pk.edu.pl\/pl\/studenci\/programy-stypendialne\/stypendia-fulbrighta\/\">Stypendia Fulbrighta<\/a><\/li><li class=\"wp-block-pages-list__item \"><a class=\"wp-block-pages-list__item__link\" href=\"https:\/\/iro.pk.edu.pl\/pl\/studenci\/programy-stypendialne\/vulcanus-in-japan\/\">Vulcanus in Japan<\/a><\/li><\/ul><\/li><li class=\"wp-block-pages-list__item \"><a class=\"wp-block-pages-list__item__link\" href=\"https:\/\/iro.pk.edu.pl\/pl\/studenci\/szkoly-letnie-zimowe-2023\/\">Szko\u0142y letnie \/ zimowe 2023<\/a><\/li><li class=\"wp-block-pages-list__item has-child \"><a class=\"wp-block-pages-list__item__link\" href=\"https:\/\/iro.pk.edu.pl\/pl\/studenci\/wymiana-studencka\/\">Wymiana studencka<\/a><ul class=\"wp-block-navigation__submenu-container\"><li class=\"wp-block-pages-list__item \"><a class=\"wp-block-pages-list__item__link\" href=\"https:\/\/iro.pk.edu.pl\/pl\/studenci\/wymiana-studencka\/nchu\/\">NCHU &#8211; relacja uczestnik\u00f3w wymiany<\/a><\/li><li class=\"wp-block-pages-list__item \"><a class=\"wp-block-pages-list__item__link\" href=\"https:\/\/iro.pk.edu.pl\/pl\/studenci\/wymiana-studencka\/nus-relacja-uczestnikow-wymiany\/\">NUS &#8211;  relacja uczestnik\u00f3w wymiany<\/a><\/li><li class=\"wp-block-pages-list__item \"><a class=\"wp-block-pages-list__item__link\" href=\"https:\/\/iro.pk.edu.pl\/pl\/studenci\/wymiana-studencka\/procedura-mobilnosci\/\">Procedura mobilno\u015bci<\/a><\/li><li class=\"wp-block-pages-list__item \"><a class=\"wp-block-pages-list__item__link\" href=\"https:\/\/iro.pk.edu.pl\/pl\/studenci\/wymiana-studencka\/tec-relacja-uczestnikow-wymiany\/\">TEC &#8211; Relacja uczestnik\u00f3w wymiany<\/a><\/li><li class=\"wp-block-pages-list__item \"><a class=\"wp-block-pages-list__item__link\" href=\"https:\/\/iro.pk.edu.pl\/pl\/studenci\/wymiana-studencka\/tjpu-relacja-uczestnikow-wymiany\/\">TJPU &#8211; relacja uczestnik\u00f3w wymiany<\/a><\/li><\/ul><\/li><\/ul><\/li><li class=\"wp-block-pages-list__item has-child\"><a class=\"wp-block-pages-list__item__link\" href=\"https:\/\/iro.pk.edu.pl\/pl\/studia-pelne-inzynierskie-i-magisterskie-w-roku-akademickim-2023-2024\/\">STUDIA PE\u0141NE (in\u017cynierskie i magisterskie)<\/a><ul class=\"wp-block-navigation__submenu-container\"><li class=\"wp-block-pages-list__item \"><a class=\"wp-block-pages-list__item__link\" href=\"https:\/\/iro.pk.edu.pl\/pl\/studia-pelne-inzynierskie-i-magisterskie-w-roku-akademickim-2023-2024\/studia-drugiego-stopnia\/\">STUDIA DRUGIEGO STOPNIA<\/a><\/li><li class=\"wp-block-pages-list__item \"><a class=\"wp-block-pages-list__item__link\" href=\"https:\/\/iro.pk.edu.pl\/pl\/studia-pelne-inzynierskie-i-magisterskie-w-roku-akademickim-2023-2024\/studia-pierwszego-stopnia\/\">STUDIA PIERWSZEGO STOPNIA<\/a><\/li><\/ul><\/li><li class=\"wp-block-pages-list__item\"><a class=\"wp-block-pages-list__item__link\" href=\"https:\/\/iro.pk.edu.pl\/pl\/szkoly-letnie-zimowe\/\">Szko\u0142y letnie\/zimowe<\/a><\/li><li class=\"wp-block-pages-list__item\"><a class=\"wp-block-pages-list__item__link\" href=\"https:\/\/iro.pk.edu.pl\/pl\/unibuddy\/\">Unibuddy<\/a><\/li><li class=\"wp-block-pages-list__item\"><a class=\"wp-block-pages-list__item__link\" href=\"https:\/\/iro.pk.edu.pl\/pl\/wa-oswiadczenia\/\">WA o\u015bwiadczenia<\/a><\/li><li class=\"wp-block-pages-list__item\"><a class=\"wp-block-pages-list__item__link\" href=\"https:\/\/iro.pk.edu.pl\/pl\/wydarzenia\/\">Wydarzenia<\/a><\/li><\/ul>","protected":false},"excerpt":{"rendered":"","protected":false},"author":23,"featured_media":20068,"parent":0,"menu_order":0,"comment_status":"closed","ping_status":"closed","template":"","meta":{"_acf_changed":false,"inline_featured_image":false,"_uag_custom_page_level_css":"","site-sidebar-layout":"default","site-content-layout":"","ast-site-content-layout":"default","site-content-style":"default","site-sidebar-style":"default","ast-global-header-display":"","ast-banner-title-visibility":"","ast-main-header-display":"","ast-hfb-above-header-display":"","ast-hfb-below-header-display":"","ast-hfb-mobile-header-display":"","site-post-title":"","ast-breadcrumbs-content":"","ast-featured-img":"","footer-sml-layout":"","ast-disable-related-posts":"","theme-transparent-header-meta":"","adv-header-id-meta":"","stick-header-meta":"","header-above-stick-meta":"","header-main-stick-meta":"","header-below-stick-meta":"","astra-migrate-meta-layouts":"default","ast-page-background-enabled":"default","ast-page-background-meta":{"desktop":{"background-color":"var(--ast-global-color-4)","background-image":"","background-repeat":"repeat","background-position":"center center","background-size":"auto","background-attachment":"scroll","background-type":"","background-media":"","overlay-type":"","overlay-color":"","overlay-opacity":"","overlay-gradient":""},"tablet":{"background-color":"","background-image":"","background-repeat":"repeat","background-position":"center center","background-size":"auto","background-attachment":"scroll","background-type":"","background-media":"","overlay-type":"","overlay-color":"","overlay-opacity":"","overlay-gradient":""},"mobile":{"background-color":"","background-image":"","background-repeat":"repeat","background-position":"center center","background-size":"auto","background-attachment":"scroll","background-type":"","background-media":"","overlay-type":"","overlay-color":"","overlay-opacity":"","overlay-gradient":""}},"ast-content-background-meta":{"desktop":{"background-color":"var(--ast-global-color-5)","background-image":"","background-repeat":"repeat","background-position":"center center","background-size":"auto","background-attachment":"scroll","background-type":"","background-media":"","overlay-type":"","overlay-color":"","overlay-opacity":"","overlay-gradient":""},"tablet":{"background-color":"var(--ast-global-color-5)","background-image":"","background-repeat":"repeat","background-position":"center center","background-size":"auto","background-attachment":"scroll","background-type":"","background-media":"","overlay-type":"","overlay-color":"","overlay-opacity":"","overlay-gradient":""},"mobile":{"background-color":"var(--ast-global-color-5)","background-image":"","background-repeat":"repeat","background-position":"center center","background-size":"auto","background-attachment":"scroll","background-type":"","background-media":"","overlay-type":"","overlay-color":"","overlay-opacity":"","overlay-gradient":""}},"footnotes":""},"class_list":["post-12494","page","type-page","status-publish","has-post-thumbnail","hentry"],"acf":[],"featured_image_src":"https:\/\/iro.pk.edu.pl\/wp-content\/uploads\/2024\/03\/niebieskie-tlo-symbol.png","uagb_featured_image_src":{"full":["https:\/\/iro.pk.edu.pl\/wp-content\/uploads\/2024\/03\/niebieskie-tlo-symbol.png",1200,675,false],"thumbnail":["https:\/\/iro.pk.edu.pl\/wp-content\/uploads\/2024\/03\/niebieskie-tlo-symbol-150x150.png",150,150,true],"medium":["https:\/\/iro.pk.edu.pl\/wp-content\/uploads\/2024\/03\/niebieskie-tlo-symbol-300x169.png",300,169,true],"medium_large":["https:\/\/iro.pk.edu.pl\/wp-content\/uploads\/2024\/03\/niebieskie-tlo-symbol-768x432.png",768,432,true],"large":["https:\/\/iro.pk.edu.pl\/wp-content\/uploads\/2024\/03\/niebieskie-tlo-symbol-1024x576.png",1024,576,true],"1536x1536":["https:\/\/iro.pk.edu.pl\/wp-content\/uploads\/2024\/03\/niebieskie-tlo-symbol.png",1200,675,false],"2048x2048":["https:\/\/iro.pk.edu.pl\/wp-content\/uploads\/2024\/03\/niebieskie-tlo-symbol.png",1200,675,false]},"uagb_author_info":{"display_name":"","author_link":"https:\/\/iro.pk.edu.pl\/pl\/author\/"},"uagb_comment_info":0,"uagb_excerpt":null,"_links":{"self":[{"href":"https:\/\/iro.pk.edu.pl\/pl\/wp-json\/wp\/v2\/pages\/12494","targetHints":{"allow":["GET"]}}],"collection":[{"href":"https:\/\/iro.pk.edu.pl\/pl\/wp-json\/wp\/v2\/pages"}],"about":[{"href":"https:\/\/iro.pk.edu.pl\/pl\/wp-json\/wp\/v2\/types\/page"}],"author":[{"embeddable":true,"href":"https:\/\/iro.pk.edu.pl\/pl\/wp-json\/wp\/v2\/users\/23"}],"replies":[{"embeddable":true,"href":"https:\/\/iro.pk.edu.pl\/pl\/wp-json\/wp\/v2\/comments?post=12494"}],"version-history":[{"count":0,"href":"https:\/\/iro.pk.edu.pl\/pl\/wp-json\/wp\/v2\/pages\/12494\/revisions"}],"wp:featuredmedia":[{"embeddable":true,"href":"https:\/\/iro.pk.edu.pl\/pl\/wp-json\/wp\/v2\/media\/20068"}],"wp:attachment":[{"href":"https:\/\/iro.pk.edu.pl\/pl\/wp-json\/wp\/v2\/media?parent=12494"}],"curies":[{"name":"wp","href":"https:\/\/api.w.org\/{rel}","templated":true}]}}