{"id":12506,"date":"2023-08-10T14:00:09","date_gmt":"2023-08-10T12:00:09","guid":{"rendered":"https:\/\/iro.pk.edu.pl\/?page_id=12506"},"modified":"2023-12-20T12:53:44","modified_gmt":"2023-12-20T11:53:44","slug":"polityka-cookies","status":"publish","type":"page","link":"https:\/\/iro.pk.edu.pl\/pl\/polityka-cookies\/","title":{"rendered":"Polityka cookies"},"content":{"rendered":"\n<p>Niniejsza witryna korzysta z plik\u00f3w cookie, aby zapewni\u0107 najlepsze do\u015bwiadczenie u\u017cytkownika. Pliki cookie s\u0105 ma\u0142ymi plikami tekstowymi przechowywanymi na Twoim urz\u0105dzeniu, kt\u00f3re pomagaj\u0105 witrynie rozpoznawa\u0107 u\u017cytkownik\u00f3w, dostosowywa\u0107 tre\u015bci i analizowa\u0107 ruch.<\/p>\n\n\n\n<ol class=\"wp-block-list\">\n<li><strong>Rodzaje plik\u00f3w cookie u\u017cywanych na tej stronie:<\/strong>\n<ul class=\"wp-block-list\">\n<li><strong>Niezb\u0119dne pliki cookie:<\/strong>&nbsp;S\u0105 to pliki cookie niezb\u0119dne do prawid\u0142owego funkcjonowania witryny. Bez tych plik\u00f3w niekt\u00f3re funkcje mog\u0105 by\u0107 niedost\u0119pne.<\/li>\n\n\n\n<li><strong>Pliki cookie analityczne:<\/strong>&nbsp;Pozwalaj\u0105 nam analizowa\u0107 korzystanie z witryny, aby\u015bmy mogli dostosowa\u0107 j\u0105 do potrzeb u\u017cytkownik\u00f3w. Te pliki cookie zbieraj\u0105 informacje anonimowo.<\/li>\n\n\n\n<li><strong>Pliki cookie reklamowe:<\/strong>&nbsp;Wykorzystywane s\u0105 do dostarczania spersonalizowanych reklam na podstawie Twoich zainteresowa\u0144. Mog\u0105 by\u0107 udost\u0119pniane przez naszych partner\u00f3w reklamowych.<\/li>\n<\/ul>\n<\/li>\n\n\n\n<li><strong>Zarz\u0105dzanie plikami cookie:<\/strong>\n<ul class=\"wp-block-list\">\n<li>Mo\u017cesz zarz\u0105dza\u0107 ustawieniami plik\u00f3w cookie w ustawieniach swojej przegl\u0105darki.<\/li>\n\n\n\n<li>W ka\u017cdej chwili mo\u017cesz usun\u0105\u0107 pliki cookie zapisane na Twoim urz\u0105dzeniu.<\/li>\n<\/ul>\n<\/li>\n\n\n\n<li><strong>Odmowa plik\u00f3w cookie:<\/strong>\n<ul class=\"wp-block-list\">\n<li>Je\u015bli nie chcesz akceptowa\u0107 plik\u00f3w cookie, mo\u017cesz dostosowa\u0107 ustawienia swojej przegl\u0105darki w taki spos\u00f3b, aby odrzuca\u0142a pliki cookie lub informowa\u0107 Ci\u0119 o ich zapisywaniu.<\/li>\n\n\n\n<li>Odmowa plik\u00f3w cookie mo\u017ce wp\u0142yn\u0105\u0107 na funkcjonalno\u015b\u0107 niekt\u00f3rych cz\u0119\u015bci witryny.<\/li>\n<\/ul>\n<\/li>\n\n\n\n<li><strong>Zgoda:<\/strong>\n<ul class=\"wp-block-list\">\n<li>Korzystaj\u0105c z tej witryny, wyra\u017casz zgod\u0119 na u\u017cywanie plik\u00f3w cookie zgodnie z niniejsz\u0105 polityk\u0105.<\/li>\n<\/ul>\n<\/li>\n\n\n\n<li><strong>Zmiany w polityce plik\u00f3w cookie:<\/strong>\n<ul class=\"wp-block-list\">\n<li>Niniejsza polityka plik\u00f3w cookie mo\u017ce ulec zmianie. Zalecamy regularne sprawdzanie jej tre\u015bci.<\/li>\n<\/ul>\n<\/li>\n<\/ol>\n","protected":false},"excerpt":{"rendered":"<p>Niniejsza witryna korzysta z plik\u00f3w cookie, aby zapewni\u0107 najlepsze do\u015bwiadczenie u\u017cytkownika. Pliki cookie s\u0105 ma\u0142ymi [&hellip;]<\/p>\n","protected":false},"author":23,"featured_media":20068,"parent":0,"menu_order":0,"comment_status":"closed","ping_status":"closed","template":"","meta":{"_acf_changed":false,"inline_featured_image":false,"_uag_custom_page_level_css":"","site-sidebar-layout":"default","site-content-layout":"","ast-site-content-layout":"default","site-content-style":"default","site-sidebar-style":"default","ast-global-header-display":"","ast-banner-title-visibility":"","ast-main-header-display":"","ast-hfb-above-header-display":"","ast-hfb-below-header-display":"","ast-hfb-mobile-header-display":"","site-post-title":"","ast-breadcrumbs-content":"","ast-featured-img":"","footer-sml-layout":"","ast-disable-related-posts":"","theme-transparent-header-meta":"","adv-header-id-meta":"","stick-header-meta":"","header-above-stick-meta":"","header-main-stick-meta":"","header-below-stick-meta":"","astra-migrate-meta-layouts":"set","ast-page-background-enabled":"default","ast-page-background-meta":{"desktop":{"background-color":"var(--ast-global-color-4)","background-image":"","background-repeat":"repeat","background-position":"center center","background-size":"auto","background-attachment":"scroll","background-type":"","background-media":"","overlay-type":"","overlay-color":"","overlay-opacity":"","overlay-gradient":""},"tablet":{"background-color":"","background-image":"","background-repeat":"repeat","background-position":"center center","background-size":"auto","background-attachment":"scroll","background-type":"","background-media":"","overlay-type":"","overlay-color":"","overlay-opacity":"","overlay-gradient":""},"mobile":{"background-color":"","background-image":"","background-repeat":"repeat","background-position":"center center","background-size":"auto","background-attachment":"scroll","background-type":"","background-media":"","overlay-type":"","overlay-color":"","overlay-opacity":"","overlay-gradient":""}},"ast-content-background-meta":{"desktop":{"background-color":"var(--ast-global-color-5)","background-image":"","background-repeat":"repeat","background-position":"center center","background-size":"auto","background-attachment":"scroll","background-type":"","background-media":"","overlay-type":"","overlay-color":"","overlay-opacity":"","overlay-gradient":""},"tablet":{"background-color":"var(--ast-global-color-5)","background-image":"","background-repeat":"repeat","background-position":"center center","background-size":"auto","background-attachment":"scroll","background-type":"","background-media":"","overlay-type":"","overlay-color":"","overlay-opacity":"","overlay-gradient":""},"mobile":{"background-color":"var(--ast-global-color-5)","background-image":"","background-repeat":"repeat","background-position":"center center","background-size":"auto","background-attachment":"scroll","background-type":"","background-media":"","overlay-type":"","overlay-color":"","overlay-opacity":"","overlay-gradient":""}},"footnotes":""},"class_list":["post-12506","page","type-page","status-publish","has-post-thumbnail","hentry"],"acf":[],"featured_image_src":"https:\/\/iro.pk.edu.pl\/wp-content\/uploads\/2024\/03\/niebieskie-tlo-symbol.png","uagb_featured_image_src":{"full":["https:\/\/iro.pk.edu.pl\/wp-content\/uploads\/2024\/03\/niebieskie-tlo-symbol.png",1200,675,false],"thumbnail":["https:\/\/iro.pk.edu.pl\/wp-content\/uploads\/2024\/03\/niebieskie-tlo-symbol-150x150.png",150,150,true],"medium":["https:\/\/iro.pk.edu.pl\/wp-content\/uploads\/2024\/03\/niebieskie-tlo-symbol-300x169.png",300,169,true],"medium_large":["https:\/\/iro.pk.edu.pl\/wp-content\/uploads\/2024\/03\/niebieskie-tlo-symbol-768x432.png",768,432,true],"large":["https:\/\/iro.pk.edu.pl\/wp-content\/uploads\/2024\/03\/niebieskie-tlo-symbol-1024x576.png",1024,576,true],"1536x1536":["https:\/\/iro.pk.edu.pl\/wp-content\/uploads\/2024\/03\/niebieskie-tlo-symbol.png",1200,675,false],"2048x2048":["https:\/\/iro.pk.edu.pl\/wp-content\/uploads\/2024\/03\/niebieskie-tlo-symbol.png",1200,675,false]},"uagb_author_info":{"display_name":"","author_link":"https:\/\/iro.pk.edu.pl\/pl\/author\/"},"uagb_comment_info":0,"uagb_excerpt":"Niniejsza witryna korzysta z plik\u00f3w cookie, aby zapewni\u0107 najlepsze do\u015bwiadczenie u\u017cytkownika. Pliki cookie s\u0105 ma\u0142ymi [&hellip;]","_links":{"self":[{"href":"https:\/\/iro.pk.edu.pl\/pl\/wp-json\/wp\/v2\/pages\/12506","targetHints":{"allow":["GET"]}}],"collection":[{"href":"https:\/\/iro.pk.edu.pl\/pl\/wp-json\/wp\/v2\/pages"}],"about":[{"href":"https:\/\/iro.pk.edu.pl\/pl\/wp-json\/wp\/v2\/types\/page"}],"author":[{"embeddable":true,"href":"https:\/\/iro.pk.edu.pl\/pl\/wp-json\/wp\/v2\/users\/23"}],"replies":[{"embeddable":true,"href":"https:\/\/iro.pk.edu.pl\/pl\/wp-json\/wp\/v2\/comments?post=12506"}],"version-history":[{"count":0,"href":"https:\/\/iro.pk.edu.pl\/pl\/wp-json\/wp\/v2\/pages\/12506\/revisions"}],"wp:featuredmedia":[{"embeddable":true,"href":"https:\/\/iro.pk.edu.pl\/pl\/wp-json\/wp\/v2\/media\/20068"}],"wp:attachment":[{"href":"https:\/\/iro.pk.edu.pl\/pl\/wp-json\/wp\/v2\/media?parent=12506"}],"curies":[{"name":"wp","href":"https:\/\/api.w.org\/{rel}","templated":true}]}}