{"id":12572,"date":"2023-08-18T13:23:56","date_gmt":"2023-08-18T11:23:56","guid":{"rendered":"https:\/\/iro.pk.edu.pl\/?page_id=12572"},"modified":"2026-03-02T14:35:00","modified_gmt":"2026-03-02T13:35:00","slug":"o-nas","status":"publish","type":"page","link":"https:\/\/iro.pk.edu.pl\/pl\/o-nas\/","title":{"rendered":"O nas"},"content":{"rendered":"\n<div class=\"wp-block-columns kafelki_obraz_tytul_wiecej is-layout-flex wp-container-core-columns-is-layout-9b011e30 wp-block-columns-is-layout-flex\" style=\"margin-top:6rem;margin-bottom:6rem\">\n<div class=\"wp-block-column is-layout-flow wp-block-column-is-layout-flow\" style=\"border-bottom-color:#ffd400;border-bottom-width:3px\">\n<figure class=\"wp-block-image size-full has-custom-border\"><img loading=\"lazy\" decoding=\"async\" width=\"570\" height=\"444\" src=\"https:\/\/iro.pk.edu.pl\/wp-content\/uploads\/2023\/07\/niebieskie.jpg\" alt=\"\" class=\"wp-image-3704\" style=\"border-radius:0px\" srcset=\"https:\/\/iro.pk.edu.pl\/wp-content\/uploads\/2023\/07\/niebieskie.jpg 570w, https:\/\/iro.pk.edu.pl\/wp-content\/uploads\/2023\/07\/niebieskie-300x234.jpg 300w\" sizes=\"auto, (max-width: 570px) 100vw, 570px\" \/><\/figure>\n\n\n\n<h4 class=\"wp-block-heading has-text-align-center\" style=\"font-style:normal;font-weight:700;text-transform:uppercase\">Politechnika Krakowska<\/h4>\n\n\n\n<div class=\"wp-block-uagb-buttons uagb-buttons__outer-wrap uagb-btn__default-btn uagb-btn-tablet__default-btn uagb-btn-mobile__default-btn uagb-block-589755b2\"><div class=\"uagb-buttons__wrap uagb-buttons-layout-wrap \">\n<div class=\"wp-block-uagb-buttons-child uagb-buttons__outer-wrap uagb-block-02fd792d wp-block-button\"><div class=\"uagb-button__wrapper\"><a class=\"uagb-buttons-repeater wp-block-button__link\" aria-label=\"\" href=\"https:\/\/iro.pk.edu.pl\/pl\/aktualnosci\/politechnika-krakowska\/\" rel=\"follow noopener\" target=\"_self\" role=\"button\"><div class=\"uagb-button__link\">Czytaj dalej<\/div><\/a><\/div><\/div>\n<\/div><\/div>\n<\/div>\n\n\n\n<div class=\"wp-block-column is-layout-flow wp-block-column-is-layout-flow\" style=\"border-bottom-color:#ffd400;border-bottom-width:3px\">\n<figure class=\"wp-block-image size-large has-custom-border\"><img loading=\"lazy\" decoding=\"async\" width=\"1024\" height=\"683\" src=\"https:\/\/iro.pk.edu.pl\/wp-content\/uploads\/2023\/10\/pexels-fauxels-3184418-2-1024x683.jpg\" alt=\"\" class=\"wp-image-14503\" style=\"border-radius:0px\" srcset=\"https:\/\/iro.pk.edu.pl\/wp-content\/uploads\/2023\/10\/pexels-fauxels-3184418-2-1024x683.jpg 1024w, https:\/\/iro.pk.edu.pl\/wp-content\/uploads\/2023\/10\/pexels-fauxels-3184418-2-300x200.jpg 300w, https:\/\/iro.pk.edu.pl\/wp-content\/uploads\/2023\/10\/pexels-fauxels-3184418-2-768x512.jpg 768w, https:\/\/iro.pk.edu.pl\/wp-content\/uploads\/2023\/10\/pexels-fauxels-3184418-2-391x260.jpg 391w, https:\/\/iro.pk.edu.pl\/wp-content\/uploads\/2023\/10\/pexels-fauxels-3184418-2-1536x1024.jpg 1536w, https:\/\/iro.pk.edu.pl\/wp-content\/uploads\/2023\/10\/pexels-fauxels-3184418-2-2048x1365.jpg 2048w\" sizes=\"auto, (max-width: 1024px) 100vw, 1024px\" \/><\/figure>\n\n\n\n<h4 class=\"wp-block-heading has-text-align-center\" style=\"font-style:normal;font-weight:700;text-transform:uppercase\">Dzia\u0142 Wsp\u00f3\u0142pracy Mi\u0119dzynarodowej<\/h4>\n\n\n\n<div class=\"wp-block-uagb-buttons uagb-buttons__outer-wrap uagb-btn__default-btn uagb-btn-tablet__default-btn uagb-btn-mobile__default-btn uagb-block-ef4e9c59\"><div class=\"uagb-buttons__wrap uagb-buttons-layout-wrap \">\n<div class=\"wp-block-uagb-buttons-child uagb-buttons__outer-wrap uagb-block-32426d7d wp-block-button\"><div class=\"uagb-button__wrapper\"><a class=\"uagb-buttons-repeater wp-block-button__link\" aria-label=\"\" href=\"https:\/\/iro.pk.edu.pl\/pl\/aktualnosci\/dzial-wspolpracy-miedzynarodowej\/\" rel=\"follow noopener\" target=\"_self\" role=\"button\"><div class=\"uagb-button__link\">Czytaj dalej<\/div><\/a><\/div><\/div>\n<\/div><\/div>\n<\/div>\n\n\n\n<div class=\"wp-block-column is-layout-flow wp-block-column-is-layout-flow\" style=\"border-bottom-color:#ffd400;border-bottom-width:3px\">\n<figure class=\"wp-block-image size-full has-custom-border\"><img loading=\"lazy\" decoding=\"async\" width=\"571\" height=\"443\" src=\"https:\/\/iro.pk.edu.pl\/wp-content\/uploads\/2023\/07\/zielone.jpg\" alt=\"\" class=\"wp-image-3710\" style=\"border-radius:0px\" srcset=\"https:\/\/iro.pk.edu.pl\/wp-content\/uploads\/2023\/07\/zielone.jpg 571w, https:\/\/iro.pk.edu.pl\/wp-content\/uploads\/2023\/07\/zielone-300x233.jpg 300w\" sizes=\"auto, (max-width: 571px) 100vw, 571px\" \/><\/figure>\n\n\n\n<h4 class=\"wp-block-heading has-text-align-center\" style=\"font-style:normal;font-weight:700;text-transform:uppercase\">Wydzia\u0142y Politechniki Krakowskiej<\/h4>\n\n\n\n<div class=\"wp-block-uagb-buttons uagb-buttons__outer-wrap uagb-btn__default-btn uagb-btn-tablet__default-btn uagb-btn-mobile__default-btn uagb-block-c16d91c3\"><div class=\"uagb-buttons__wrap uagb-buttons-layout-wrap \">\n<div class=\"wp-block-uagb-buttons-child uagb-buttons__outer-wrap uagb-block-07bf51bc wp-block-button\"><div class=\"uagb-button__wrapper\"><a class=\"uagb-buttons-repeater wp-block-button__link\" aria-label=\"\" href=\"https:\/\/iro.pk.edu.pl\/pl\/aktualnosci\/wydzialy-politechniki-krakowskiej\/\" rel=\"follow noopener\" target=\"_self\" role=\"button\"><div class=\"uagb-button__link\">Czytaj dalej<\/div><\/a><\/div><\/div>\n<\/div><\/div>\n<\/div>\n<\/div>\n\n\n\n<div class=\"wp-block-columns is-layout-flex wp-container-core-columns-is-layout-28f84493 wp-block-columns-is-layout-flex\">\n<div class=\"wp-block-column is-layout-flow wp-block-column-is-layout-flow\" style=\"flex-basis:50%\">\n<h2 class=\"wp-block-heading\">Mo\u017cesz by\u0107 zainteresowany:<\/h2>\n\n\n\n<ul class=\"wp-block-list block_links_list\">\n<li><a href=\"https:\/\/iro.pk.edu.pl\/pl\/o-nas\/jak-zostac-studentem-pk\/\">Jak zosta\u0107 studentem PK<\/a><\/li>\n\n\n\n<li><a href=\"https:\/\/iro.pk.edu.pl\/pl\/o-nas\/studia-i-i-ii-stopnia\/\">Studia I i II stopnia<\/a><\/li>\n\n\n\n<li><a href=\"https:\/\/iro.pk.edu.pl\/pl\/studenci\/wymiana-studencka\/\">Wymiana studencka<\/a><\/li>\n\n\n\n<li><a href=\"https:\/\/iro.pk.edu.pl\/pl\/o-nas\/wspolpraca-miedzynarodowa-pk\/\">Wsp\u00f3\u0142praca mi\u0119dzynarodowa PK<\/a><\/li>\n\n\n\n<li><a href=\"https:\/\/iro.pk.edu.pl\/pl\/o-nas\/kontakt\/\">Kontakt<\/a><\/li>\n<\/ul>\n<\/div>\n\n\n\n<div class=\"wp-block-column is-layout-flow wp-block-column-is-layout-flow\" style=\"flex-basis:50%\">\n<figure class=\"wp-block-image size-large\"><img decoding=\"async\" src=\"https:\/\/iro.pk.edu.pl\/wp-content\/uploads\/2023\/11\/3585379_66224.svg\" alt=\"\" class=\"wp-image-18298\"\/><\/figure>\n<\/div>\n<\/div>\n\n\n\n<div class=\"inherit-container-width wp-block-group aktualnosci_bez_zdjec is-layout-constrained wp-container-core-group-is-layout-a39f2f29 wp-block-group-is-layout-constrained\" style=\"padding-top:3em;padding-right:0%;padding-bottom:3em;padding-left:0%\">\n<div class=\"wp-block-columns is-layout-flex wp-container-core-columns-is-layout-c357d376 wp-block-columns-is-layout-flex\" style=\"margin-bottom:20px\">\n<div class=\"wp-block-column is-layout-flow wp-block-column-is-layout-flow\" style=\"flex-basis:66.66%\">\n<h2 class=\"wp-block-heading\">Pracownicy<\/h2>\n<\/div>\n\n\n\n<div class=\"wp-block-column uag-hide-mob is-layout-flow wp-block-column-is-layout-flow\" style=\"flex-basis:33.33%\"><\/div>\n<\/div>\n\n\n\n\t\t\t<div class=\"wp-block-uagb-post-grid uagb-post-grid  uagb-post__image-position-top uagb-post__image-disabled uagb-block-344ff90b     uagb-post__items uagb-post__columns-4 is-grid uagb-post__columns-tablet-2 uagb-post__columns-mobile-1 uagb-post__equal-height\" data-total=\"1\" style=\"\">\n\n\t\t\t\t\t\t\t\t\t\t\t\t<article class=\"uagb-post__inner-wrap\">\t\t\t\t\t\t\t\t<h3 class=\"uagb-post__title uagb-post__text\">\n\t\t\t\t<a href=\"https:\/\/iro.pk.edu.pl\/pl\/pracownik\/mgr-katarzyna-baron-lisiakiewicz\/\" target=\"_self\" rel=\"bookmark noopener noreferrer\">mgr Katarzyna Baron-Lisiakiewicz<\/a>\n\t\t\t<\/h3>\n\t\t\t\t\t\t\t<div class='uagb-post__text uagb-post__excerpt'>\n\t\t\t\t\t<p>Kierownik Dzia\u0142u Wsp\u00f3\u0142pracy Mi\u0119dzynarodowej Koordynacja dzia\u0142a\u0144 nale\u017c\u0105cych do kompetencji Dzia\u0142u Wsp\u00f3\u0142pracy Mi\u0119dzynarodowej;Koordynacja wymiany w ramach podpisanych przez PK um\u00f3w bilateralnych (poza programem Erasmus) z zagranicznymi&#8230;\t\t\t\t<\/div>\n\t\t\t\t\t\t<div class='uagb-post__text uagb-post-grid-byline'>\n\t\t\t\t\t\t\t<\/div>\n\t\t\t\n\t\t\t\t\t\t\t\t\t<\/article>\n\t\t\t\t\t\t\t\t\t\t\t\t\t\t\t\t<article class=\"uagb-post__inner-wrap\">\t\t\t\t\t\t\t\t<h3 class=\"uagb-post__title uagb-post__text\">\n\t\t\t\t<a href=\"https:\/\/iro.pk.edu.pl\/pl\/pracownik\/mgr-daria-majka-sitko\/\" target=\"_self\" rel=\"bookmark noopener noreferrer\">mgr Daria Majka-Sitko<\/a>\n\t\t\t<\/h3>\n\t\t\t\t\t\t\t<div class='uagb-post__text uagb-post__excerpt'>\n\t\t\t\t\t<p>Uczelniany koordynator programu Erasmus+ Koordynuje wymian\u0119 student\u00f3w i pracownik\u00f3w naukowych w ramach programu Erasmus+ na PK e-mail: erasmus@pk.edu.pl tel. +48 12 628 25 12 https:\/\/erasmus.pk.edu.pl<\/p>\n\t\t\t\t<\/div>\n\t\t\t\t\t\t<div class='uagb-post__text uagb-post-grid-byline'>\n\t\t\t\t\t\t\t<\/div>\n\t\t\t\n\t\t\t\t\t\t\t\t\t<\/article>\n\t\t\t\t\t\t\t\t\t\t\t\t\t\t\t\t<article class=\"uagb-post__inner-wrap\">\t\t\t\t\t\t\t\t<h3 class=\"uagb-post__title uagb-post__text\">\n\t\t\t\t<a href=\"https:\/\/iro.pk.edu.pl\/pl\/pracownik\/mgr-natalia-grzanka\/\" target=\"_self\" rel=\"bookmark noopener noreferrer\">mgr Natalia Grzanka<\/a>\n\t\t\t<\/h3>\n\t\t\t\t\t\t\t<div class='uagb-post__text uagb-post__excerpt'>\n\t\t\t\t\t<p>Obs\u0142uga student\u00f3w zagranicznych studiuj\u0105cych na PK w ramach programu Erasmus+ e-mail: erasmus@pk.edu.pl tel. +48 12 628 25 12 https:\/\/erasmus.pk.edu.pl<\/p>\n\t\t\t\t<\/div>\n\t\t\t\t\t\t<div class='uagb-post__text uagb-post-grid-byline'>\n\t\t\t\t\t\t\t<\/div>\n\t\t\t\n\t\t\t\t\t\t\t\t\t<\/article>\n\t\t\t\t\t\t\t\t\t\t\t\t\t\t\t\t<article class=\"uagb-post__inner-wrap\">\t\t\t\t\t\t\t\t<h3 class=\"uagb-post__title uagb-post__text\">\n\t\t\t\t<a href=\"https:\/\/iro.pk.edu.pl\/pl\/pracownik\/lic-anna-drozd\/\" target=\"_self\" rel=\"bookmark noopener noreferrer\">lic. Anna Drozd<\/a>\n\t\t\t<\/h3>\n\t\t\t\t\t\t\t<div class='uagb-post__text uagb-post__excerpt'>\n\t\t\t\t\t<p>Obs\u0142uga student\u00f3w PK wyje\u017cd\u017caj\u0105cych na wymian\u0119 zagraniczn\u0105 w ramach programu Erasmus+ erasmus@pk.edu.pl tel. +48 12 628 25 12, https:\/\/erasmus.pk.edu.pl<\/p>\n\t\t\t\t<\/div>\n\t\t\t\t\t\t<div class='uagb-post__text uagb-post-grid-byline'>\n\t\t\t\t\t\t\t<\/div>\n\t\t\t\n\t\t\t\t\t\t\t\t\t<\/article>\n\t\t\t\t\t\t\t\t\t\t\t\t\t\t\t\t<article class=\"uagb-post__inner-wrap\">\t\t\t\t\t\t\t\t<h3 class=\"uagb-post__title uagb-post__text\">\n\t\t\t\t<a href=\"https:\/\/iro.pk.edu.pl\/pl\/pracownik\/mgr-justyna-bobek\/\" target=\"_self\" rel=\"bookmark noopener noreferrer\">mgr Justyna Bobek<\/a>\n\t\t\t<\/h3>\n\t\t\t\t\t\t\t<div class='uagb-post__text uagb-post__excerpt'>\n\t\t\t\t\t<p>Rekrutacja cudzoziemc\u00f3w na studia na WIL, WIMiF, WI\u015aiE oraz WIiM Rekrutacja cudzoziemc\u00f3w zainteresowanych podj\u0119ciem studi\u00f3w na PK na Wydziale In\u017cynierii L\u0105dowej (WIL), Wydziale In\u017cynierii Materia\u0142owej&#8230;\t\t\t\t<\/div>\n\t\t\t\t\t\t<div class='uagb-post__text uagb-post-grid-byline'>\n\t\t\t\t\t\t\t<\/div>\n\t\t\t\n\t\t\t\t\t\t\t\t\t<\/article>\n\t\t\t\t\t\t\t\t\t\t\t\t\t\t\t\t<article class=\"uagb-post__inner-wrap\">\t\t\t\t\t\t\t\t<h3 class=\"uagb-post__title uagb-post__text\">\n\t\t\t\t<a href=\"https:\/\/iro.pk.edu.pl\/pl\/pracownik\/mgr-aleksandra-rekuc\/\" target=\"_self\" rel=\"bookmark noopener noreferrer\">mgr Aleksandra Reku\u0107<\/a>\n\t\t\t<\/h3>\n\t\t\t\t\t\t\t<div class='uagb-post__text uagb-post__excerpt'>\n\t\t\t\t\t<p>Obs\u0142uga administracyjna wymiany studenckiej (przyjazdy i wyjazdy) w ramach podpisanych przez PK um\u00f3w bilateralnych poza programem Erasmus.Rozpowszechnianie w\u015br\u00f3d student\u00f3w, doktorant\u00f3w i pracownik\u00f3w naukowych PK informacji&#8230;\t\t\t\t<\/div>\n\t\t\t\t\t\t<div class='uagb-post__text uagb-post-grid-byline'>\n\t\t\t\t\t\t\t<\/div>\n\t\t\t\n\t\t\t\t\t\t\t\t\t<\/article>\n\t\t\t\t\t\t\t\t\t\t\t\t\t\t\t\t<article class=\"uagb-post__inner-wrap\">\t\t\t\t\t\t\t\t<h3 class=\"uagb-post__title uagb-post__text\">\n\t\t\t\t<a href=\"https:\/\/iro.pk.edu.pl\/pl\/pracownik\/nicola-wisniewska\/\" target=\"_self\" rel=\"bookmark noopener noreferrer\">mgr Magdalena Baran<\/a>\n\t\t\t<\/h3>\n\t\t\t\t\t\t\t<div class='uagb-post__text uagb-post__excerpt'>\n\t\t\t\t\t<p>Rekrutacja cudzoziemc\u00f3w na studia na WA, WIEiK oraz WIiTCh Rekrutacja cudzoziemc\u00f3w zainteresowanych podj\u0119ciem studi\u00f3w na PK na Wydziale Architektury (WA), Wydziale In\u017cynierii Elektrycznej i Komputerowej&#8230;\t\t\t\t<\/div>\n\t\t\t\t\t\t<div class='uagb-post__text uagb-post-grid-byline'>\n\t\t\t\t\t\t\t<\/div>\n\t\t\t\n\t\t\t\t\t\t\t\t\t<\/article>\n\t\t\t\t\t\t\t\t\t\t\t\t\t\t\t\t<article class=\"uagb-post__inner-wrap\">\t\t\t\t\t\t\t\t<h3 class=\"uagb-post__title uagb-post__text\">\n\t\t\t\t<a href=\"https:\/\/iro.pk.edu.pl\/pl\/pracownik\/mgr-magdalena-polak\/\" target=\"_self\" rel=\"bookmark noopener noreferrer\">mgr Magdalena Polak<\/a>\n\t\t\t<\/h3>\n\t\t\t\t\t\t\t<div class='uagb-post__text uagb-post__excerpt'>\n\t\t\t\t\t<p>Wsparcie zagranicznych cz\u0142onk\u00f3w spo\u0142eczno\u015bci akademickiej Politechniki Krakowskiej na wszystkich wydzia\u0142ach uczelni &#8211; w tym kandydat\u00f3w na studia, student\u00f3w, doktorant\u00f3w oraz kadry &#8211; w zakresie spraw&#8230;\t\t\t\t<\/div>\n\t\t\t\t\t\t<div class='uagb-post__text uagb-post-grid-byline'>\n\t\t\t\t\t\t\t<\/div>\n\t\t\t\n\t\t\t\t\t\t\t\t\t<\/article>\n\t\t\t\t\t\t\t\t\t\t\t<\/div>\n\t\t\t\n\n\n<div style=\"height:50px\" aria-hidden=\"true\" class=\"wp-block-spacer uag-hide-desktop uag-hide-tab\"><\/div>\n<\/div>\n","protected":false},"excerpt":{"rendered":"<p>Politechnika Krakowska Dzia\u0142 Wsp\u00f3\u0142pracy Mi\u0119dzynarodowej Wydzia\u0142y Politechniki Krakowskiej Mo\u017cesz by\u0107 zainteresowany: Pracownicy<\/p>\n","protected":false},"author":916,"featured_media":20068,"parent":0,"menu_order":0,"comment_status":"closed","ping_status":"closed","template":"","meta":{"_acf_changed":false,"inline_featured_image":false,"_uag_custom_page_level_css":"","site-sidebar-layout":"default","site-content-layout":"","ast-site-content-layout":"default","site-content-style":"default","site-sidebar-style":"default","ast-global-header-display":"","ast-banner-title-visibility":"","ast-main-header-display":"","ast-hfb-above-header-display":"","ast-hfb-below-header-display":"","ast-hfb-mobile-header-display":"","site-post-title":"","ast-breadcrumbs-content":"","ast-featured-img":"","footer-sml-layout":"","ast-disable-related-posts":"","theme-transparent-header-meta":"","adv-header-id-meta":"","stick-header-meta":"","header-above-stick-meta":"","header-main-stick-meta":"","header-below-stick-meta":"","astra-migrate-meta-layouts":"set","ast-page-background-enabled":"default","ast-page-background-meta":{"desktop":{"background-color":"var(--ast-global-color-4)","background-image":"","background-repeat":"repeat","background-position":"center center","background-size":"auto","background-attachment":"scroll","background-type":"","background-media":"","overlay-type":"","overlay-color":"","overlay-opacity":"","overlay-gradient":""},"tablet":{"background-color":"","background-image":"","background-repeat":"repeat","background-position":"center center","background-size":"auto","background-attachment":"scroll","background-type":"","background-media":"","overlay-type":"","overlay-color":"","overlay-opacity":"","overlay-gradient":""},"mobile":{"background-color":"","background-image":"","background-repeat":"repeat","background-position":"center center","background-size":"auto","background-attachment":"scroll","background-type":"","background-media":"","overlay-type":"","overlay-color":"","overlay-opacity":"","overlay-gradient":""}},"ast-content-background-meta":{"desktop":{"background-color":"var(--ast-global-color-5)","background-image":"","background-repeat":"repeat","background-position":"center center","background-size":"auto","background-attachment":"scroll","background-type":"","background-media":"","overlay-type":"","overlay-color":"","overlay-opacity":"","overlay-gradient":""},"tablet":{"background-color":"var(--ast-global-color-5)","background-image":"","background-repeat":"repeat","background-position":"center center","background-size":"auto","background-attachment":"scroll","background-type":"","background-media":"","overlay-type":"","overlay-color":"","overlay-opacity":"","overlay-gradient":""},"mobile":{"background-color":"var(--ast-global-color-5)","background-image":"","background-repeat":"repeat","background-position":"center center","background-size":"auto","background-attachment":"scroll","background-type":"","background-media":"","overlay-type":"","overlay-color":"","overlay-opacity":"","overlay-gradient":""}},"footnotes":""},"class_list":["post-12572","page","type-page","status-publish","has-post-thumbnail","hentry"],"acf":[],"featured_image_src":"https:\/\/iro.pk.edu.pl\/wp-content\/uploads\/2024\/03\/niebieskie-tlo-symbol.png","uagb_featured_image_src":{"full":["https:\/\/iro.pk.edu.pl\/wp-content\/uploads\/2024\/03\/niebieskie-tlo-symbol.png",1200,675,false],"thumbnail":["https:\/\/iro.pk.edu.pl\/wp-content\/uploads\/2024\/03\/niebieskie-tlo-symbol-150x150.png",150,150,true],"medium":["https:\/\/iro.pk.edu.pl\/wp-content\/uploads\/2024\/03\/niebieskie-tlo-symbol-300x169.png",300,169,true],"medium_large":["https:\/\/iro.pk.edu.pl\/wp-content\/uploads\/2024\/03\/niebieskie-tlo-symbol-768x432.png",768,432,true],"large":["https:\/\/iro.pk.edu.pl\/wp-content\/uploads\/2024\/03\/niebieskie-tlo-symbol-1024x576.png",1024,576,true],"1536x1536":["https:\/\/iro.pk.edu.pl\/wp-content\/uploads\/2024\/03\/niebieskie-tlo-symbol.png",1200,675,false],"2048x2048":["https:\/\/iro.pk.edu.pl\/wp-content\/uploads\/2024\/03\/niebieskie-tlo-symbol.png",1200,675,false]},"uagb_author_info":{"display_name":"dkluczynski","author_link":"https:\/\/iro.pk.edu.pl\/pl\/author\/dkluczynski\/"},"uagb_comment_info":0,"uagb_excerpt":"Politechnika Krakowska Dzia\u0142 Wsp\u00f3\u0142pracy Mi\u0119dzynarodowej Wydzia\u0142y Politechniki Krakowskiej Mo\u017cesz by\u0107 zainteresowany: Pracownicy","_links":{"self":[{"href":"https:\/\/iro.pk.edu.pl\/pl\/wp-json\/wp\/v2\/pages\/12572","targetHints":{"allow":["GET"]}}],"collection":[{"href":"https:\/\/iro.pk.edu.pl\/pl\/wp-json\/wp\/v2\/pages"}],"about":[{"href":"https:\/\/iro.pk.edu.pl\/pl\/wp-json\/wp\/v2\/types\/page"}],"author":[{"embeddable":true,"href":"https:\/\/iro.pk.edu.pl\/pl\/wp-json\/wp\/v2\/users\/916"}],"replies":[{"embeddable":true,"href":"https:\/\/iro.pk.edu.pl\/pl\/wp-json\/wp\/v2\/comments?post=12572"}],"version-history":[{"count":2,"href":"https:\/\/iro.pk.edu.pl\/pl\/wp-json\/wp\/v2\/pages\/12572\/revisions"}],"predecessor-version":[{"id":24787,"href":"https:\/\/iro.pk.edu.pl\/pl\/wp-json\/wp\/v2\/pages\/12572\/revisions\/24787"}],"wp:featuredmedia":[{"embeddable":true,"href":"https:\/\/iro.pk.edu.pl\/pl\/wp-json\/wp\/v2\/media\/20068"}],"wp:attachment":[{"href":"https:\/\/iro.pk.edu.pl\/pl\/wp-json\/wp\/v2\/media?parent=12572"}],"curies":[{"name":"wp","href":"https:\/\/api.w.org\/{rel}","templated":true}]}}