{"id":12761,"date":"2023-08-18T13:33:27","date_gmt":"2023-08-18T11:33:27","guid":{"rendered":"https:\/\/iro.pk.edu.pl\/?page_id=12761"},"modified":"2025-02-18T10:47:26","modified_gmt":"2025-02-18T09:47:26","slug":"pracownicy","status":"publish","type":"page","link":"https:\/\/iro.pk.edu.pl\/pl\/pracownicy\/","title":{"rendered":"Pracownicy"},"content":{"rendered":"\n<div class=\"wp-block-columns is-layout-flex wp-container-core-columns-is-layout-28f84493 wp-block-columns-is-layout-flex\">\n<div class=\"wp-block-column is-layout-flow wp-block-column-is-layout-flow\" style=\"flex-basis:65%\"><div class=\"wp-block-ub-content-toggle wp-block-ub-content-toggle-block\" id=\"ub-content-toggle-block-b73389c3-9641-4b25-9b6c-c2f3c7d5dbdd\" data-mobilecollapse=\"false\" data-desktopcollapse=\"true\" data-preventcollapse=\"false\" data-showonlyone=\"true\">\n<div class=\"wp-block-ub-content-toggle-accordion\" style=\"border-color: #f1f1f1; \" id=\"ub-content-toggle-panel-block-1f59ef5e-7a54-41b9-9db8-83ca912691a3\">\n\t\t\t<div class=\"wp-block-ub-content-toggle-accordion-title-wrap\" style=\"background-color: #f1f1f1;\" aria-controls=\"ub-content-toggle-panel-0-b73389c3-9641-4b25-9b6c-c2f3c7d5dbdd\" tabindex=\"0\">\n\t\t\t<p class=\"wp-block-ub-content-toggle-accordion-title ub-content-toggle-title-b73389c3-9641-4b25-9b6c-c2f3c7d5dbdd\" style=\"color: #000000; \">EURAXESS &#8211; europejska sie\u0107 wspieraj\u0105ca mobilno\u015b\u0107 mi\u0119dzynarodow\u0105 naukowc\u00f3w<\/p>\n\t\t\t<div class=\"wp-block-ub-content-toggle-accordion-toggle-wrap right\" style=\"color: #000000;\"><span class=\"wp-block-ub-content-toggle-accordion-state-indicator wp-block-ub-chevron-down\"><\/span><\/div>\n\t\t<\/div>\n\t\t\t<div role=\"region\" aria-expanded=\"false\" class=\"wp-block-ub-content-toggle-accordion-content-wrap ub-hide\" id=\"ub-content-toggle-panel-0-b73389c3-9641-4b25-9b6c-c2f3c7d5dbdd\">\n\n<p>Regionalne Centra Informacji sieci EURAXESS POLAND znajduj\u0105 si\u0119 w 10 miastach Polski, miedzy innymi w Krakowie, z siedzib\u0105 w Politechnice Krakowskiej w\u00a0Centrum Transferu Technologii.<\/p>\n\n\n\n<p>Zadania Sieci EURAXESS POLAND:<\/p>\n\n\n\n<ul class=\"wp-block-list\">\n<li>Udzielanie wskaz\u00f3wek i pomocy pracownikom naukowo-badawczym z Polski, pragn\u0105cym skorzysta\u0107 z istniej\u0105cych mo\u017cliwo\u015bci udzia\u0142u w stypendiach w ramach program\u00f3w Unii Europejskiej;<\/li>\n\n\n\n<li>pomoc polskim instytucjom naukowym i naukowo-badawczym w sprawach zwi\u0105zanych z przyj\u0119ciem zagranicznych naukowc\u00f3w, w publikowaniu ofert pracy dla obcokrajowc\u00f3w oraz dostarczanie informacji o \u017ar\u00f3d\u0142ach pozyskiwania funduszy na stypendia naukowe;<\/li>\n\n\n\n<li>dostarczanie zagranicznym pracownikom badawczo-naukowym przebywaj\u0105cym w Polsce porad na tematy formalno- prawne jak i praktycznych aspekt\u00f3w przyjazdu i pobytu.<\/li>\n<\/ul>\n\n\n\n<p>Na pocz\u0105tku ka\u017cdego miesi\u0105ca na stronie\u00a0<a href=\"https:\/\/www.euraxess.pl\/pl\/poland\/praca-granty\" target=\"_blank\" rel=\"noreferrer noopener\">EURAXESS POLAND<\/a>\u00a0s\u0105 publikowane najnowsze oferty grant\u00f3w na badania i stypendi\u00f3w zagranicznych z r\u00f3\u017cnych kraj\u00f3w, dost\u0119pne dla doktorant\u00f3w i pracownik\u00f3w naukowych.<\/p>\n\n\n\n<p><a href=\"https:\/\/www.transfer.edu.pl\/pl\/euraxess-centre-in-krakow-english-,193.htm?token=8c11d6e7250bff0dc66f834469ede3fd\" target=\"_blank\" rel=\"noreferrer noopener\">Centrum Transferu Technologii PK<\/a><\/p>\n\n<\/div>\n\t\t<\/div>\n\n<div class=\"wp-block-ub-content-toggle-accordion\" style=\"border-color: #f1f1f1; \" id=\"ub-content-toggle-panel-block-766c3a95-5049-4a0a-b8ed-0c829fdee433\">\n\t\t\t<div class=\"wp-block-ub-content-toggle-accordion-title-wrap\" style=\"background-color: #f1f1f1;\" aria-controls=\"ub-content-toggle-panel-1-b73389c3-9641-4b25-9b6c-c2f3c7d5dbdd\" tabindex=\"0\">\n\t\t\t<p class=\"wp-block-ub-content-toggle-accordion-title ub-content-toggle-title-b73389c3-9641-4b25-9b6c-c2f3c7d5dbdd\" style=\"color: #000000; \">Polonium Network<\/p>\n\t\t\t<div class=\"wp-block-ub-content-toggle-accordion-toggle-wrap right\" style=\"color: #000000;\"><span class=\"wp-block-ub-content-toggle-accordion-state-indicator wp-block-ub-chevron-down\"><\/span><\/div>\n\t\t<\/div>\n\t\t\t<div role=\"region\" aria-expanded=\"false\" class=\"wp-block-ub-content-toggle-accordion-content-wrap ub-hide\" id=\"ub-content-toggle-panel-1-b73389c3-9641-4b25-9b6c-c2f3c7d5dbdd\">\n\n<p><strong>Polonium Network<\/strong>\u00a0to mi\u0119dzynarodowa platforma stworzona przez Fundacj\u0119 Polonium.<br>Platforma ma s\u0142u\u017cy\u0107 budowaniu sieci kontakt\u00f3w, wsp\u00f3\u0142pracy naukowej oraz bie\u017c\u0105cej wymianie informacji, oraz \u0142\u0105czy\u0107 polskich naukowc\u00f3w ze wszystkich sektor\u00f3w i dyscyplin, pracuj\u0105cych na ca\u0142ym \u015bwiecie, oraz mi\u0119dzynarodowych naukowc\u00f3w zainteresowanych wsp\u00f3\u0142prac\u0105 z polskimi naukowcami.<\/p>\n\n\n\n<p>Wi\u0119cej informacji mo\u017cna znale\u017a\u0107 na stronie\u00a0<a href=\"https:\/\/www.poloniumnetwork.org\/\" target=\"_blank\" rel=\"noreferrer noopener\">https:\/\/www.poloniumnetwork.org\/<\/a>.<\/p>\n\n<\/div>\n\t\t<\/div>\n<\/div>\n\n\n<h2 class=\"wp-block-heading\">Aktualno\u015bci<\/h2>\n\n\n<div class=\"wp-block-ub-content-toggle wp-block-ub-content-toggle-block\" id=\"ub-content-toggle-block-83e51d5a-6216-4afc-bae8-735461c4588b\" data-mobilecollapse=\"false\" data-desktopcollapse=\"true\" data-preventcollapse=\"false\" data-showonlyone=\"true\">\n<div class=\"wp-block-ub-content-toggle-accordion\" style=\"border-color: #f1f1f1; \" id=\"ub-content-toggle-panel-block-35ffeb87-cb90-450a-ae50-c75e28c1cd4f\">\n\t\t\t<div class=\"wp-block-ub-content-toggle-accordion-title-wrap\" style=\"background-color: #f1f1f1;\" aria-controls=\"ub-content-toggle-panel-0-83e51d5a-6216-4afc-bae8-735461c4588b\" tabindex=\"0\">\n\t\t\t<p class=\"wp-block-ub-content-toggle-accordion-title ub-content-toggle-title-83e51d5a-6216-4afc-bae8-735461c4588b\" style=\"color: #000000; \">Stypendia Polsko-Ameryka\u0144skiej Komisji Fulbrighta<\/p>\n\t\t\t<div class=\"wp-block-ub-content-toggle-accordion-toggle-wrap right\" style=\"color: #000000;\"><span class=\"wp-block-ub-content-toggle-accordion-state-indicator wp-block-ub-chevron-down\"><\/span><\/div>\n\t\t<\/div>\n\t\t\t<div role=\"region\" aria-expanded=\"false\" class=\"wp-block-ub-content-toggle-accordion-content-wrap ub-hide\" id=\"ub-content-toggle-panel-0-83e51d5a-6216-4afc-bae8-735461c4588b\">\n\n<p><a href=\"https:\/\/fulbright.edu.pl\/senior-award\/\"><strong>Senior Award 2026-27<\/strong><\/a><\/p>\n\n\n\n<p>Fulbright Senior Award 2026-27 to program umo\u017cliwiaj\u0105cy <strong>osobom z polskim obywatelstwem zatrudnionym w polskich instytucjach akademickich i naukowych realizacj\u0119 samodzielnych projekt\u00f3w badawczych lub badawczo-dydaktycznych<\/strong> w instytucji goszcz\u0105cej w USA (tj. ameryka\u0144skiej uczelni, instytucie badawczym non-profit lub instytucji rz\u0105dowe). Stypendium, trwaj\u0105ce <strong>od 3 do 10 miesi\u0119cy,<\/strong> skierowane jest do pracownik\u00f3w i pracowniczek badawczych i dydaktycznych na ka\u017cdym etapie kariery po uzyskaniu stopnia doktora. Przyjmujemy zg\u0142oszenia ze wszystkich dziedzin z wy\u0142\u0105czeniem projekt\u00f3w wymagaj\u0105cych bezpo\u015bredniego kontaktu z pacjentem. Nab\u00f3r wniosk\u00f3w trwa <strong>do 9 czerwca 2025.<\/strong><\/p>\n\n\n\n<p>Wi\u0119cej informacji: <a href=\"https:\/\/fulbright.edu.pl\/senior-award\/\">https:\/\/fulbright.edu.pl\/senior-award\/<\/a><\/p>\n\n\n\n<p><a href=\"https:\/\/fulbright.edu.pl\/stem-impact\/\"><strong>STEM Impact Award 2025-26<\/strong><\/a><\/p>\n\n\n\n<p>Fulbright STEM Impact Award 2025-26 to program <strong>dla os\u00f3b z polskim obywatelstwem, kt\u00f3re kieruj\u0105 projektami badawczymi z obszar\u00f3w STEM i s\u0105 zatrudnione w polskich instytucjach akademickich i naukowych<\/strong>. Stypendium pozwala na realizacj\u0119 <strong>kr\u00f3tkoterminowego (2-6 tygodni) projektu<\/strong> badawczego, dydaktycznego lub badawczo-dydaktycznego oraz na poszerzenie wiedzy z zakresu komercjalizacji nauki <strong>lub<\/strong> skutecznego pisania wniosk\u00f3w grantowych w instytucjach w USA. Stypendium przeznaczone jest do pracownik\u00f3w i pracowniczek badawczych i dydaktycznych z do\u015bwiadczeniem w zarz\u0105dzaniu projektami badawczymi i nadzorowaniu pracy innych naukowc\u00f3w. Nab\u00f3r wniosk\u00f3w trwa <strong>do 19 maja 2025.<\/strong><\/p>\n\n\n\n<p>Wi\u0119cej informacji: <a href=\"https:\/\/fulbright.edu.pl\/stem-impact\/\">https:\/\/fulbright.edu.pl\/stem-impact\/<\/a><\/p>\n\n<\/div>\n\t\t<\/div>\n<\/div><\/div>\n\n\n\n<div class=\"wp-block-column is-layout-flow wp-block-column-is-layout-flow\" style=\"flex-basis:35%\"><ul class=\"wp-block-page-list\"><li class=\"wp-block-pages-list__item\"><a class=\"wp-block-pages-list__item__link\" href=\"https:\/\/iro.pk.edu.pl\/pl\/pracownicy\/programy-nawa-dla-instytucji\/\">Programy NAWA dla instytucji<\/a><\/li><li class=\"wp-block-pages-list__item\"><a class=\"wp-block-pages-list__item__link\" href=\"https:\/\/iro.pk.edu.pl\/pl\/pracownicy\/programy-nawa-dla-naukowcow\/\">Programy NAWA dla naukowc\u00f3w<\/a><\/li><li class=\"wp-block-pages-list__item\"><a class=\"wp-block-pages-list__item__link\" href=\"https:\/\/iro.pk.edu.pl\/pl\/pracownicy\/programy-stypendialne-pracownikow\/\">Programy stypendialne dla pracownik\u00f3w<\/a><\/li><li class=\"wp-block-pages-list__item\"><a class=\"wp-block-pages-list__item__link\" href=\"https:\/\/iro.pk.edu.pl\/pl\/pracownicy\/wyjazdy-zagraniczne\/\">Wyjazdy zagraniczne<\/a><\/li><li class=\"wp-block-pages-list__item\"><a class=\"wp-block-pages-list__item__link\" href=\"https:\/\/iro.pk.edu.pl\/pl\/pracownicy\/zagraniczne-systemy-szkolnictwa-wyzszego\/\">Zagraniczne systemy szkolnictwa wy\u017cszego<\/a><\/li><\/ul><\/div>\n<\/div>\n","protected":false},"excerpt":{"rendered":"<p>Aktualno\u015bci<\/p>\n","protected":false},"author":916,"featured_media":20068,"parent":0,"menu_order":0,"comment_status":"closed","ping_status":"closed","template":"","meta":{"_acf_changed":false,"inline_featured_image":false,"_uag_custom_page_level_css":"","site-sidebar-layout":"default","site-content-layout":"","ast-site-content-layout":"default","site-content-style":"default","site-sidebar-style":"default","ast-global-header-display":"","ast-banner-title-visibility":"","ast-main-header-display":"","ast-hfb-above-header-display":"","ast-hfb-below-header-display":"","ast-hfb-mobile-header-display":"","site-post-title":"","ast-breadcrumbs-content":"","ast-featured-img":"","footer-sml-layout":"","ast-disable-related-posts":"","theme-transparent-header-meta":"","adv-header-id-meta":"","stick-header-meta":"","header-above-stick-meta":"","header-main-stick-meta":"","header-below-stick-meta":"","astra-migrate-meta-layouts":"set","ast-page-background-enabled":"default","ast-page-background-meta":{"desktop":{"background-color":"var(--ast-global-color-4)","background-image":"","background-repeat":"repeat","background-position":"center center","background-size":"auto","background-attachment":"scroll","background-type":"","background-media":"","overlay-type":"","overlay-color":"","overlay-opacity":"","overlay-gradient":""},"tablet":{"background-color":"","background-image":"","background-repeat":"repeat","background-position":"center center","background-size":"auto","background-attachment":"scroll","background-type":"","background-media":"","overlay-type":"","overlay-color":"","overlay-opacity":"","overlay-gradient":""},"mobile":{"background-color":"","background-image":"","background-repeat":"repeat","background-position":"center center","background-size":"auto","background-attachment":"scroll","background-type":"","background-media":"","overlay-type":"","overlay-color":"","overlay-opacity":"","overlay-gradient":""}},"ast-content-background-meta":{"desktop":{"background-color":"var(--ast-global-color-5)","background-image":"","background-repeat":"repeat","background-position":"center center","background-size":"auto","background-attachment":"scroll","background-type":"","background-media":"","overlay-type":"","overlay-color":"","overlay-opacity":"","overlay-gradient":""},"tablet":{"background-color":"var(--ast-global-color-5)","background-image":"","background-repeat":"repeat","background-position":"center center","background-size":"auto","background-attachment":"scroll","background-type":"","background-media":"","overlay-type":"","overlay-color":"","overlay-opacity":"","overlay-gradient":""},"mobile":{"background-color":"var(--ast-global-color-5)","background-image":"","background-repeat":"repeat","background-position":"center center","background-size":"auto","background-attachment":"scroll","background-type":"","background-media":"","overlay-type":"","overlay-color":"","overlay-opacity":"","overlay-gradient":""}},"footnotes":""},"class_list":["post-12761","page","type-page","status-publish","has-post-thumbnail","hentry"],"acf":[],"featured_image_src":"https:\/\/iro.pk.edu.pl\/wp-content\/uploads\/2024\/03\/niebieskie-tlo-symbol.png","uagb_featured_image_src":{"full":["https:\/\/iro.pk.edu.pl\/wp-content\/uploads\/2024\/03\/niebieskie-tlo-symbol.png",1200,675,false],"thumbnail":["https:\/\/iro.pk.edu.pl\/wp-content\/uploads\/2024\/03\/niebieskie-tlo-symbol-150x150.png",150,150,true],"medium":["https:\/\/iro.pk.edu.pl\/wp-content\/uploads\/2024\/03\/niebieskie-tlo-symbol-300x169.png",300,169,true],"medium_large":["https:\/\/iro.pk.edu.pl\/wp-content\/uploads\/2024\/03\/niebieskie-tlo-symbol-768x432.png",768,432,true],"large":["https:\/\/iro.pk.edu.pl\/wp-content\/uploads\/2024\/03\/niebieskie-tlo-symbol-1024x576.png",1024,576,true],"1536x1536":["https:\/\/iro.pk.edu.pl\/wp-content\/uploads\/2024\/03\/niebieskie-tlo-symbol.png",1200,675,false],"2048x2048":["https:\/\/iro.pk.edu.pl\/wp-content\/uploads\/2024\/03\/niebieskie-tlo-symbol.png",1200,675,false]},"uagb_author_info":{"display_name":"dkluczynski","author_link":"https:\/\/iro.pk.edu.pl\/pl\/author\/dkluczynski\/"},"uagb_comment_info":0,"uagb_excerpt":"Aktualno\u015bci","_links":{"self":[{"href":"https:\/\/iro.pk.edu.pl\/pl\/wp-json\/wp\/v2\/pages\/12761","targetHints":{"allow":["GET"]}}],"collection":[{"href":"https:\/\/iro.pk.edu.pl\/pl\/wp-json\/wp\/v2\/pages"}],"about":[{"href":"https:\/\/iro.pk.edu.pl\/pl\/wp-json\/wp\/v2\/types\/page"}],"author":[{"embeddable":true,"href":"https:\/\/iro.pk.edu.pl\/pl\/wp-json\/wp\/v2\/users\/916"}],"replies":[{"embeddable":true,"href":"https:\/\/iro.pk.edu.pl\/pl\/wp-json\/wp\/v2\/comments?post=12761"}],"version-history":[{"count":0,"href":"https:\/\/iro.pk.edu.pl\/pl\/wp-json\/wp\/v2\/pages\/12761\/revisions"}],"wp:featuredmedia":[{"embeddable":true,"href":"https:\/\/iro.pk.edu.pl\/pl\/wp-json\/wp\/v2\/media\/20068"}],"wp:attachment":[{"href":"https:\/\/iro.pk.edu.pl\/pl\/wp-json\/wp\/v2\/media?parent=12761"}],"curies":[{"name":"wp","href":"https:\/\/api.w.org\/{rel}","templated":true}]}}