{"id":12776,"date":"2023-08-18T13:35:24","date_gmt":"2023-08-18T11:35:24","guid":{"rendered":"https:\/\/iro.pk.edu.pl\/?page_id=12776"},"modified":"2023-12-18T11:02:36","modified_gmt":"2023-12-18T10:02:36","slug":"jak-zostac-studentem-pk","status":"publish","type":"page","link":"https:\/\/iro.pk.edu.pl\/pl\/o-nas\/jak-zostac-studentem-pk\/","title":{"rendered":"Jak zosta\u0107 studentem PK"},"content":{"rendered":"\n<div class=\"wp-block-columns is-layout-flex wp-container-core-columns-is-layout-e668a67c wp-block-columns-is-layout-flex\" style=\"margin-bottom:1em\">\n<div class=\"wp-block-column is-layout-flow wp-block-column-is-layout-flow\" style=\"flex-basis:60%\">\n<p><strong>Zapoznaj si\u0119 z&nbsp;<a rel=\"noreferrer noopener\" href=\"https:\/\/iro.pk.edu.pl\/wp-content\/uploads\/2023\/04\/z30zal1.pdf\" target=\"_blank\">zasadami podejmowania i odbywania studi\u00f3w wy\u017cszych na Politechnice Krakowskiej im. Tadeusza Ko\u015bciuszki przez osoby nieb\u0119d\u0105ce obywatelami polskimi<\/a><\/strong>&nbsp;oraz&nbsp;<a href=\"https:\/\/iro.pk.edu.pl\/wp-content\/uploads\/2023\/04\/zalacznik-do-zarzadzenia.pdf\" target=\"_blank\" rel=\"noreferrer noopener\"><strong>za\u0142\u0105cznikiem<\/strong><\/a>.<\/p>\n\n\n\n<p>Rekrutacja jest prowadzona w poni\u017cszych terminach, aczkolwiek kandydaci, kt\u00f3rych legalny pobyt na terytorium Polski wymaga posiadania wizy, powinni z\u0142o\u017cy\u0107 aplikacj\u0119 na studia odpowiednio wcze\u015bnie.<\/p>\n\n\n\n<p>Wi\u0119cej informacji na temat procedury otrzymania wizy, Karty Polaka, etc. mo\u017cna znale\u017a\u0107 na stronie:&nbsp;<a href=\"http:\/\/www.migrant.info.pl\/home.html\">www.migrant.info.pl<\/a><\/p>\n\n\n\n<h2 class=\"wp-block-heading\">TERMIN SK\u0141ADANIA KOMPLETNYCH DOKUMENT\u00d3W<\/h2>\n\n\n\n<p><strong>na studia rozpoczynaj\u0105ce si\u0119 w pa\u017adzierniku:<\/strong><br>Wydzia\u0142 In\u017cynierii L\u0105dowej: kierunek Budownictwo i Transport, gdzie pierwszy rok b\u0119dzie prowadzony w j\u0119zyku ukrai\u0144skim: 1 maj &#8211; 6 lipiec do godziny 15:00<br>Wydzia\u0142 Informatyki i Telekomunikacji: kierunek Informatyka i Matematyka stosowana studia stacjonarne I stopnia: 1 maj &#8211; 22 czerwiec do godziny 15:00<br>Pozosta\u0142e Wydzia\u0142y i kierunki: 1 maj &#8211; 31 lipiec<\/p>\n\n\n\n<p><strong>na studia rozpoczynaj\u0105ce si\u0119 w lutym &#8211;&nbsp;15 pa\u017adziernik &#8211; 5 luty<\/strong><\/p>\n\n\n\n<h2 class=\"wp-block-heading\">OSOBY DO KONTAKTU W SPRAWIE REKRUTACJI<\/h2>\n\n\n\n<p><strong>Anna D\u0119bska&nbsp;<\/strong><a href=\"mailto:adebska@pk.edu.pl\">adebska@pk.edu.pl<\/a>&nbsp;+48 12 628 30 44 &nbsp;&#8211; kandydaci zainteresowani podj\u0119ciem studi\u00f3w na nast\u0119puj\u0105cych wydzia\u0142ach PK:&nbsp;Wydzia\u0142 Architektury, Wydzia\u0142 In\u017cynierii Elektrycznej i Komputerowej, Wydzia\u0142 In\u017cynierii i Technologii Chemicznej;<\/p>\n\n\n\n<p><strong>Kinga Na\u0142\u0119cz &#8211; Nieniewska &nbsp;<\/strong><a href=\"mailto:kinga.nalecz-nieniewska@pk.edu.pl\">kinga.nalecz-nieniewska@pk.edu.pl<\/a>&nbsp;+48 12 628 29 19 &#8211; kandydaci zainteresowani podj\u0119ciem studi\u00f3w na nast\u0119puj\u0105cych wydzia\u0142ach PK: Wydzia\u0142 In\u017cynierii \u015arodowiska i Energetyki oraz Wydzia\u0142 Mechaniczny;<\/p>\n\n\n\n<p><strong>Agnieszka Piekarz<\/strong>&nbsp;<a href=\"mailto:agnieszka.piekarz@pk.edu.pl\">agnieszka.piekarz@pk.edu.pl<\/a>&nbsp;tel. +48 12 628 20 09 &#8211; kandydaci zainteresowani podj\u0119ciem studi\u00f3w na nast\u0119puj\u0105cych wydzia\u0142ach PK: Wydzia\u0142 In\u017cynierii L\u0105dowej, Wydzia\u0142 In\u017cynierii Materia\u0142owej i Fizyki, Wydzia\u0142 Informatyki i Telekomunikacji.<\/p>\n\n\n\n<p><a href=\"https:\/\/youtu.be\/wfkAi-YjjXU\" target=\"_blank\" rel=\"noreferrer noopener\"><strong>JAK APLIKOWA\u0106? &#8211; ZOBACZ INSTRUKCJ\u0118 KROK PO KROKU<\/strong><\/a><\/p>\n\n\n\n<h2 class=\"wp-block-heading\">PROCEDURY I FORMULARZE APLIKACYJNE<\/h2>\n\n\n\n<figure class=\"wp-block-table\"><table><thead><tr><th>Stopie\u0144<\/th><th>Studia w j\u0119zyku polskim<\/th><th>Studia w j\u0119zyku angielskim<\/th><\/tr><\/thead><tbody><tr><td><strong>I stopie\u0144<\/strong><\/td><td><a href=\"https:\/\/ehms.pk.edu.pl\/rekrutacja\/?rekr=7f6ffaa6bb0b408017b62254211691b5\" target=\"_blank\" rel=\"noreferrer noopener\"><strong>Elektroniczna rejestracja na studia I stopnia w j.polskim ZAMKNI\u0118TA<\/strong><\/a><\/td><td><a href=\"https:\/\/ehms.pk.edu.pl\/rekrutacja-eng\/standard\/?\" target=\"_blank\" rel=\"noreferrer noopener\"><strong>Elektroniczna rejestracja na studia I stopnia w j.angielskim ZAMKNI\u0118TA<\/strong><\/a><\/td><\/tr><tr><td><\/td><td><a href=\"https:\/\/iro.pk.edu.pl\/wp-content\/uploads\/2023\/04\/Procedura-aplikacyjna.pdf\" target=\"_blank\" rel=\"noreferrer noopener\">Procedura aplikacyjna<\/a><\/td><td><a href=\"https:\/\/iro.pk.edu.pl\/wp-content\/uploads\/2023\/04\/Procedura-aplikacyjna-studia-po-angielsku.pdf\" target=\"_blank\" rel=\"noreferrer noopener\">Procedura aplikacyjna<\/a><\/td><\/tr><tr><td><\/td><td><a href=\"https:\/\/bip.pk.edu.pl\/get14.php?id_zal=2833\" target=\"_blank\" rel=\"noreferrer noopener\">Zgoda rodzic\u00f3w\/opiekun\u00f3w prawnych na udzia\u0142 osoby niepe\u0142noletniej w rekrutacji i dokonanie wpisu na list\u0119 student\u00f3w<\/a><\/td><td><a href=\"https:\/\/bip.pk.edu.pl\/get14.php?id_zal=2833\" target=\"_blank\" rel=\"noreferrer noopener\">Zgoda rodzic\u00f3w\/opiekun\u00f3w prawnych na udzia\u0142 osoby niepe\u0142noletniej w rekrutacji i dokonanie wpisu na list\u0119 student\u00f3w<\/a><\/td><\/tr><tr><td><\/td><td><a href=\"https:\/\/iro.pk.edu.pl\/index.php\/wa-oswiadczenia\/\" target=\"_blank\" rel=\"noreferrer noopener\">O\u015bwiadczenie kandydata na WA<\/a><\/td><td><a href=\"https:\/\/iro.pk.edu.pl\/index.php\/wa-oswiadczenia\/\" target=\"_blank\" rel=\"noreferrer noopener\">O\u015bwiadczenie kandydata na WA<\/a><\/td><\/tr><tr><td><strong>II stopie\u0144<\/strong><\/td><td><a href=\"https:\/\/ehms.pk.edu.pl\/rekrutacja\/standard\/?\" target=\"_blank\" rel=\"noreferrer noopener\"><strong>Elektroniczna rejestracja na studia II stopnia w j.polskim ZAMKNI\u0118TA<\/strong><\/a><\/td><td><a href=\"https:\/\/ehms.pk.edu.pl\/rekrutacja-eng\/?rekr=73278a4a86960eeb576a8fd4c9ec6997\" target=\"_blank\" rel=\"noreferrer noopener\"><strong>Elektroniczna rejestracja na studia II stopnia w j.angielskim ZAMKNI\u0118TA<\/strong><\/a><\/td><\/tr><tr><td><\/td><td>Procedura aplikacyjna (zostanie opublikowana przed rozpocz\u0119ciem si\u0119 rekrutacji)<\/td><td>Procedura aplikacyjna (zostanie opublikowana przed rozpocz\u0119ciem si\u0119 rekrutacji)<\/td><\/tr><tr><td><\/td><td><a href=\"https:\/\/iro.pk.edu.pl\/wp-content\/uploads\/2015\/12\/oswiadczenie-WA-IIst.pdf\" target=\"_blank\" rel=\"noreferrer noopener\">O\u015bwiadczenie kandydata na WA<\/a><\/td><td><a rel=\"noreferrer noopener\" href=\"https:\/\/iro.pk.edu.pl\/wp-content\/uploads\/2015\/12\/oswiadczenie-WA-IIst.pdf\" target=\"_blank\">O\u015bwiadczenie kandydata na WA<\/a><\/td><\/tr><\/tbody><\/table><\/figure>\n<\/div>\n\n\n\n<div class=\"wp-block-column is-layout-flow wp-block-column-is-layout-flow\" style=\"flex-basis:40%\">\n<figure class=\"wp-block-embed is-type-video is-provider-youtube wp-block-embed-youtube wp-embed-aspect-16-9 wp-has-aspect-ratio\"><div class=\"wp-block-embed__wrapper\">\n<iframe loading=\"lazy\" hcb-fetch-image-from=\"https:\/\/www.youtube.com\/watch?v=wfkAi-YjjXU&amp;embeds_referring_euri=https%3A%2F%2Fdwm.pk.edu.pl%2F&amp;source_ve_path=MjM4NTE&amp;feature=emb_title\" title=\"How to apply - step by step guide\" width=\"500\" height=\"281\" src=\"https:\/\/www.youtube.com\/embed\/wfkAi-YjjXU?feature=oembed\" frameborder=\"0\" allow=\"accelerometer; autoplay; clipboard-write; encrypted-media; gyroscope; picture-in-picture; web-share\" referrerpolicy=\"strict-origin-when-cross-origin\" allowfullscreen><\/iframe>\n<\/div><\/figure>\n<\/div>\n<\/div>\n\n\n\n<div class=\"wp-block-columns is-layout-flex wp-container-core-columns-is-layout-0831edd6 wp-block-columns-is-layout-flex\" style=\"margin-top:1.5em\">\n<div class=\"wp-block-column is-layout-flow wp-block-column-is-layout-flow\" style=\"flex-basis:60%\">\n<p><strong>Zach\u0119camy do zapoznania si\u0119 z Regulaminem studi\u00f3w wy\u017cszych na Politechnice Krakowskiej oraz z tre\u015bci\u0105 um\u00f3w z cudzoziemcami. Pliki s\u0105 dost\u0119pne&nbsp;<a rel=\"noreferrer noopener\" href=\"https:\/\/iro.pk.edu.pl\/pliki-do-pobrania\/\" target=\"_blank\">tutaj<\/a>.<\/strong><\/p>\n\n\n\n<h2 class=\"wp-block-heading\">BEZP\u0141ATNE KSZTA\u0141CENIE CUDZOZIEMC\u00d3W NA STUDIACH STACJONARNYCH W J\u0118ZYKU POLSKIM<\/h2>\n\n\n\n<p>Zgodnie z art. 324 ust 2. Prawa o szkolnictwie wy\u017cszym i nauce (Dz. U. z 2018r. poz. 1668) op\u0142at za studia stacjonarne w j\u0119zyku polskim nie pobiera si\u0119 od:<\/p>\n\n\n\n<ol class=\"wp-block-list\" start=\"1\" style=\"list-style-type:1\">\n<li>cudzoziemca &#8211; obywatela pa\u0144stwa cz\u0142onkowskiego Unii Europejskiej, Konfederacji Szwajcarskiej lub pa\u0144stwa cz\u0142onkowskiego Europejskiego Porozumienia o Wolnym Handlu (EFTA) &#8211; strony umowy o Europejskim Obszarze Gospodarczym i cz\u0142onk\u00f3w ich rodzin, mieszkaj\u0105cych na terytorium Rzeczypospolitej Polskiej;<\/li>\n\n\n\n<li>cudzoziemca, kt\u00f3remu udzielono zezwolenia na pobyt sta\u0142y, lub rezydenta d\u0142ugoterminowego Unii Europejskiej;<\/li>\n\n\n\n<li>cudzoziemca, kt\u00f3remu udzielono zezwolenia na pobyt czasowy w zwi\u0105zku z okoliczno\u015bciami, o kt\u00f3rych mowa w art. 159 ust. 1 lub art. 186 ust. 1 pkt 3 lub 4 ustawy z dnia 12 grudnia 2013r. o cudzoziemcach (Dz. U. z 2017 r. poz. 2206 i 2282 oraz z 2018 r. poz. 107, 138 i 771);<\/li>\n\n\n\n<li>cudzoziemca, kt\u00f3ry posiada status uchod\u017acy nadany w Rzeczypospolitej Polskiej albo korzysta z ochrony czasowej albo ochrony uzupe\u0142niaj\u0105cej na terytorium Rzeczypospolitej Polskiej;<\/li>\n\n\n\n<li>cudzoziemca &#8211; posiadacza certyfikatu po\u015bwiadczaj\u0105cego znajomo\u015b\u0107 j\u0119zyka polskiego jako obcego, o kt\u00f3rym mowa w art. 11a ust. 2 ustawy z dnia 7 pa\u017adziernika 1999r. o j\u0119zyku polskim (Dz. U. z 2018r. poz 931), co najmniej na poziomie bieg\u0142o\u015bci j\u0119zykowej C1;<\/li>\n\n\n\n<li>posiadacza Karty Polaka lub osoby, kt\u00f3rej wydano decyzj\u0119 w sprawie stwierdzenia polskiego pochodzenia;<\/li>\n\n\n\n<li>cudzoziemca b\u0119d\u0105cego ma\u0142\u017conkiem, wst\u0119pnym lub zst\u0119pnym obywatela Rzeczypospolitej Polskiej, mieszkaj\u0105cym na terytorium Rzeczypospolitej Polskiej;<\/li>\n\n\n\n<li>cudzoziemca, kt\u00f3remu udzielono zezwolenia na pobyt czasowy w zwi\u0105zku z okoliczno\u015bciami, o kt\u00f3rych mowa w art. 151 ust. 1 lub art. 151b ust. 1 ustawy z dnia 12 grudnia 2013 r. o cudzoziemcach, lub przebywaj\u0105cego na terytorium Rzeczypospolitej Polskiej w zwi\u0105zku z korzystaniem z mobilno\u015bci kr\u00f3tkoterminowej naukowca na warunkach okre\u015blonych w art. 156b ust. 1 tej ustawy lub posiadaj\u0105cego wiz\u0119 krajow\u0105 w celu prowadzenia bada\u0144 naukowych lub prac rozwojowych.<\/li>\n<\/ol>\n\n\n\n<p>Oferta stypendialna znajduje si\u0119 na stronie <a href=\"https:\/\/nawa.gov.pl\/\">Narodowej Agencji Wymiany Akademickiej<\/a><\/p>\n\n\n\n<div class=\"wp-block-uagb-image uagb-block-31cdfdc8 wp-block-uagb-image--layout-default wp-block-uagb-image--effect-static wp-block-uagb-image--align-none\"><figure class=\"wp-block-uagb-image__figure\"><img decoding=\"async\" srcset=\"https:\/\/iro.pk.edu.pl\/wp-content\/uploads\/2023\/08\/K1_logo_dopuszcz_wers_kontra_PL_RGB-03-1024x468.gif ,https:\/\/iro.pk.edu.pl\/wp-content\/uploads\/2023\/08\/K1_logo_dopuszcz_wers_kontra_PL_RGB-03.gif 780w, https:\/\/iro.pk.edu.pl\/wp-content\/uploads\/2023\/08\/K1_logo_dopuszcz_wers_kontra_PL_RGB-03.gif 360w\" sizes=\"auto, (max-width: 480px) 150px\" src=\"https:\/\/iro.pk.edu.pl\/wp-content\/uploads\/2023\/08\/K1_logo_dopuszcz_wers_kontra_PL_RGB-03-1024x468.gif\" alt=\"Narodowa Agencja Wymiany Akademickiej\" class=\"uag-image-12797\" width=\"300\" height=\"468\" title=\"\" loading=\"lazy\"\/><\/figure><\/div>\n\n\n\n<h2 class=\"wp-block-heading\">OP\u0141ATY ZA STUDIA DLA CUDZOZIEMC\u00d3W<\/h2>\n\n\n\n<p><strong>I i&nbsp;II stopie\u0144&nbsp;&#8211; Studia w j\u0119zyku polskim\/&nbsp;ceny za rok studi\u00f3w podane w Euro&nbsp;<\/strong><\/p>\n\n\n\n<figure class=\"wp-block-table\"><table><thead><tr><th>Wydzia\u0142<\/th><th>Studia stacjonarne I i II stopnia<\/th><th>Studia niestacjonarne I i II stopnia<\/th><\/tr><\/thead><tbody><tr><td>Wydzia\u0142 Architektury<\/td><td>4000<\/td><td>4000<\/td><\/tr><tr><td>Wydzia\u0142 In\u017cynierii L\u0105dowej<\/td><td>2000<\/td><td>1500<\/td><\/tr><tr><td>pozosta\u0142e Wydzia\u0142y<\/td><td>2000<\/td><td>2000<\/td><\/tr><\/tbody><\/table><\/figure>\n\n\n\n<p><strong>I i&nbsp;II stopie\u0144&nbsp;&#8211; Studia w j\u0119zyku angielskim\/&nbsp;ceny za rok studi\u00f3w podane w Euro&nbsp;<\/strong><\/p>\n\n\n\n<figure class=\"wp-block-table\"><table><thead><tr><th>Wydzia\u0142<\/th><th>Studia stacjonarne I stopnia<\/th><th>Studia niestacjonarne II stopnia<\/th><\/tr><\/thead><tbody><tr><td>Wydzia\u0142 Architektury<\/td><td>5000<\/td><td>5000<\/td><\/tr><tr><td>Wydzia\u0142 Mechaniczny<\/td><td>3500<\/td><td>3500<\/td><\/tr><tr><td>Wydzia\u0142 In\u017cynierii L\u0105dowej<\/td><td>3000<\/td><td>3000<\/td><\/tr><tr><td>Wydzia\u0142 In\u017cynierii i Technologii Chemicznej, Wydzia\u0142 Informatyki i Telekomunikacji, Wydzia\u0142 In\u017cynierii Materia\u0142owej i Fizyki<\/td><td>nie dotyczy<\/td><td>3000<\/td><\/tr><tr><td>Wydzia\u0142 In\u017cynierii \u015arodowiska i Energetyki<\/td><td>nie dotyczy<\/td><td>3300<\/td><\/tr><\/tbody><\/table><\/figure>\n\n\n\n<p>Kursy przygotowawcze i j\u0119zykowe oferuje&nbsp;<a href=\"https:\/\/www.mck.pk.edu.pl\/\" target=\"_blank\" rel=\"noreferrer noopener\">Mi\u0119dzynarodowe Centrum Kszta\u0142cenia<\/a><\/p>\n<\/div>\n\n\n\n<div class=\"wp-block-column is-layout-flow wp-block-column-is-layout-flow\" style=\"flex-basis:40%\"><\/div>\n<\/div>\n\n\n\n<div class=\"wp-block-columns is-layout-flex wp-container-core-columns-is-layout-28f84493 wp-block-columns-is-layout-flex\">\n<div class=\"wp-block-column is-layout-flow wp-block-column-is-layout-flow\" style=\"flex-basis:60%\">\n<h2 class=\"wp-block-heading\">DANE DO PRZELEW\u00d3W DLA OP\u0141AT REKRUTACYJNYCH I OP\u0141AT ZA STUDIA<\/h2>\n\n\n\n<p><strong>Indywidualne konto w EUR jest generowane automatycznie dla ka\u017cdego kandydata nie posiadaj\u0105cego polskiego obywatelstwa po zako\u0144czeniu procesu rejestracji online. Znajduje si\u0119 ono na ostatniej stronie formularza aplikacyjnego, a tak\u017ce w profilu kandydata w Wirtualnym Dziekanacie. Kandydat, a p\u00f3\u017aniej student uiszcza wymagan\u0105 op\u0142at\u0119 na swoje indywidualne konto. Dodatkowo konto indywidualne jest r\u00f3wnie\u017c&nbsp;podane w umowie podpisywanej z Politechnik\u0105 Krakowsk\u0105 (PK) we w\u0142a\u015bciwym dziekanacie na pocz\u0105tku studi\u00f3w w PK.<\/strong><\/p>\n\n\n\n<p>Poni\u017cej znajduje si\u0119 konto g\u0142\u00f3wne Politechniki Krakowskiej w EUR, je\u015bli z jakich\u015b powod\u00f3w dokonanie wp\u0142aty na konto indywidualne jest niemo\u017cliwe.<\/p>\n\n\n\n<p><strong>Nazwa odbiorcy:&nbsp;<\/strong>POLITECHNIKA KRAKOWSKA \/&nbsp;CRACOW UNIVERSITY OF TECHNOLOGY<br><strong>Adres\/Address:&nbsp;<\/strong>Politechnika Krakowska,&nbsp;ul. Warszawska 24, 31-155, Krak\u00f3w, Polska \/&nbsp;Poland<br><strong>Informacje dotycz\u0105ce konta bankowego:&nbsp;<\/strong>Alior Bank S.A., ul. Kielecka 2, 31-526, Krak\u00f3w, Polska \/&nbsp;Poland<br><strong>SWIFT:<\/strong>&nbsp;ALBPPLPW<br><strong>Konto w euro\/Account in Euro:<\/strong>&nbsp;IBAN: PL40 2490 0005 0000 4600 3419 4146<br><strong>Tytu\u0142 przelewu mi\u0119dzynarodowego<\/strong>: skr\u00f3t literowy nazwy wydzia\u0142u + imi\u0119 i nazwisko kandydata\/studenta (wersja zgodna z zapisem w paszporcie)<br><strong>Title of international money transfer<\/strong>: short name of CUT Faculty + candidate&#8217;s \/ student&#8217;s name and surname (as in passport)<\/p>\n\n\n\n<p><strong>Skr\u00f3ty nazw wydzia\u0142\u00f3w PK \/&nbsp;Short names&nbsp;of CUT Faculties<\/strong><br>Wydzia\u0142 Architektury \/ Faculty of Architecture \u2013&nbsp;<strong>WA<\/strong><br>Wydzia\u0142 In\u017cynierii i Technologii Chemicznej\/Faculty of Chemical Engineering and Technology \u2013&nbsp;<strong>WIiTCh<\/strong><br>Wydzia\u0142 In\u017cynierii L\u0105dowej\/Faculty of Civil Engineering\u2013&nbsp;<strong>WIL<\/strong><br>Wydzia\u0142 Informatyki i Telekomunikacji\/Faculty of Computer Science and Telecommunications\u2013&nbsp;<strong>WIiT<\/strong><br>Wydzia\u0142 In\u017cynierii Elektrycznej i Komputerowej\/Faculty of Elecrical and Computer Engineering \u2013&nbsp;<strong>WIEiK<\/strong><br>Wydzia\u0142 In\u017cynierii \u015arodowiska i Energetyki\/Faculty of Environmental and Power Engineering \u2013<strong>WI\u015aiE<\/strong><br>Wydzia\u0142 Mechaniczny\/Faculty of Mechanical Engineering \u2013&nbsp;<strong>WM<\/strong><br>Wydzia\u0142 In\u017cynierii Materia\u0142owej i Fizyki\/Faculty of Materials Engineering and Physics \u2013<strong>WIMiF<\/strong><\/p>\n\n\n\n<p><a href=\"https:\/\/iro.pk.edu.pl\/index.php\/kalendarz-akademicki\/\" target=\"_blank\" rel=\"noreferrer noopener\"><strong>KALENDARZ AKADEMICKI 2022\/23 I 2023\/2024<\/strong><\/a><\/p>\n\n\n\n<h2 class=\"wp-block-heading\"><a href=\"http:\/\/www.akademiki.pk.edu.pl\/\" target=\"_blank\" rel=\"noreferrer noopener\">ZAKWATEROWANIE*<\/a><\/h2>\n\n\n\n<p>Studenci Politechniki mog\u0105 zarezerwowa\u0107 miejsce w&nbsp;jednym ze dom\u00f3w studenckich Politechniki Krakowskiej.&nbsp;Dost\u0119pne s\u0105 miejsca w&nbsp;pokojach jedno lub&nbsp;dwuosobowych. Pokoje posiadaj\u0105 wsp\u00f3ln\u0105 \u0142azienk\u0119 i&nbsp;kuchni\u0119.&nbsp;Miejsce w&nbsp;pokoju kosztuje 500 &#8211; 600 PLN (w zale\u017cno\u015bci od standardu pokoju i domu studenckiego).&nbsp;Aby zarezerwowa\u0107 miejsce w&nbsp;Domu Studenckim nale\u017cy wype\u0142ni\u0107 odpowiedni\u0105 sekcj\u0119 w&nbsp;formularzu aplikacyjnym.<\/p>\n\n\n\n<p>*&nbsp;W&nbsp;zwi\u0105zku z&nbsp;du\u017c\u0105 liczb\u0105 os\u00f3b zainteresowanych zakwaterowaniem w domach studenckich, Politechnika Krakowska nie mo\u017ce zagwarantowa\u0107 miejsc. S\u0105 one przydzielane na zasadzie kolejno\u015bci zg\u0142osze\u0144.<\/p>\n\n\n\n<p><a href=\"http:\/\/bwz.pk.edu.pl\/wp-content\/uploads\/2015\/12\/CRACOW_UNIVERSITY_OF_TECHNOLOGY_MAP.pdf\" target=\"_blank\" rel=\"noreferrer noopener\"><strong>MAPA KAMPUSU<\/strong><\/a><\/p>\n\n\n\n<p><a href=\"https:\/\/tourmkr.com\/F1DmAYEQbO\/12321367p,2924794m,288.59h,102.86t\" target=\"_blank\" rel=\"noreferrer noopener\"><strong>WIRTUALNY SPACER PO POLITECHNICE KRAKOWSKIEJ<\/strong><\/a><\/p>\n\n\n\n<p><a href=\"http:\/\/krakow.jakdojade.pl\/?locale=en\" target=\"_blank\" rel=\"noreferrer noopener\"><strong>TRANSPORT PUBLICZNY W KRAKOWIE<\/strong><\/a><\/p>\n\n\n\n<p><a><strong>KONTAKT<\/strong><\/a><\/p>\n\n\n\n<p><strong>Dzia\u0142&nbsp;Wsp\u00f3\u0142pracy Mi\u0119dzynarodowej<\/strong><br>ul. Warszawska 24,<br>Budynek &#8222;Galeria GIL&#8221;, pok\u00f3j nr 207, pi\u0119tro 2<br>telefon: +48 12 628 30 44, +48 12 628 20 09,&nbsp; +48 12 628 29 19<br><strong>Godziny przyj\u0119\u0107 stron: 10:00-13:00<\/strong><\/p>\n<\/div>\n\n\n\n<div class=\"wp-block-column is-layout-flow wp-block-column-is-layout-flow\" style=\"flex-basis:40%\"><\/div>\n<\/div>\n","protected":false},"excerpt":{"rendered":"<p>Zapoznaj si\u0119 z&nbsp;zasadami podejmowania i odbywania studi\u00f3w wy\u017cszych na Politechnice Krakowskiej im. Tadeusza Ko\u015bciuszki przez [&hellip;]<\/p>\n","protected":false},"author":916,"featured_media":20068,"parent":12572,"menu_order":0,"comment_status":"closed","ping_status":"closed","template":"","meta":{"_acf_changed":false,"inline_featured_image":false,"_uag_custom_page_level_css":"","site-sidebar-layout":"default","site-content-layout":"","ast-site-content-layout":"default","site-content-style":"default","site-sidebar-style":"default","ast-global-header-display":"","ast-banner-title-visibility":"","ast-main-header-display":"","ast-hfb-above-header-display":"","ast-hfb-below-header-display":"","ast-hfb-mobile-header-display":"","site-post-title":"","ast-breadcrumbs-content":"","ast-featured-img":"","footer-sml-layout":"","ast-disable-related-posts":"","theme-transparent-header-meta":"","adv-header-id-meta":"","stick-header-meta":"","header-above-stick-meta":"","header-main-stick-meta":"","header-below-stick-meta":"","astra-migrate-meta-layouts":"set","ast-page-background-enabled":"default","ast-page-background-meta":{"desktop":{"background-color":"var(--ast-global-color-4)","background-image":"","background-repeat":"repeat","background-position":"center center","background-size":"auto","background-attachment":"scroll","background-type":"","background-media":"","overlay-type":"","overlay-color":"","overlay-opacity":"","overlay-gradient":""},"tablet":{"background-color":"","background-image":"","background-repeat":"repeat","background-position":"center center","background-size":"auto","background-attachment":"scroll","background-type":"","background-media":"","overlay-type":"","overlay-color":"","overlay-opacity":"","overlay-gradient":""},"mobile":{"background-color":"","background-image":"","background-repeat":"repeat","background-position":"center center","background-size":"auto","background-attachment":"scroll","background-type":"","background-media":"","overlay-type":"","overlay-color":"","overlay-opacity":"","overlay-gradient":""}},"ast-content-background-meta":{"desktop":{"background-color":"var(--ast-global-color-5)","background-image":"","background-repeat":"repeat","background-position":"center center","background-size":"auto","background-attachment":"scroll","background-type":"","background-media":"","overlay-type":"","overlay-color":"","overlay-opacity":"","overlay-gradient":""},"tablet":{"background-color":"var(--ast-global-color-5)","background-image":"","background-repeat":"repeat","background-position":"center center","background-size":"auto","background-attachment":"scroll","background-type":"","background-media":"","overlay-type":"","overlay-color":"","overlay-opacity":"","overlay-gradient":""},"mobile":{"background-color":"var(--ast-global-color-5)","background-image":"","background-repeat":"repeat","background-position":"center center","background-size":"auto","background-attachment":"scroll","background-type":"","background-media":"","overlay-type":"","overlay-color":"","overlay-opacity":"","overlay-gradient":""}},"footnotes":""},"class_list":["post-12776","page","type-page","status-publish","has-post-thumbnail","hentry"],"acf":[],"featured_image_src":"https:\/\/iro.pk.edu.pl\/wp-content\/uploads\/2024\/03\/niebieskie-tlo-symbol.png","uagb_featured_image_src":{"full":["https:\/\/iro.pk.edu.pl\/wp-content\/uploads\/2024\/03\/niebieskie-tlo-symbol.png",1200,675,false],"thumbnail":["https:\/\/iro.pk.edu.pl\/wp-content\/uploads\/2024\/03\/niebieskie-tlo-symbol-150x150.png",150,150,true],"medium":["https:\/\/iro.pk.edu.pl\/wp-content\/uploads\/2024\/03\/niebieskie-tlo-symbol-300x169.png",300,169,true],"medium_large":["https:\/\/iro.pk.edu.pl\/wp-content\/uploads\/2024\/03\/niebieskie-tlo-symbol-768x432.png",768,432,true],"large":["https:\/\/iro.pk.edu.pl\/wp-content\/uploads\/2024\/03\/niebieskie-tlo-symbol-1024x576.png",1024,576,true],"1536x1536":["https:\/\/iro.pk.edu.pl\/wp-content\/uploads\/2024\/03\/niebieskie-tlo-symbol.png",1200,675,false],"2048x2048":["https:\/\/iro.pk.edu.pl\/wp-content\/uploads\/2024\/03\/niebieskie-tlo-symbol.png",1200,675,false]},"uagb_author_info":{"display_name":"dkluczynski","author_link":"https:\/\/iro.pk.edu.pl\/pl\/author\/dkluczynski\/"},"uagb_comment_info":0,"uagb_excerpt":"Zapoznaj si\u0119 z&nbsp;zasadami podejmowania i odbywania studi\u00f3w wy\u017cszych na Politechnice Krakowskiej im. Tadeusza Ko\u015bciuszki przez [&hellip;]","_links":{"self":[{"href":"https:\/\/iro.pk.edu.pl\/pl\/wp-json\/wp\/v2\/pages\/12776","targetHints":{"allow":["GET"]}}],"collection":[{"href":"https:\/\/iro.pk.edu.pl\/pl\/wp-json\/wp\/v2\/pages"}],"about":[{"href":"https:\/\/iro.pk.edu.pl\/pl\/wp-json\/wp\/v2\/types\/page"}],"author":[{"embeddable":true,"href":"https:\/\/iro.pk.edu.pl\/pl\/wp-json\/wp\/v2\/users\/916"}],"replies":[{"embeddable":true,"href":"https:\/\/iro.pk.edu.pl\/pl\/wp-json\/wp\/v2\/comments?post=12776"}],"version-history":[{"count":0,"href":"https:\/\/iro.pk.edu.pl\/pl\/wp-json\/wp\/v2\/pages\/12776\/revisions"}],"up":[{"embeddable":true,"href":"https:\/\/iro.pk.edu.pl\/pl\/wp-json\/wp\/v2\/pages\/12572"}],"wp:featuredmedia":[{"embeddable":true,"href":"https:\/\/iro.pk.edu.pl\/pl\/wp-json\/wp\/v2\/media\/20068"}],"wp:attachment":[{"href":"https:\/\/iro.pk.edu.pl\/pl\/wp-json\/wp\/v2\/media?parent=12776"}],"curies":[{"name":"wp","href":"https:\/\/api.w.org\/{rel}","templated":true}]}}