{"id":12779,"date":"2023-08-18T13:38:49","date_gmt":"2023-08-18T11:38:49","guid":{"rendered":"https:\/\/iro.pk.edu.pl\/?page_id=12779"},"modified":"2026-04-01T07:38:55","modified_gmt":"2026-04-01T05:38:55","slug":"studia-i-i-ii-stopnia","status":"publish","type":"page","link":"https:\/\/iro.pk.edu.pl\/pl\/o-nas\/studia-i-i-ii-stopnia\/","title":{"rendered":"Studia I i II stopnia"},"content":{"rendered":"\n<div class=\"wp-block-columns is-layout-flex wp-container-core-columns-is-layout-28f84493 wp-block-columns-is-layout-flex\">\n<div class=\"wp-block-column is-layout-flow wp-block-column-is-layout-flow\" style=\"flex-basis:75%\">\n<h2 class=\"wp-block-heading\">Studia in\u017cynierskie i magisterskie w roku akademickim 2025\/2026<\/h2>\n\n\n\n<h4 class=\"wp-block-heading\">Politechnika Krakowska oferuje wiele wariant\u00f3w studiowania. Obecnie oferta edukacyjna Uczelni obejmuje ponad 30 kierunk\u00f3w studi\u00f3w I i II stopnia, kt\u00f3re prowadzone s\u0105 na 8 wydzia\u0142ach. Na 7 wydzia\u0142ach mo\u017cna studiowa\u0107 w j\u0119zyku angielskim.&nbsp;<\/h4>\n\n\n\n<h4 class=\"wp-block-heading\">Prosimy o kontakt z&nbsp;w\u0142a\u015bciw\u0105 osob\u0105, w zale\u017cno\u015bci od wydzia\u0142u, na kt\u00f3rym kandydat chcia\u0142by podj\u0105\u0107 studia.<\/h4>\n\n\n\n<p><strong>Magdalena Baran <\/strong><a href=\"mailto:magdalena.baran@pk.edu.pl\" data-type=\"mailto\" data-id=\"mailto:magdalena.baran@pk.edu.pl\"><strong>magdalena.baran@pk.edu.pl<\/strong><\/a>\u00a0+48 12 628 30 44 \u00a0&#8211; kandydaci zainteresowani podj\u0119ciem studi\u00f3w na nast\u0119puj\u0105cych wydzia\u0142ach PK:\u00a0Wydzia\u0142 Architektury, Wydzia\u0142 In\u017cynierii Elektrycznej i Komputerowej, Wydzia\u0142 In\u017cynierii i Technologii Chemicznej, Wydzia\u0142 Mechaniczny;<\/p>\n\n\n\n<p><\/p>\n\n\n\n<p><strong>Justyna Bobek&nbsp;<\/strong><a href=\"mailto:justyna.bobek@pk.edu.pl\" data-type=\"mailto\" data-id=\"mailto:justyna.bobek@pk.edu.pl\">justyna.bobek@pk.edu.pl<\/a>&nbsp;tel. +48 12 628 20 09 &#8211; kandydaci zainteresowani podj\u0119ciem studi\u00f3w na nast\u0119puj\u0105cych wydzia\u0142ach PK: Wydzia\u0142 In\u017cynierii L\u0105dowej, Wydzia\u0142 In\u017cynierii Materia\u0142owej i Fizyki, Wydzia\u0142 Informatyki i Matematyki, Wydzia\u0142 In\u017cynierii \u015arodowiska i Energetyki.<\/p>\n\n\n\n<ul class=\"wp-block-list linki\">\n<li><a href=\"https:\/\/iro.pk.edu.pl\/pl\/studia-pelne-inzynierskie-i-magisterskie-w-roku-akademickim-2023-2024\/studia-pierwszego-stopnia\/\" target=\"_blank\" rel=\"noreferrer noopener\">Oferta studi\u00f3w I stopnia w j\u0119zyku polskim i angielskim<\/a><\/li>\n\n\n\n<li><a href=\"https:\/\/iro.pk.edu.pl\/pl\/studia-pelne-inzynierskie-i-magisterskie-w-roku-akademickim-2023-2024\/studia-drugiego-stopnia\/\" data-type=\"link\" data-id=\"https:\/\/iro.pk.edu.pl\/pl\/studia-pelne-inzynierskie-i-magisterskie-w-roku-akademickim-2023-2024\/studia-drugiego-stopnia\/\" target=\"_blank\" rel=\"noreferrer noopener\">Oferta studi\u00f3w II stopnia w j\u0119zyku polskim i angielskim<\/a><\/li>\n<\/ul>\n<\/div>\n\n\n\n<div class=\"wp-block-column is-layout-flow wp-block-column-is-layout-flow\" style=\"flex-basis:25%\"><\/div>\n<\/div>\n","protected":false},"excerpt":{"rendered":"<p>Studia in\u017cynierskie i magisterskie w roku akademickim 2025\/2026 Politechnika Krakowska oferuje wiele wariant\u00f3w studiowania. Obecnie [&hellip;]<\/p>\n","protected":false},"author":916,"featured_media":20068,"parent":12572,"menu_order":0,"comment_status":"closed","ping_status":"closed","template":"","meta":{"_acf_changed":false,"inline_featured_image":false,"_uag_custom_page_level_css":"","site-sidebar-layout":"default","site-content-layout":"","ast-site-content-layout":"default","site-content-style":"default","site-sidebar-style":"default","ast-global-header-display":"","ast-banner-title-visibility":"","ast-main-header-display":"","ast-hfb-above-header-display":"","ast-hfb-below-header-display":"","ast-hfb-mobile-header-display":"","site-post-title":"","ast-breadcrumbs-content":"","ast-featured-img":"","footer-sml-layout":"","ast-disable-related-posts":"","theme-transparent-header-meta":"","adv-header-id-meta":"","stick-header-meta":"","header-above-stick-meta":"","header-main-stick-meta":"","header-below-stick-meta":"","astra-migrate-meta-layouts":"set","ast-page-background-enabled":"default","ast-page-background-meta":{"desktop":{"background-color":"var(--ast-global-color-4)","background-image":"","background-repeat":"repeat","background-position":"center center","background-size":"auto","background-attachment":"scroll","background-type":"","background-media":"","overlay-type":"","overlay-color":"","overlay-opacity":"","overlay-gradient":""},"tablet":{"background-color":"","background-image":"","background-repeat":"repeat","background-position":"center center","background-size":"auto","background-attachment":"scroll","background-type":"","background-media":"","overlay-type":"","overlay-color":"","overlay-opacity":"","overlay-gradient":""},"mobile":{"background-color":"","background-image":"","background-repeat":"repeat","background-position":"center center","background-size":"auto","background-attachment":"scroll","background-type":"","background-media":"","overlay-type":"","overlay-color":"","overlay-opacity":"","overlay-gradient":""}},"ast-content-background-meta":{"desktop":{"background-color":"var(--ast-global-color-5)","background-image":"","background-repeat":"repeat","background-position":"center center","background-size":"auto","background-attachment":"scroll","background-type":"","background-media":"","overlay-type":"","overlay-color":"","overlay-opacity":"","overlay-gradient":""},"tablet":{"background-color":"var(--ast-global-color-5)","background-image":"","background-repeat":"repeat","background-position":"center center","background-size":"auto","background-attachment":"scroll","background-type":"","background-media":"","overlay-type":"","overlay-color":"","overlay-opacity":"","overlay-gradient":""},"mobile":{"background-color":"var(--ast-global-color-5)","background-image":"","background-repeat":"repeat","background-position":"center center","background-size":"auto","background-attachment":"scroll","background-type":"","background-media":"","overlay-type":"","overlay-color":"","overlay-opacity":"","overlay-gradient":""}},"footnotes":""},"class_list":["post-12779","page","type-page","status-publish","has-post-thumbnail","hentry"],"acf":[],"featured_image_src":"https:\/\/iro.pk.edu.pl\/wp-content\/uploads\/2024\/03\/niebieskie-tlo-symbol.png","uagb_featured_image_src":{"full":["https:\/\/iro.pk.edu.pl\/wp-content\/uploads\/2024\/03\/niebieskie-tlo-symbol.png",1200,675,false],"thumbnail":["https:\/\/iro.pk.edu.pl\/wp-content\/uploads\/2024\/03\/niebieskie-tlo-symbol-150x150.png",150,150,true],"medium":["https:\/\/iro.pk.edu.pl\/wp-content\/uploads\/2024\/03\/niebieskie-tlo-symbol-300x169.png",300,169,true],"medium_large":["https:\/\/iro.pk.edu.pl\/wp-content\/uploads\/2024\/03\/niebieskie-tlo-symbol-768x432.png",768,432,true],"large":["https:\/\/iro.pk.edu.pl\/wp-content\/uploads\/2024\/03\/niebieskie-tlo-symbol-1024x576.png",1024,576,true],"1536x1536":["https:\/\/iro.pk.edu.pl\/wp-content\/uploads\/2024\/03\/niebieskie-tlo-symbol.png",1200,675,false],"2048x2048":["https:\/\/iro.pk.edu.pl\/wp-content\/uploads\/2024\/03\/niebieskie-tlo-symbol.png",1200,675,false]},"uagb_author_info":{"display_name":"dkluczynski","author_link":"https:\/\/iro.pk.edu.pl\/pl\/author\/dkluczynski\/"},"uagb_comment_info":0,"uagb_excerpt":"Studia in\u017cynierskie i magisterskie w roku akademickim 2025\/2026 Politechnika Krakowska oferuje wiele wariant\u00f3w studiowania. Obecnie [&hellip;]","_links":{"self":[{"href":"https:\/\/iro.pk.edu.pl\/pl\/wp-json\/wp\/v2\/pages\/12779","targetHints":{"allow":["GET"]}}],"collection":[{"href":"https:\/\/iro.pk.edu.pl\/pl\/wp-json\/wp\/v2\/pages"}],"about":[{"href":"https:\/\/iro.pk.edu.pl\/pl\/wp-json\/wp\/v2\/types\/page"}],"author":[{"embeddable":true,"href":"https:\/\/iro.pk.edu.pl\/pl\/wp-json\/wp\/v2\/users\/916"}],"replies":[{"embeddable":true,"href":"https:\/\/iro.pk.edu.pl\/pl\/wp-json\/wp\/v2\/comments?post=12779"}],"version-history":[{"count":4,"href":"https:\/\/iro.pk.edu.pl\/pl\/wp-json\/wp\/v2\/pages\/12779\/revisions"}],"predecessor-version":[{"id":24794,"href":"https:\/\/iro.pk.edu.pl\/pl\/wp-json\/wp\/v2\/pages\/12779\/revisions\/24794"}],"up":[{"embeddable":true,"href":"https:\/\/iro.pk.edu.pl\/pl\/wp-json\/wp\/v2\/pages\/12572"}],"wp:featuredmedia":[{"embeddable":true,"href":"https:\/\/iro.pk.edu.pl\/pl\/wp-json\/wp\/v2\/media\/20068"}],"wp:attachment":[{"href":"https:\/\/iro.pk.edu.pl\/pl\/wp-json\/wp\/v2\/media?parent=12779"}],"curies":[{"name":"wp","href":"https:\/\/api.w.org\/{rel}","templated":true}]}}