{"id":12827,"date":"2023-08-18T13:47:07","date_gmt":"2023-08-18T11:47:07","guid":{"rendered":"https:\/\/iro.pk.edu.pl\/?page_id=12827"},"modified":"2024-10-28T13:46:10","modified_gmt":"2024-10-28T12:46:10","slug":"programy-stypendialne-pracownikow","status":"publish","type":"page","link":"https:\/\/iro.pk.edu.pl\/pl\/pracownicy\/programy-stypendialne-pracownikow\/","title":{"rendered":"Programy stypendialne dla pracownik\u00f3w"},"content":{"rendered":"\n<div class=\"wp-block-columns is-layout-flex wp-container-core-columns-is-layout-28f84493 wp-block-columns-is-layout-flex\">\n<div class=\"wp-block-column is-layout-flow wp-block-column-is-layout-flow\" style=\"flex-basis:75%\"><div class=\"wp-block-ub-content-toggle wp-block-ub-content-toggle-block\" id=\"ub-content-toggle-block-726b12d7-a39b-4983-b814-f5d9cd169b17\" data-mobilecollapse=\"false\" data-desktopcollapse=\"true\" data-preventcollapse=\"false\" data-showonlyone=\"true\">\n<div class=\"wp-block-ub-content-toggle-accordion\" style=\"border-color: #f1f1f1; \" id=\"ub-content-toggle-panel-block-\">\n\t\t\t<div class=\"wp-block-ub-content-toggle-accordion-title-wrap\" style=\"background-color: #f1f1f1;\" aria-controls=\"ub-content-toggle-panel-0-726b12d7-a39b-4983-b814-f5d9cd169b17\" tabindex=\"0\">\n\t\t\t<p class=\"wp-block-ub-content-toggle-accordion-title ub-content-toggle-title-726b12d7-a39b-4983-b814-f5d9cd169b17\" style=\"color: #000000; \">DAAD &#8211; Stypendia dla naukowc\u00f3w i nauczycieli akademickich<\/p>\n\t\t\t<div class=\"wp-block-ub-content-toggle-accordion-toggle-wrap right\" style=\"color: #000000;\"><span class=\"wp-block-ub-content-toggle-accordion-state-indicator wp-block-ub-chevron-down\"><\/span><\/div>\n\t\t<\/div>\n\t\t\t<div role=\"region\" aria-expanded=\"false\" class=\"wp-block-ub-content-toggle-accordion-content-wrap ub-hide\" id=\"ub-content-toggle-panel-0-726b12d7-a39b-4983-b814-f5d9cd169b17\">\n\n<p><strong>Broszura:<\/strong><\/p>\n\n\n\n<div class=\"wp-block-file\"><a id=\"wp-block-file--media-70867e48-c27a-4138-9cd0-20a1d4850774\" href=\"https:\/\/iro.pk.edu.pl\/wp-content\/uploads\/2023\/08\/Oferta-stypendialna-DAAD-na-rok-akademicki-2022-2023.pdf\">Oferta-stypendialna-DAAD-na-rok-akademicki-2022-2023<\/a><a href=\"https:\/\/iro.pk.edu.pl\/wp-content\/uploads\/2023\/08\/Oferta-stypendialna-DAAD-na-rok-akademicki-2022-2023.pdf\" class=\"wp-block-file__button wp-element-button\" download aria-describedby=\"wp-block-file--media-70867e48-c27a-4138-9cd0-20a1d4850774\">Pobierz<\/a><\/div>\n\n\n\n<p><strong>Stypendia na pobyty badawcze dla naukowc\u00f3w i nauczycieli akademickich<\/strong><br>Cel: stypendia dla naukowc\u00f3w zatrudnionych w szko\u0142ach wy\u017cszych lub instytutach badawczych umo\u017cliwiaj\u0105ce przeprowadzenie programu badawczego na jednej z niemieckich uczelni lub w instytucie naukowym<br>Czas trwania stypendium: od 1 do 3 miesi\u0119cy<br>Szczeg\u00f3\u0142y\u00a0<a href=\"https:\/\/www2.daad.de\/deutschland\/stipendium\/datenbank\/de\/21148-stipendiendatenbank\/?status=5&amp;origin=36&amp;subjectGrps=&amp;daad=&amp;q=&amp;page=1&amp;detail=50015456\" target=\"_blank\" rel=\"noreferrer noopener\">tutaj<\/a><\/p>\n\n\n\n<p><strong>Sta\u017ce artystyczne i pobyty naukowe dla nauczycieli akademickich z kierunk\u00f3w architektonicznych i artystycznych\u00a0\u00a0 \u00a0<\/strong><br>Umo\u017cliwia nauczycielom akademickim z dziedzin: architektura, muzyka, sztuki sceniczne, sztuki pi\u0119kne, wzornictwo\/komunikacja wizualna oraz film ubieganie si\u0119 o stypendium na sta\u017c artystyczny lub pobyt naukowy na jednej lub kilku uczelniach w Niemczech.<br>Czas trwania stypendium: od 1 do 3 miesi\u0119cy<br>Szczeg\u00f3\u0142y\u00a0<a href=\"https:\/\/www2.daad.de\/deutschland\/stipendium\/datenbank\/de\/21148-stipendiendatenbank\/?status=5&amp;origin=36&amp;subjectGrps=&amp;daad=&amp;q=&amp;page=1&amp;detail=50110016\" target=\"_blank\" rel=\"noreferrer noopener\">tutaj<\/a><\/p>\n\n\n\n<p><strong>DLR\/DAAD \u2013 Research-Fellowship-Programme\u00a0\u00a0<\/strong><br>Dla doktorant\u00f3w, m\u0142odych naukowc\u00f3w i do\u015bwiadczonych naukowc\u00f3w z dziedzin: lotnictwo i kosmonautyka, energia, transport. Stypendium na pobyt badawczy w jednym z instytut\u00f3w Niemieckiej Agencji Kosmicznej \u2013 Deutsches Zentrum f\u00fcr Luft- und Raumfahrt (DLR).<br>Czas trwania stypendium:<br>Doctoranci: do 3 lat<br>M\u0142odzi naukowcy: 6-24 miesi\u0119cy Do\u015bwiadczeni naukowcy: 1-3 miesi\u0119cy<br>Szczeg\u00f3\u0142y\u00a0<a href=\"https:\/\/www2.daad.de\/deutschland\/stipendium\/datenbank\/en\/21148-scholarship-database\/?status=&amp;origin=36&amp;subjectGrps=&amp;daad=&amp;q=dlr&amp;page=1&amp;detail=50019749\" target=\"_blank\" rel=\"noreferrer noopener\">tutaj<\/a><\/p>\n\n\n\n<p><strong>Wsp\u00f3lny program DAAD i Narodowej Agencji Wymiany Akademickiej (NAWA): Program wymiany bilateralnej pomi\u0119dzy Rzeczpospolit\u0105 Polsk\u0105 a Republik\u0105 Federaln\u0105 Niemiec<\/strong><br>Wsp\u00f3lne projekty badawcze mi\u0119dzy Polsk\u0105 a Niemcami.<br>Szczeg\u00f3\u0142y na stronie\u00a0<a href=\"https:\/\/nawa.gov.pl\/wspolpraca-i-wymiana-miedzynarodowa\/wspolne-projekty-badawcze\/nabory-2021\/wspolne-projekty-badawcze-miedzy-polska-a-niemcami\" target=\"_blank\" rel=\"noreferrer noopener\">NAWA<\/a><\/p>\n\n\n\n<p>DAAD (Niemiecka Centrala Wymiany Akademickiej):\u00a0<a href=\"https:\/\/www.daad.pl\/pl\/stypendia\/\" target=\"_blank\" rel=\"noreferrer noopener\">https:\/\/www.daad.pl\/pl\/stypendia\/<\/a><\/p>\n\n<\/div>\n\t\t<\/div>\n\n<div class=\"wp-block-ub-content-toggle-accordion\" style=\"border-color: #f1f1f1; \" id=\"ub-content-toggle-panel-block-\">\n\t\t\t<div class=\"wp-block-ub-content-toggle-accordion-title-wrap\" style=\"background-color: #f1f1f1;\" aria-controls=\"ub-content-toggle-panel-1-726b12d7-a39b-4983-b814-f5d9cd169b17\" tabindex=\"0\">\n\t\t\t<p class=\"wp-block-ub-content-toggle-accordion-title ub-content-toggle-title-726b12d7-a39b-4983-b814-f5d9cd169b17\" style=\"color: #000000; \">CEEPUS dla pracownik\u00f3w<\/p>\n\t\t\t<div class=\"wp-block-ub-content-toggle-accordion-toggle-wrap right\" style=\"color: #000000;\"><span class=\"wp-block-ub-content-toggle-accordion-state-indicator wp-block-ub-chevron-down\"><\/span><\/div>\n\t\t<\/div>\n\t\t\t<div role=\"region\" aria-expanded=\"false\" class=\"wp-block-ub-content-toggle-accordion-content-wrap ub-hide\" id=\"ub-content-toggle-panel-1-726b12d7-a39b-4983-b814-f5d9cd169b17\">\n\n<p>Program skierowany do pracownik\u00f3w naukowych, kt\u00f3rzy chc\u0105 wyjecha\u0107 do Albanii, Austrii, Bu\u0142garii, Chorwacji, Czarnog\u00f3ry, Czech, Macedonii, Mo\u0142dawii, Rumuni, S\u0142owacji, S\u0142owenii, Serbii, W\u0119gier, Bo\u015bni i\u00a0Hercegowiny oraz Kosowa \u2013Uniwersytet w\u00a0Prisztinie.<\/p>\n\n\n\n<p>Program obejmuje kr\u00f3tkoterminowe stypendia w ramach sta\u017cy naukowych w ramach Sieci Akademickich.<\/p>\n\n\n\n<p>Termin sk\u0142adania dokument\u00f3w: na semestr zimowy do dnia\u00a0<strong>15 czerwca<\/strong>, na semestr letni do dnia\u00a0<strong>15 pa\u017adziernika<\/strong><\/p>\n\n\n\n<p>Kontakt:\u00a0<a href=\"mailto:biuro@nawa.gov.pl\" target=\"_blank\" rel=\"noreferrer noopener\">biuro@nawa.gov.pl<\/a><\/p>\n\n\n\n<p>Szczeg\u00f3\u0142owe informacje:\u00a0<a href=\"https:\/\/nawa.gov.pl\/naukowcy\/ceepus\" target=\"_blank\" rel=\"noreferrer noopener\">https:\/\/nawa.gov.pl\/naukowcy\/ceepus<\/a><\/p>\n\n\n\n<p>CEEPUS:\u00a0<a href=\"https:\/\/www.ceepus.info\/\" target=\"_blank\" rel=\"noreferrer noopener\">https:\/\/www.ceepus.info\/<\/a><\/p>\n\n<\/div>\n\t\t<\/div>\n\n<div class=\"wp-block-ub-content-toggle-accordion\" style=\"border-color: #f1f1f1; \" id=\"ub-content-toggle-panel-block-\">\n\t\t\t<div class=\"wp-block-ub-content-toggle-accordion-title-wrap\" style=\"background-color: #f1f1f1;\" aria-controls=\"ub-content-toggle-panel-2-726b12d7-a39b-4983-b814-f5d9cd169b17\" tabindex=\"0\">\n\t\t\t<p class=\"wp-block-ub-content-toggle-accordion-title ub-content-toggle-title-726b12d7-a39b-4983-b814-f5d9cd169b17\" style=\"color: #000000; \">Stypendia Fulbrighta dla pracownik\u00f3w<\/p>\n\t\t\t<div class=\"wp-block-ub-content-toggle-accordion-toggle-wrap right\" style=\"color: #000000;\"><span class=\"wp-block-ub-content-toggle-accordion-state-indicator wp-block-ub-chevron-down\"><\/span><\/div>\n\t\t<\/div>\n\t\t\t<div role=\"region\" aria-expanded=\"false\" class=\"wp-block-ub-content-toggle-accordion-content-wrap ub-hide\" id=\"ub-content-toggle-panel-2-726b12d7-a39b-4983-b814-f5d9cd169b17\">\n\n<p><a href=\"http:\/\/fulbright.edu.pl\/specialist\/\"><strong>Fulbright Specialist Program 2025-26.<\/strong><\/a><strong>\u00a0<\/strong><\/p>\n\n\n\n<p>Program umo\u017cliwia polskim uczelniom zaproszenie i\u00a0nawi\u0105zanie wsp\u00f3\u0142pracy z wybitnymi ameryka\u0144skimi specjalistami i specjalistkami oraz wsp\u00f3ln\u0105 realizacj\u0119 projektu w ramach wizyty w Polsce (od 14 do 42 dni).<\/p>\n\n\n\n<p>Wnioski z opisem projektu w imieniu uczelni mog\u0105 sk\u0142ada\u0107 pracownicy, a projekt mo\u017ce dotyczy\u0107 ka\u017cdej dyscypliny naukowej. Aktywno\u015bci w ramach planowanej wizyty specjalisty z USA mog\u0105 obejmowa\u0107 prowadzenie lub\u00a0uczestniczenie w\u00a0m.in. wyk\u0142adach, seminariach i warsztatach, sympozjach, konferencjach, konsultacjach w zakresie prac programowych oraz rozwoju kadry administracyjnej\/pracownik\u00f3w naukowo-badawczych, wykonywanie ocen i ekspertyz, czy te\u017c rozwijanie projekt\u00f3w badawczych.<\/p>\n\n\n\n<p>Stypendysta programu otrzymuje od programu Fulbrighta honorarium oraz pokrycie koszt\u00f3w przelotu do i z Polski. Instytucja goszcz\u0105ca zobowi\u0105zana jest do pokrycia koszt\u00f3w stypendysty zwi\u0105zanych z zakwaterowaniem, wy\u017cywieniem i podr\u00f3\u017cy krajowych.<\/p>\n\n\n\n<p>Priorytetowo traktowane s\u0105 projekty po\u015bwi\u0119cone udost\u0119pnianiu, upowszechnianiu i wdra\u017caniu\u00a0<strong>najlepszych praktyk na rzecz innowacyjnej edukacji.<\/strong> Komisja zach\u0119ca te\u017c polskie instytucje do realizacji projekt\u00f3w, kt\u00f3re maj\u0105 na celu wsparcie Ukrainy i\/lub os\u00f3b uchod\u017aczych z Ukrainy.<\/p>\n\n\n\n<p>W trwaj\u0105cym naborze przyjmowane s\u0105 wnioski na wizyty w Polsce planowane na okres\u00a0 pomi\u0119dzy 1 wrze\u015bnia 2025 r., a 30 wrze\u015bnia 2026 r.\u00a0<\/p>\n\n\n\n<p>Warunkiem uczestnictwa w konkursie jest z\u0142o\u017cenie przez przedstawiciela instytucji goszcz\u0105cej\u00a0<strong>wniosku zg\u0142oszeniowego w wersji elektronicznej do 9 stycznia 2025 r.\u00a0<\/strong>Link do elektronicznego systemu sk\u0142adania wniosk\u00f3w\u00a0znajduj\u0105 si\u0119 na stronie\u00a0<a href=\"https:\/\/fulbright.edu.pl\/specialist\/\">https:\/\/fulbright.edu.pl\/specialist\/<\/a>\u00a0\u00a0<\/p>\n\n\n\n<p>Zainteresowane osoby zapraszamy na sesj\u0119 informacyjn\u0105, kt\u00f3ra odb\u0119dzie si\u0119 na platformie Zoom w dniu\u00a0<strong>20 listopada o godz. 15:00<\/strong>. Formularz rejestracyjny:\u00a0<a href=\"https:\/\/us06web.zoom.us\/meeting\/register\/tZcqcO6gqj8sHdP_DMC9bToLM93HIwnHWm7O\">https:\/\/us06web.zoom.us\/meeting\/register\/tZcqcO6gqj8sHdP_DMC9bToLM93HIwnHWm7O<\/a>\u00a0<\/p>\n\n\n\n<p><\/p>\n\n\n\n<div class=\"wp-block-uagb-separator uagb-block-bdc93c08\"><div class=\"wp-block-uagb-separator__inner\" style=\"--my-background-image:\"><\/div><\/div>\n\n\n\n<p><a href=\"https:\/\/fulbright.edu.pl\/senior-award\/\"><strong>Senior Award 2025-26<\/strong><\/a><\/p>\n\n\n\n<p>Fulbright Senior Award 2025-26 to program umo\u017cliwiaj\u0105cy <strong>osobom z polskim obywatelstwem zatrudnionym w polskich instytucjach akademickich i naukowych realizacj\u0119 samodzielnych projekt\u00f3w badawczych lub badawczo-dydaktycznych<\/strong> w instytucji goszcz\u0105cej w USA (tj. ameryka\u0144skiej uczelni, instytucie badawczym non-profit lub instytucji rz\u0105dowe). Stypendium, trwaj\u0105ce <strong>od 3 do 10 miesi\u0119cy,<\/strong> skierowane jest do pracownik\u00f3w i pracowniczek badawczych i dydaktycznych na ka\u017cdym etapie kariery po uzyskaniu stopnia doktora. Przyjmujemy zg\u0142oszenia ze wszystkich dziedzin z wy\u0142\u0105czeniem projekt\u00f3w wymagaj\u0105cych bezpo\u015bredniego kontaktu z pacjentem. Nab\u00f3r wniosk\u00f3w trwa <strong>do 5 czerwca 2024.<\/strong><\/p>\n\n\n\n<p>Wi\u0119cej informacji: <a href=\"https:\/\/fulbright.edu.pl\/senior-award\/\">https:\/\/fulbright.edu.pl\/senior-award\/<\/a><\/p>\n\n\n\n<div class=\"wp-block-uagb-separator uagb-block-25e22948\"><div class=\"wp-block-uagb-separator__inner\" style=\"--my-background-image:\"><\/div><\/div>\n\n\n\n<p><a href=\"https:\/\/fulbright.edu.pl\/stem-impact\/\"><strong>STEM Impact Award 2024-25<\/strong><\/a><\/p>\n\n\n\n<p>Fulbright STEM Impact Award 2024-25 to program <strong>dla os\u00f3b z polskim obywatelstwem, kt\u00f3re kieruj\u0105 projektami badawczymi z obszar\u00f3w STEM i s\u0105 zatrudnione w polskich instytucjach akademickich i naukowych<\/strong>. Stypendium pozwala na realizacj\u0119 <strong>kr\u00f3tkoterminowego (2-6 tygodni) projektu<\/strong> badawczego, dydaktycznego lub badawczo-dydaktycznego oraz na poszerzenie wiedzy z zakresu komercjalizacji nauki <strong>lub<\/strong> skutecznego pisania wniosk\u00f3w grantowych w instytucjach w USA. Stypendium przeznaczone jest do pracownik\u00f3w i pracowniczek badawczych i dydaktycznych z do\u015bwiadczeniem w zarz\u0105dzaniu projektami badawczymi i nadzorowaniu pracy innych naukowc\u00f3w. Nab\u00f3r wniosk\u00f3w trwa <strong>do 20 maja 2024.<\/strong><\/p>\n\n\n\n<p>Wi\u0119cej informacji: <a href=\"https:\/\/fulbright.edu.pl\/stem-impact\/\">https:\/\/fulbright.edu.pl\/stem-impact\/<\/a><\/p>\n\n\n\n<p>Szczeg\u00f3\u0142owe informacje:\u00a0<a href=\"https:\/\/www.fulbright.edu.pl\/\" target=\"_blank\" rel=\"noreferrer noopener\">https:\/\/www.fulbright.edu.pl\/<\/a><\/p>\n\n\n\n<figure class=\"wp-block-image size-large is-resized\"><img loading=\"lazy\" decoding=\"async\" width=\"725\" height=\"1024\" src=\"https:\/\/iro.pk.edu.pl\/wp-content\/uploads\/2023\/08\/plakat-ogolny-725x1024.jpg\" alt=\"\" class=\"wp-image-12845\" style=\"width:544px;height:768px\" srcset=\"https:\/\/iro.pk.edu.pl\/wp-content\/uploads\/2023\/08\/plakat-ogolny-725x1024.jpg 725w, https:\/\/iro.pk.edu.pl\/wp-content\/uploads\/2023\/08\/plakat-ogolny-212x300.jpg 212w, https:\/\/iro.pk.edu.pl\/wp-content\/uploads\/2023\/08\/plakat-ogolny-768x1084.jpg 768w, https:\/\/iro.pk.edu.pl\/wp-content\/uploads\/2023\/08\/plakat-ogolny-1088x1536.jpg 1088w, https:\/\/iro.pk.edu.pl\/wp-content\/uploads\/2023\/08\/plakat-ogolny-1451x2048.jpg 1451w, https:\/\/iro.pk.edu.pl\/wp-content\/uploads\/2023\/08\/plakat-ogolny-scaled.jpg 1813w\" sizes=\"auto, (max-width: 725px) 100vw, 725px\" \/><\/figure>\n\n<\/div>\n\t\t<\/div>\n<\/div><\/div>\n\n\n\n<div class=\"wp-block-column is-layout-flow wp-block-column-is-layout-flow\" style=\"flex-basis:25%\"><\/div>\n<\/div>\n","protected":false},"excerpt":{"rendered":"","protected":false},"author":916,"featured_media":20068,"parent":12761,"menu_order":0,"comment_status":"closed","ping_status":"closed","template":"","meta":{"_acf_changed":false,"inline_featured_image":false,"_uag_custom_page_level_css":"","site-sidebar-layout":"default","site-content-layout":"","ast-site-content-layout":"default","site-content-style":"default","site-sidebar-style":"default","ast-global-header-display":"","ast-banner-title-visibility":"","ast-main-header-display":"","ast-hfb-above-header-display":"","ast-hfb-below-header-display":"","ast-hfb-mobile-header-display":"","site-post-title":"","ast-breadcrumbs-content":"","ast-featured-img":"","footer-sml-layout":"","ast-disable-related-posts":"","theme-transparent-header-meta":"","adv-header-id-meta":"","stick-header-meta":"","header-above-stick-meta":"","header-main-stick-meta":"","header-below-stick-meta":"","astra-migrate-meta-layouts":"set","ast-page-background-enabled":"default","ast-page-background-meta":{"desktop":{"background-color":"var(--ast-global-color-4)","background-image":"","background-repeat":"repeat","background-position":"center center","background-size":"auto","background-attachment":"scroll","background-type":"","background-media":"","overlay-type":"","overlay-color":"","overlay-opacity":"","overlay-gradient":""},"tablet":{"background-color":"","background-image":"","background-repeat":"repeat","background-position":"center center","background-size":"auto","background-attachment":"scroll","background-type":"","background-media":"","overlay-type":"","overlay-color":"","overlay-opacity":"","overlay-gradient":""},"mobile":{"background-color":"","background-image":"","background-repeat":"repeat","background-position":"center center","background-size":"auto","background-attachment":"scroll","background-type":"","background-media":"","overlay-type":"","overlay-color":"","overlay-opacity":"","overlay-gradient":""}},"ast-content-background-meta":{"desktop":{"background-color":"var(--ast-global-color-5)","background-image":"","background-repeat":"repeat","background-position":"center center","background-size":"auto","background-attachment":"scroll","background-type":"","background-media":"","overlay-type":"","overlay-color":"","overlay-opacity":"","overlay-gradient":""},"tablet":{"background-color":"var(--ast-global-color-5)","background-image":"","background-repeat":"repeat","background-position":"center center","background-size":"auto","background-attachment":"scroll","background-type":"","background-media":"","overlay-type":"","overlay-color":"","overlay-opacity":"","overlay-gradient":""},"mobile":{"background-color":"var(--ast-global-color-5)","background-image":"","background-repeat":"repeat","background-position":"center center","background-size":"auto","background-attachment":"scroll","background-type":"","background-media":"","overlay-type":"","overlay-color":"","overlay-opacity":"","overlay-gradient":""}},"footnotes":""},"class_list":["post-12827","page","type-page","status-publish","has-post-thumbnail","hentry"],"acf":[],"featured_image_src":"https:\/\/iro.pk.edu.pl\/wp-content\/uploads\/2024\/03\/niebieskie-tlo-symbol.png","uagb_featured_image_src":{"full":["https:\/\/iro.pk.edu.pl\/wp-content\/uploads\/2024\/03\/niebieskie-tlo-symbol.png",1200,675,false],"thumbnail":["https:\/\/iro.pk.edu.pl\/wp-content\/uploads\/2024\/03\/niebieskie-tlo-symbol-150x150.png",150,150,true],"medium":["https:\/\/iro.pk.edu.pl\/wp-content\/uploads\/2024\/03\/niebieskie-tlo-symbol-300x169.png",300,169,true],"medium_large":["https:\/\/iro.pk.edu.pl\/wp-content\/uploads\/2024\/03\/niebieskie-tlo-symbol-768x432.png",768,432,true],"large":["https:\/\/iro.pk.edu.pl\/wp-content\/uploads\/2024\/03\/niebieskie-tlo-symbol-1024x576.png",1024,576,true],"1536x1536":["https:\/\/iro.pk.edu.pl\/wp-content\/uploads\/2024\/03\/niebieskie-tlo-symbol.png",1200,675,false],"2048x2048":["https:\/\/iro.pk.edu.pl\/wp-content\/uploads\/2024\/03\/niebieskie-tlo-symbol.png",1200,675,false]},"uagb_author_info":{"display_name":"dkluczynski","author_link":"https:\/\/iro.pk.edu.pl\/pl\/author\/dkluczynski\/"},"uagb_comment_info":0,"uagb_excerpt":null,"_links":{"self":[{"href":"https:\/\/iro.pk.edu.pl\/pl\/wp-json\/wp\/v2\/pages\/12827","targetHints":{"allow":["GET"]}}],"collection":[{"href":"https:\/\/iro.pk.edu.pl\/pl\/wp-json\/wp\/v2\/pages"}],"about":[{"href":"https:\/\/iro.pk.edu.pl\/pl\/wp-json\/wp\/v2\/types\/page"}],"author":[{"embeddable":true,"href":"https:\/\/iro.pk.edu.pl\/pl\/wp-json\/wp\/v2\/users\/916"}],"replies":[{"embeddable":true,"href":"https:\/\/iro.pk.edu.pl\/pl\/wp-json\/wp\/v2\/comments?post=12827"}],"version-history":[{"count":0,"href":"https:\/\/iro.pk.edu.pl\/pl\/wp-json\/wp\/v2\/pages\/12827\/revisions"}],"up":[{"embeddable":true,"href":"https:\/\/iro.pk.edu.pl\/pl\/wp-json\/wp\/v2\/pages\/12761"}],"wp:featuredmedia":[{"embeddable":true,"href":"https:\/\/iro.pk.edu.pl\/pl\/wp-json\/wp\/v2\/media\/20068"}],"wp:attachment":[{"href":"https:\/\/iro.pk.edu.pl\/pl\/wp-json\/wp\/v2\/media?parent=12827"}],"curies":[{"name":"wp","href":"https:\/\/api.w.org\/{rel}","templated":true}]}}