{"id":12857,"date":"2023-08-18T13:52:37","date_gmt":"2023-08-18T11:52:37","guid":{"rendered":"https:\/\/iro.pk.edu.pl\/?page_id=12857"},"modified":"2023-11-20T17:25:23","modified_gmt":"2023-11-20T16:25:23","slug":"wyjazdy-zagraniczne","status":"publish","type":"page","link":"https:\/\/iro.pk.edu.pl\/pl\/pracownicy\/wyjazdy-zagraniczne\/","title":{"rendered":"Wyjazdy zagraniczne"},"content":{"rendered":"\n<div class=\"wp-block-columns is-layout-flex wp-container-core-columns-is-layout-28f84493 wp-block-columns-is-layout-flex\">\n<div class=\"wp-block-column is-layout-flow wp-block-column-is-layout-flow\" style=\"flex-basis:75%\">\n<p><strong>Spos\u00f3b post\u0119powania przy wnioskowaniu, odbywaniu i rozliczaniu wyjazd\u00f3w zagranicznych okre\u015blaj\u0105:<\/strong><\/p>\n\n\n\n<div class=\"wp-block-file\"><a id=\"wp-block-file--media-7a770a3f-3c72-4232-8885-5170202f5af8\" href=\"https:\/\/iro.pk.edu.pl\/wp-content\/uploads\/2023\/08\/Zasady-wnioskowania-kierowania-oraz-realizacji-wyjazdow-zagranicznych.pdf\">Zasady wnioskowania, kierowania oraz realizacji wyjazdow zagranicznych<\/a><a href=\"https:\/\/iro.pk.edu.pl\/wp-content\/uploads\/2023\/08\/Zasady-wnioskowania-kierowania-oraz-realizacji-wyjazdow-zagranicznych.pdf\" class=\"wp-block-file__button wp-element-button\" download aria-describedby=\"wp-block-file--media-7a770a3f-3c72-4232-8885-5170202f5af8\">Pobierz<\/a><\/div>\n\n\n\n<div style=\"height:20px\" aria-hidden=\"true\" class=\"wp-block-spacer\"><\/div>\n\n\n\n<p><strong>Przebieg wyjazdu nale\u017cy dokumentowa\u0107 zgodnie z Zasadami, z wykorzystaniem okre\u015blonych wzor\u00f3w dokument\u00f3w:<\/strong><\/p>\n\n\n\n<div class=\"wp-block-file\"><a id=\"wp-block-file--media-d5b3fdb3-2eba-45df-b24d-67b1d7f607bb\" href=\"https:\/\/iro.pk.edu.pl\/wp-content\/uploads\/2023\/08\/Wniosek-o-wyjazd-zagraniczny.doc\">Wniosek o wyjazd zagraniczny<\/a><a href=\"https:\/\/iro.pk.edu.pl\/wp-content\/uploads\/2023\/08\/Wniosek-o-wyjazd-zagraniczny.doc\" class=\"wp-block-file__button wp-element-button\" download aria-describedby=\"wp-block-file--media-d5b3fdb3-2eba-45df-b24d-67b1d7f607bb\">Pobierz<\/a><\/div>\n\n\n\n<div class=\"wp-block-file\"><a id=\"wp-block-file--media-1bee20ce-32f3-43b1-8f31-0085c53b41cc\" href=\"https:\/\/iro.pk.edu.pl\/wp-content\/uploads\/2023\/08\/Wniosek-o-przekazanie-na-rachunek-bankowy-zaliczki-na-wyjazd-zagraniczny.doc\">Wniosek o przekazanie na rachunek bankowy zaliczki na wyjazd zagraniczny<\/a><a href=\"https:\/\/iro.pk.edu.pl\/wp-content\/uploads\/2023\/08\/Wniosek-o-przekazanie-na-rachunek-bankowy-zaliczki-na-wyjazd-zagraniczny.doc\" class=\"wp-block-file__button wp-element-button\" download aria-describedby=\"wp-block-file--media-1bee20ce-32f3-43b1-8f31-0085c53b41cc\">Pobierz<\/a><\/div>\n\n\n\n<div class=\"wp-block-file\"><a id=\"wp-block-file--media-5a627ee5-da65-48d7-93fa-62f4913e050a\" href=\"https:\/\/iro.pk.edu.pl\/wp-content\/uploads\/2023\/08\/Rozliczenie-wyjazdu.doc\">Rozliczenie wyjazdu<\/a><a href=\"https:\/\/iro.pk.edu.pl\/wp-content\/uploads\/2023\/08\/Rozliczenie-wyjazdu.doc\" class=\"wp-block-file__button wp-element-button\" download aria-describedby=\"wp-block-file--media-5a627ee5-da65-48d7-93fa-62f4913e050a\">Pobierz<\/a><\/div>\n\n\n\n<div style=\"height:20px\" aria-hidden=\"true\" class=\"wp-block-spacer\"><\/div>\n\n\n\n<p>Wyjazd nale\u017cy rozliczy\u0107 w Dziale Finansowym w terminie do 14 dni od jego zako\u0144czenia.<\/p>\n\n\n\n<div style=\"height:20px\" aria-hidden=\"true\" class=\"wp-block-spacer\"><\/div>\n\n\n\n<p><strong>Wysoko\u015b\u0107 diet oraz kwoty limitu za nocleg zale\u017cne s\u0105 od docelowego pa\u0144stwa (pa\u0144stw) podr\u00f3\u017cy. Aktualnie obowi\u0105zuj\u0105&nbsp;nast\u0119puj\u0105ce stawki:<\/strong><\/p>\n\n\n\n<div class=\"wp-block-file\"><a id=\"wp-block-file--media-3f440e22-7f4d-4e68-9a16-b2b9481687d9\" href=\"https:\/\/iro.pk.edu.pl\/wp-content\/uploads\/2023\/08\/aktualne-stawki.pdf\">Aktualne stawki<\/a><a href=\"https:\/\/iro.pk.edu.pl\/wp-content\/uploads\/2023\/08\/aktualne-stawki.pdf\" class=\"wp-block-file__button wp-element-button\" download aria-describedby=\"wp-block-file--media-3f440e22-7f4d-4e68-9a16-b2b9481687d9\">Pobierz<\/a><\/div>\n\n\n\n<div style=\"height:20px\" aria-hidden=\"true\" class=\"wp-block-spacer\"><\/div>\n\n\n\n<p>Pracownicy kt\u00f3rzy w ramach swoich obowi\u0105zk\u00f3w s\u0142u\u017cbowych wyje\u017cd\u017caj\u0105 do pa\u0144stw Unii Europejskiej, mog\u0105 ubiega\u0107 si\u0119 o potwierdzenie za\u015bwiadczenia A1 dla pracownika delegowanego.<br>A-1 to za\u015bwiadczenie o ustawodawstwie dotycz\u0105cym zabezpieczenia spo\u0142ecznego maj\u0105cym zastosowanie do osoby uprawnionej. Za\u015bwiadczenie to wydaje si\u0119 w celu potwierdzenia, kt\u00f3remu ustawodawstwu zabezpieczenia spo\u0142ecznego pracownik podlega, oraz po\u015bwiadczenia, \u017ce pracownik nie jest zobowi\u0105zany do op\u0142acania sk\u0142adek w innym pa\u0144stwie.&nbsp;<strong><a href=\"https:\/\/www.zus.pl\/pracujacy\/pracujacy-w-ue-eog-szwajcarii\/formularze\/formularz-a1\" target=\"_blank\" rel=\"noreferrer noopener\">Formularz A1<\/a><\/strong>&nbsp;jest podstaw\u0105 do wydania europejskiej karty ubezpieczenia zdrowotnego (EKUZ).&nbsp;W\u0142a\u015bciwe dane potrzebne do wype\u0142nienia za\u015bwiadczenia A1 nale\u017cy z\u0142o\u017cy\u0107 w Dziale Spraw Osobowych i Socjalnych co najmniej na 14 dni przed planowanym terminem wyjazdu s\u0142u\u017cbowego.&nbsp;Za\u015bwiadczenie jest potwierdzane przez ZUS w terminie do 7 dni roboczych.<\/p>\n<\/div>\n\n\n\n<div class=\"wp-block-column is-layout-flow wp-block-column-is-layout-flow\" style=\"flex-basis:25%\"><\/div>\n<\/div>\n","protected":false},"excerpt":{"rendered":"<p>Spos\u00f3b post\u0119powania przy wnioskowaniu, odbywaniu i rozliczaniu wyjazd\u00f3w zagranicznych okre\u015blaj\u0105: Przebieg wyjazdu nale\u017cy dokumentowa\u0107 zgodnie [&hellip;]<\/p>\n","protected":false},"author":916,"featured_media":20068,"parent":12761,"menu_order":0,"comment_status":"closed","ping_status":"closed","template":"","meta":{"_acf_changed":false,"inline_featured_image":false,"_uag_custom_page_level_css":"","site-sidebar-layout":"default","site-content-layout":"","ast-site-content-layout":"default","site-content-style":"default","site-sidebar-style":"default","ast-global-header-display":"","ast-banner-title-visibility":"","ast-main-header-display":"","ast-hfb-above-header-display":"","ast-hfb-below-header-display":"","ast-hfb-mobile-header-display":"","site-post-title":"","ast-breadcrumbs-content":"","ast-featured-img":"","footer-sml-layout":"","ast-disable-related-posts":"","theme-transparent-header-meta":"","adv-header-id-meta":"","stick-header-meta":"","header-above-stick-meta":"","header-main-stick-meta":"","header-below-stick-meta":"","astra-migrate-meta-layouts":"set","ast-page-background-enabled":"default","ast-page-background-meta":{"desktop":{"background-color":"var(--ast-global-color-4)","background-image":"","background-repeat":"repeat","background-position":"center center","background-size":"auto","background-attachment":"scroll","background-type":"","background-media":"","overlay-type":"","overlay-color":"","overlay-opacity":"","overlay-gradient":""},"tablet":{"background-color":"","background-image":"","background-repeat":"repeat","background-position":"center center","background-size":"auto","background-attachment":"scroll","background-type":"","background-media":"","overlay-type":"","overlay-color":"","overlay-opacity":"","overlay-gradient":""},"mobile":{"background-color":"","background-image":"","background-repeat":"repeat","background-position":"center center","background-size":"auto","background-attachment":"scroll","background-type":"","background-media":"","overlay-type":"","overlay-color":"","overlay-opacity":"","overlay-gradient":""}},"ast-content-background-meta":{"desktop":{"background-color":"var(--ast-global-color-5)","background-image":"","background-repeat":"repeat","background-position":"center center","background-size":"auto","background-attachment":"scroll","background-type":"","background-media":"","overlay-type":"","overlay-color":"","overlay-opacity":"","overlay-gradient":""},"tablet":{"background-color":"var(--ast-global-color-5)","background-image":"","background-repeat":"repeat","background-position":"center center","background-size":"auto","background-attachment":"scroll","background-type":"","background-media":"","overlay-type":"","overlay-color":"","overlay-opacity":"","overlay-gradient":""},"mobile":{"background-color":"var(--ast-global-color-5)","background-image":"","background-repeat":"repeat","background-position":"center center","background-size":"auto","background-attachment":"scroll","background-type":"","background-media":"","overlay-type":"","overlay-color":"","overlay-opacity":"","overlay-gradient":""}},"footnotes":""},"class_list":["post-12857","page","type-page","status-publish","has-post-thumbnail","hentry"],"acf":[],"featured_image_src":"https:\/\/iro.pk.edu.pl\/wp-content\/uploads\/2024\/03\/niebieskie-tlo-symbol.png","uagb_featured_image_src":{"full":["https:\/\/iro.pk.edu.pl\/wp-content\/uploads\/2024\/03\/niebieskie-tlo-symbol.png",1200,675,false],"thumbnail":["https:\/\/iro.pk.edu.pl\/wp-content\/uploads\/2024\/03\/niebieskie-tlo-symbol-150x150.png",150,150,true],"medium":["https:\/\/iro.pk.edu.pl\/wp-content\/uploads\/2024\/03\/niebieskie-tlo-symbol-300x169.png",300,169,true],"medium_large":["https:\/\/iro.pk.edu.pl\/wp-content\/uploads\/2024\/03\/niebieskie-tlo-symbol-768x432.png",768,432,true],"large":["https:\/\/iro.pk.edu.pl\/wp-content\/uploads\/2024\/03\/niebieskie-tlo-symbol-1024x576.png",1024,576,true],"1536x1536":["https:\/\/iro.pk.edu.pl\/wp-content\/uploads\/2024\/03\/niebieskie-tlo-symbol.png",1200,675,false],"2048x2048":["https:\/\/iro.pk.edu.pl\/wp-content\/uploads\/2024\/03\/niebieskie-tlo-symbol.png",1200,675,false]},"uagb_author_info":{"display_name":"dkluczynski","author_link":"https:\/\/iro.pk.edu.pl\/pl\/author\/dkluczynski\/"},"uagb_comment_info":0,"uagb_excerpt":"Spos\u00f3b post\u0119powania przy wnioskowaniu, odbywaniu i rozliczaniu wyjazd\u00f3w zagranicznych okre\u015blaj\u0105: Przebieg wyjazdu nale\u017cy dokumentowa\u0107 zgodnie [&hellip;]","_links":{"self":[{"href":"https:\/\/iro.pk.edu.pl\/pl\/wp-json\/wp\/v2\/pages\/12857","targetHints":{"allow":["GET"]}}],"collection":[{"href":"https:\/\/iro.pk.edu.pl\/pl\/wp-json\/wp\/v2\/pages"}],"about":[{"href":"https:\/\/iro.pk.edu.pl\/pl\/wp-json\/wp\/v2\/types\/page"}],"author":[{"embeddable":true,"href":"https:\/\/iro.pk.edu.pl\/pl\/wp-json\/wp\/v2\/users\/916"}],"replies":[{"embeddable":true,"href":"https:\/\/iro.pk.edu.pl\/pl\/wp-json\/wp\/v2\/comments?post=12857"}],"version-history":[{"count":0,"href":"https:\/\/iro.pk.edu.pl\/pl\/wp-json\/wp\/v2\/pages\/12857\/revisions"}],"up":[{"embeddable":true,"href":"https:\/\/iro.pk.edu.pl\/pl\/wp-json\/wp\/v2\/pages\/12761"}],"wp:featuredmedia":[{"embeddable":true,"href":"https:\/\/iro.pk.edu.pl\/pl\/wp-json\/wp\/v2\/media\/20068"}],"wp:attachment":[{"href":"https:\/\/iro.pk.edu.pl\/pl\/wp-json\/wp\/v2\/media?parent=12857"}],"curies":[{"name":"wp","href":"https:\/\/api.w.org\/{rel}","templated":true}]}}