{"id":12953,"date":"2023-08-18T14:21:45","date_gmt":"2023-08-18T12:21:45","guid":{"rendered":"https:\/\/iro.pk.edu.pl\/?page_id=12953"},"modified":"2025-08-19T14:29:22","modified_gmt":"2025-08-19T12:29:22","slug":"procedura-mobilnosci","status":"publish","type":"page","link":"https:\/\/iro.pk.edu.pl\/pl\/studenci\/wymiana-studencka\/procedura-mobilnosci\/","title":{"rendered":"Procedura mobilno\u015bci"},"content":{"rendered":"\n<div class=\"wp-block-columns is-layout-flex wp-container-core-columns-is-layout-28f84493 wp-block-columns-is-layout-flex\">\n<div class=\"wp-block-column is-layout-flow wp-block-column-is-layout-flow\" style=\"flex-basis:75%\">\n<h2 class=\"wp-block-heading has-medium-font-size\"><strong>Procedura mobilno\u015bci studenckiej w ramach um\u00f3w bilateralnych&nbsp;(poza programem Erasmus+)<\/strong><\/h2>\n\n\n\n<h2 class=\"wp-block-heading has-medium-font-size\"><strong>Studenci PK wyje\u017cd\u017caj\u0105cy do zagranicznych uczelni partnerskich<\/strong><\/h2>\n\n\n\n<div class=\"wp-block-group is-layout-constrained wp-block-group-is-layout-constrained\">\n<ol start=\"1\" class=\"wp-block-list\">\n<li>Rekrutacja wewn\u0119trzna na studia cz\u0119\u015bciowe w zagranicznych uczelniach partnerskich prowadzona jest przez Dzia\u0142 Wsp\u00f3\u0142pracy Mi\u0119dzynarodowej (DWM) przy udziale koordynator\u00f3w wydzia\u0142owych.<\/li>\n\n\n\n<li>Rekrutacja dla student\u00f3w I i II stopnia odbywa si\u0119<strong>&nbsp;raz w roku, w okresie od 1 lutego do 31 marca<\/strong>.<\/li>\n\n\n\n<li>Kwalifikacja student\u00f3w odbywa si\u0119 zgodnie z ustaleniami mi\u0119dzy PK i uczelni\u0105 partnersk\u0105, dotycz\u0105cymi w szczeg\u00f3lno\u015bci: liczby student\u00f3w podlegaj\u0105cych wymianie, stopnia studi\u00f3w (pierwszego lub drugiego), poziomu znajomo\u015bci j\u0119zyka wyk\u0142adowego na uczelni przyjmuj\u0105cej oraz \u015bredniej ocen z dotychczasowego przebiegu studi\u00f3w.<\/li>\n\n\n\n<li>Kryteria, kt\u00f3re powinien spe\u0142nia\u0107 student ubiegaj\u0105cy si\u0119 o wyjazd na studia cz\u0119\u015bciowe:\n<ul class=\"wp-block-list\">\n<li>by\u0107 studentem co najmniej drugiego roku studi\u00f3w I stopnia w momencie zg\u0142aszania swojej kandydatury.<\/li>\n\n\n\n<li>Decyzj\u0119 o mo\u017cliwo\u015bci wyjazdu student\u00f3w&nbsp;na ostatnim roku studi\u00f3w podejmuje dziekan w porozumieniu z promotorem pracy dyplomowej.<\/li>\n\n\n\n<li>Warunkiem wzi\u0119cia udzia\u0142u w rekrutacji jest wysoka \u015brednia ze wszystkich zamkni\u0119tych semestr\u00f3w, oraz udokumentowana znajomo\u015b\u0107 j\u0119zyka wyk\u0142adowego (min. B2), w kt\u00f3rym prowadzone b\u0119d\u0105 zaj\u0119cia na uczelni zagranicznej (ka\u017cdy wydzia\u0142 PK mo\u017ce wprowadzi\u0107 dodatkowe warunki).<\/li>\n\n\n\n<li>W ka\u017cdym przypadku pisemn\u0105 zgod\u0119 na wyjazd studenta musi wyrazi\u0107 dziekan i\/lub koordynator wydzia\u0142owy ds. wymiany bilateralnej.<\/li>\n\n\n\n<li>W trakcie ca\u0142ego pobytu na uczelni partnerskiej student musi posiada\u0107 nieprzerwanie status studenta tzn. by\u0107 zarejestrowany jako student studi\u00f3w pierwszego lub drugiego stopnia na PK.<\/li>\n<\/ul>\n<\/li>\n\n\n\n<li>W przypadku wi\u0119kszej liczby kandydat\u00f3w ni\u017c liczba miejsc dost\u0119pnych na uczelniach partnerskich, pierwsze\u0144stwo wyjazdu maj\u0105 osoby z wy\u017csz\u0105 \u015bredni\u0105 ocen, a nast\u0119pnie z wy\u017cszymi kwalifikacjami j\u0119zykowymi.<\/li>\n\n\n\n<li>W przypadku ma\u0142ej liczby zrekrutowanych student\u00f3w w odniesieniu do dost\u0119pnych miejsc oferowanych w danym roku akademickim przez uczelnie partnerskie, mo\u017ce zosta\u0107 przeprowadzona dodatkowa rekrutacja \u2013 w terminie ustalonym przez DWM.<\/li>\n\n\n\n<li>W celu zg\u0142oszenia swojej kandydatury na wyjazd studenci PK proszeni s\u0105 o z\u0142o\u017cenie w DWM nast\u0119puj\u0105cych dokument\u00f3w:\n<ul class=\"wp-block-list\">\n<li>Formularz aplikacyjny: \u201ePodanie o Wyjazd\u201d dost\u0119pny do pobrania na stronie internetowej DWM,<\/li>\n\n\n\n<li>Dokument potwierdzaj\u0105cy znajomo\u015b\u0107 j\u0119zyka, w kt\u00f3rym b\u0119d\u0105 prowadzone studia na wybranej uczelni zagranicznej, na poziomie co najmniej B2 lub zgodnie z wymogami uczelni partnerskiej; potwierdzenie znajomo\u015bci j\u0119zyka powinno by\u0107 sporz\u0105dzone w j\u0119zyku angielskim lub w j\u0119zyku, kt\u00f3rego dotyczy certyfikat.<\/li>\n<\/ul>\n<\/li>\n\n\n\n<li>Dziekanat, na wniosek Dzia\u0142u Wsp\u00f3\u0142pracy Mi\u0119dzynarodowej, przygotowuje dla studenta:\n<ul class=\"wp-block-list\">\n<li>za\u015bwiadczenie potwierdzaj\u0105ce statusu studenta PK wraz z \u015bredni\u0105 ocen z dotychczasowego przebiegu studi\u00f3w,<\/li>\n\n\n\n<li>transkrypt z dotychczasowego toku studi\u00f3w w j\u0119zyku angielskim.<\/li>\n<\/ul>\n<\/li>\n\n\n\n<li>Warunkiem przyst\u0105pienia do wymiany, jest terminowe (do ko\u0144ca sesji egzaminacyjnej) zaliczenie semestru poprzedzaj\u0105cego wyjazd, a tak\u017ce zaliczenie poprzednich semestr\u00f3w studi\u00f3w.<\/li>\n\n\n\n<li>Student musi z\u0142o\u017cy\u0107 pe\u0142n\u0105 dokumentacj\u0119 w wyznaczonym terminie. Z\u0142o\u017cenie wniosku po terminie lub braki w dokumentacji powoduj\u0105 automatyczne odrzucenie kandydatury.<\/li>\n\n\n\n<li>Przed z\u0142o\u017ceniem dokument\u00f3w, student uzgadnia wsp\u00f3lnie z koordynatorem wydzia\u0142owym indywidualny program studi\u00f3w do zrealizowania w czasie pobytu na uczelni partnerskiej, kt\u00f3ry zostaje wpisany do porozumienia o programie zaj\u0119\u0107 (Learning Agreement).<br>Lista wybranych przedmiot\u00f3w zostaje wpisana do formularza aplikacyjnego PK. Celem porozumienia jest zapewnienie uznania i wliczenia do programu studi\u00f3w na PK ca\u0142o\u015bci materia\u0142u zrealizowanego w uczelni partnerskiej. W niekt\u00f3rych przypadkach, poza przedmiotami realizowanymi na uczelni partnerskiej wykazanymi w LA mo\u017ce by\u0107 konieczne zaliczenie przez student\u00f3w dodatkowych przedmiot\u00f3w na rodzimym wydziale PK w okre\u015blonym terminie, po przyje\u017adzie na zasadach odrabiania brak\u00f3w punktowych.<\/li>\n\n\n\n<li>Student jest zobowi\u0105zany do wype\u0142nienia ustale\u0144 zawartych w porozumieniu o programie zaj\u0119\u0107.<\/li>\n\n\n\n<li>DWM przesy\u0142a formularze nominacyjne do uczelni partnerskich po uprzednim zweryfikowaniu i akceptacji dokumentacji za\u0142\u0105czonej do podania studenta.<\/li>\n\n\n\n<li>Student ma obowi\u0105zek dokonania poprawnej rejestracji swojej kandydatury poprzez system online, kt\u00f3ry zosta\u0142 wskazany przez uczelni\u0119 partnersk\u0105<em>,<\/em>&nbsp;i dotrzymania wyznaczonych termin\u00f3w.<\/li>\n\n\n\n<li>Ostateczna decyzja o przyj\u0119ciu studenta nale\u017cy do uczelni partnerskiej. Po dokonaniu oceny zg\u0142oszenia, uczelnia partnerska wysy\u0142a studentowi decyzj\u0119 dotycz\u0105c\u0105 przyj\u0119cia oraz ewentualne dalsze wskaz\u00f3wki.<\/li>\n\n\n\n<li>Student przekazuje do DWM kopi\u0119\/skan decyzji wydanej przez uczelni\u0119 partnersk\u0105, dotycz\u0105cej przyj\u0119cia na studia cz\u0119\u015bciowe, niezw\u0142ocznie po jej otrzymaniu. Na podstawie ww. decyzji DWM przesy\u0142a list do w\u0142a\u015bciwego dziekana wydzia\u0142u PK z informacj\u0105 o przyj\u0119ciu studenta na wymian\u0119 bilateraln\u0105.<\/li>\n\n\n\n<li>Student, kt\u00f3ry zakwalifikowa\u0142 si\u0119 na wyjazd na studia mo\u017ce zrezygnowa\u0107 z wyjazdu. W takiej sytuacji ma on obowi\u0105zek pisemnego zawiadomienia DWM o swojej decyzji.<\/li>\n\n\n\n<li>W przypadku modyfikacji przedmiot\u00f3w realizowanych na uczelni partnerskiej, nale\u017cy niezw\u0142ocznie przes\u0142a\u0107 informacj\u0119 o zmianie drog\u0105 mailow\u0105 do koordynatora wydzia\u0142owego ds. wymiany bilateralnej lub przedstawiciela w\u0142adz dzieka\u0144skich, z kopi\u0105 do DWM.<\/li>\n\n\n\n<li>Student zobowi\u0105zany jest, w terminie 14 dni od dnia przyjazdu do uczelni partnerskiej, przes\u0142a\u0107 do DWM, drog\u0105 elektroniczn\u0105, potwierdzenie przyjazdu sporz\u0105dzone na obowi\u0105zuj\u0105cym formularzu, [dost\u0119pnym do pobrania <a href=\"https:\/\/iro.pk.edu.pl\/wp-content\/uploads\/2024\/04\/Arrival-Departure-Form-ost.pdf\">tutaj]<\/a>, podpisane przez koordynatora uczelni partnerskiej.<\/li>\n\n\n\n<li>Po zako\u0144czeniu wymiany, student jest zobowi\u0105zany przekaza\u0107 transkrypt do dziekanatu macierzystego w celu uznania efekt\u00f3w uczenia si\u0119 i otrzymania zaliczenia semestru.<\/li>\n\n\n\n<li>Przeliczenia ocen uzyskanych w uczelni partnerskiej dokonuje przedstawiciel w\u0142adz dzieka\u0144skich lub koordynator wydzia\u0142owy ds. wymiany bilateralnej.<\/li>\n\n\n\n<li>Z\u0142o\u017cenie wniosku o wyjazd jest jednoznaczne ze z\u0142o\u017ceniem przez kandydata o\u015bwiadczenia o zapoznaniu si\u0119 i akceptacji niniejszej Procedury.<\/li>\n<\/ol>\n<\/div>\n<\/div>\n\n\n\n<div class=\"wp-block-column is-layout-flow wp-block-column-is-layout-flow\" style=\"flex-basis:25%\"><\/div>\n<\/div>\n","protected":false},"excerpt":{"rendered":"<p>Procedura mobilno\u015bci studenckiej w ramach um\u00f3w bilateralnych&nbsp;(poza programem Erasmus+) Studenci PK wyje\u017cd\u017caj\u0105cy do zagranicznych uczelni [&hellip;]<\/p>\n","protected":false},"author":916,"featured_media":20068,"parent":12935,"menu_order":0,"comment_status":"closed","ping_status":"closed","template":"","meta":{"_acf_changed":false,"inline_featured_image":false,"_uag_custom_page_level_css":"","site-sidebar-layout":"default","site-content-layout":"","ast-site-content-layout":"default","site-content-style":"default","site-sidebar-style":"default","ast-global-header-display":"","ast-banner-title-visibility":"","ast-main-header-display":"","ast-hfb-above-header-display":"","ast-hfb-below-header-display":"","ast-hfb-mobile-header-display":"","site-post-title":"","ast-breadcrumbs-content":"","ast-featured-img":"","footer-sml-layout":"","ast-disable-related-posts":"","theme-transparent-header-meta":"","adv-header-id-meta":"","stick-header-meta":"","header-above-stick-meta":"","header-main-stick-meta":"","header-below-stick-meta":"","astra-migrate-meta-layouts":"set","ast-page-background-enabled":"default","ast-page-background-meta":{"desktop":{"background-color":"var(--ast-global-color-4)","background-image":"","background-repeat":"repeat","background-position":"center center","background-size":"auto","background-attachment":"scroll","background-type":"","background-media":"","overlay-type":"","overlay-color":"","overlay-opacity":"","overlay-gradient":""},"tablet":{"background-color":"","background-image":"","background-repeat":"repeat","background-position":"center center","background-size":"auto","background-attachment":"scroll","background-type":"","background-media":"","overlay-type":"","overlay-color":"","overlay-opacity":"","overlay-gradient":""},"mobile":{"background-color":"","background-image":"","background-repeat":"repeat","background-position":"center center","background-size":"auto","background-attachment":"scroll","background-type":"","background-media":"","overlay-type":"","overlay-color":"","overlay-opacity":"","overlay-gradient":""}},"ast-content-background-meta":{"desktop":{"background-color":"var(--ast-global-color-5)","background-image":"","background-repeat":"repeat","background-position":"center center","background-size":"auto","background-attachment":"scroll","background-type":"","background-media":"","overlay-type":"","overlay-color":"","overlay-opacity":"","overlay-gradient":""},"tablet":{"background-color":"var(--ast-global-color-5)","background-image":"","background-repeat":"repeat","background-position":"center center","background-size":"auto","background-attachment":"scroll","background-type":"","background-media":"","overlay-type":"","overlay-color":"","overlay-opacity":"","overlay-gradient":""},"mobile":{"background-color":"var(--ast-global-color-5)","background-image":"","background-repeat":"repeat","background-position":"center center","background-size":"auto","background-attachment":"scroll","background-type":"","background-media":"","overlay-type":"","overlay-color":"","overlay-opacity":"","overlay-gradient":""}},"footnotes":""},"class_list":["post-12953","page","type-page","status-publish","has-post-thumbnail","hentry"],"acf":[],"featured_image_src":"https:\/\/iro.pk.edu.pl\/wp-content\/uploads\/2024\/03\/niebieskie-tlo-symbol.png","uagb_featured_image_src":{"full":["https:\/\/iro.pk.edu.pl\/wp-content\/uploads\/2024\/03\/niebieskie-tlo-symbol.png",1200,675,false],"thumbnail":["https:\/\/iro.pk.edu.pl\/wp-content\/uploads\/2024\/03\/niebieskie-tlo-symbol-150x150.png",150,150,true],"medium":["https:\/\/iro.pk.edu.pl\/wp-content\/uploads\/2024\/03\/niebieskie-tlo-symbol-300x169.png",300,169,true],"medium_large":["https:\/\/iro.pk.edu.pl\/wp-content\/uploads\/2024\/03\/niebieskie-tlo-symbol-768x432.png",768,432,true],"large":["https:\/\/iro.pk.edu.pl\/wp-content\/uploads\/2024\/03\/niebieskie-tlo-symbol-1024x576.png",1024,576,true],"1536x1536":["https:\/\/iro.pk.edu.pl\/wp-content\/uploads\/2024\/03\/niebieskie-tlo-symbol.png",1200,675,false],"2048x2048":["https:\/\/iro.pk.edu.pl\/wp-content\/uploads\/2024\/03\/niebieskie-tlo-symbol.png",1200,675,false]},"uagb_author_info":{"display_name":"dkluczynski","author_link":"https:\/\/iro.pk.edu.pl\/pl\/author\/dkluczynski\/"},"uagb_comment_info":0,"uagb_excerpt":"Procedura mobilno\u015bci studenckiej w ramach um\u00f3w bilateralnych&nbsp;(poza programem Erasmus+) Studenci PK wyje\u017cd\u017caj\u0105cy do zagranicznych uczelni [&hellip;]","_links":{"self":[{"href":"https:\/\/iro.pk.edu.pl\/pl\/wp-json\/wp\/v2\/pages\/12953","targetHints":{"allow":["GET"]}}],"collection":[{"href":"https:\/\/iro.pk.edu.pl\/pl\/wp-json\/wp\/v2\/pages"}],"about":[{"href":"https:\/\/iro.pk.edu.pl\/pl\/wp-json\/wp\/v2\/types\/page"}],"author":[{"embeddable":true,"href":"https:\/\/iro.pk.edu.pl\/pl\/wp-json\/wp\/v2\/users\/916"}],"replies":[{"embeddable":true,"href":"https:\/\/iro.pk.edu.pl\/pl\/wp-json\/wp\/v2\/comments?post=12953"}],"version-history":[{"count":0,"href":"https:\/\/iro.pk.edu.pl\/pl\/wp-json\/wp\/v2\/pages\/12953\/revisions"}],"up":[{"embeddable":true,"href":"https:\/\/iro.pk.edu.pl\/pl\/wp-json\/wp\/v2\/pages\/12935"}],"wp:featuredmedia":[{"embeddable":true,"href":"https:\/\/iro.pk.edu.pl\/pl\/wp-json\/wp\/v2\/media\/20068"}],"wp:attachment":[{"href":"https:\/\/iro.pk.edu.pl\/pl\/wp-json\/wp\/v2\/media?parent=12953"}],"curies":[{"name":"wp","href":"https:\/\/api.w.org\/{rel}","templated":true}]}}