{"id":13274,"date":"2023-08-18T15:29:18","date_gmt":"2023-08-18T13:29:18","guid":{"rendered":"https:\/\/iro.pk.edu.pl\/?page_id=13274"},"modified":"2023-11-20T17:03:07","modified_gmt":"2023-11-20T16:03:07","slug":"ceepus","status":"publish","type":"page","link":"https:\/\/iro.pk.edu.pl\/pl\/studenci\/programy-stypendialne\/ceepus\/","title":{"rendered":"CEEPUS"},"content":{"rendered":"\n<div class=\"wp-block-columns is-layout-flex wp-container-core-columns-is-layout-28f84493 wp-block-columns-is-layout-flex\">\n<div class=\"wp-block-column is-layout-flow wp-block-column-is-layout-flow\" style=\"flex-basis:75%\">\n<p>Program CEEPUS (&#8222;Central European Exchange Program for University Studies&#8221;) skierowany jest do student\u00f3w studi\u00f3w in\u017cynierskich, magisterskich oraz doktoranckich , kt\u00f3rzy chc\u0105 wyjecha\u0107 do Albanii, Austrii, Bu\u0142garii, Chorwacji, Czarnog\u00f3ry, Czech, Macedonii, Mo\u0142dawii, Rumuni, S\u0142owacji, S\u0142owenii, Serbii, W\u0119gier, Bo\u015bni i&nbsp;Hercegowiny oraz Kosowa \u2013Uniwersytet w&nbsp;Prisztinie. Stypendium jest przyznane na okres od 3 miesi\u0119cy do pe\u0142nego roku akademickiego. Studenci dostaj\u0105 grant, kt\u00f3rego wysoko\u015b\u0107 zale\u017cy od koszt\u00f3w utrzymania w danym kraju.<\/p>\n\n\n\n<p>Program obejmuje kr\u00f3tkoterminowe stypendia w ramach:<\/p>\n\n\n\n<ul class=\"wp-block-list\">\n<li>Sta\u017cy naukowych w ramach Sieci Akademickich;<\/li>\n\n\n\n<li>Sta\u017cy naukowych \u201eFreemover\u201d;<\/li>\n\n\n\n<li>Szk\u00f3\u0142 letnich i intensywnych kurs\u00f3w.<\/li>\n<\/ul>\n\n\n\n<p>Termin sk\u0142adania dokument\u00f3w:na semestr zimowy do dnia&nbsp;<strong>15 czerwca<\/strong>, na semestr letni do dnia&nbsp;<strong>30 pa\u017adziernika<\/strong><\/p>\n\n\n\n<p>Szczeg\u00f3\u0142owe informacje:&nbsp;<a href=\"https:\/\/nawa.gov.pl\/studenci\/studenci-polscy\/ceepus\" target=\"_blank\" rel=\"noreferrer noopener\"><strong>https:\/\/nawa.gov.pl\/studenci\/studenci-polscy\/ceepus<\/strong><\/a><\/p>\n<\/div>\n\n\n\n<div class=\"wp-block-column is-layout-flow wp-block-column-is-layout-flow\" style=\"flex-basis:25%\"><\/div>\n<\/div>\n","protected":false},"excerpt":{"rendered":"<p>Program CEEPUS (&#8222;Central European Exchange Program for University Studies&#8221;) skierowany jest do student\u00f3w studi\u00f3w in\u017cynierskich, [&hellip;]<\/p>\n","protected":false},"author":916,"featured_media":20068,"parent":13253,"menu_order":0,"comment_status":"closed","ping_status":"closed","template":"","meta":{"_acf_changed":false,"inline_featured_image":false,"_uag_custom_page_level_css":"","site-sidebar-layout":"default","site-content-layout":"","ast-site-content-layout":"default","site-content-style":"default","site-sidebar-style":"default","ast-global-header-display":"","ast-banner-title-visibility":"","ast-main-header-display":"","ast-hfb-above-header-display":"","ast-hfb-below-header-display":"","ast-hfb-mobile-header-display":"","site-post-title":"","ast-breadcrumbs-content":"","ast-featured-img":"","footer-sml-layout":"","ast-disable-related-posts":"","theme-transparent-header-meta":"","adv-header-id-meta":"","stick-header-meta":"","header-above-stick-meta":"","header-main-stick-meta":"","header-below-stick-meta":"","astra-migrate-meta-layouts":"set","ast-page-background-enabled":"default","ast-page-background-meta":{"desktop":{"background-color":"var(--ast-global-color-4)","background-image":"","background-repeat":"repeat","background-position":"center center","background-size":"auto","background-attachment":"scroll","background-type":"","background-media":"","overlay-type":"","overlay-color":"","overlay-opacity":"","overlay-gradient":""},"tablet":{"background-color":"","background-image":"","background-repeat":"repeat","background-position":"center center","background-size":"auto","background-attachment":"scroll","background-type":"","background-media":"","overlay-type":"","overlay-color":"","overlay-opacity":"","overlay-gradient":""},"mobile":{"background-color":"","background-image":"","background-repeat":"repeat","background-position":"center center","background-size":"auto","background-attachment":"scroll","background-type":"","background-media":"","overlay-type":"","overlay-color":"","overlay-opacity":"","overlay-gradient":""}},"ast-content-background-meta":{"desktop":{"background-color":"var(--ast-global-color-5)","background-image":"","background-repeat":"repeat","background-position":"center center","background-size":"auto","background-attachment":"scroll","background-type":"","background-media":"","overlay-type":"","overlay-color":"","overlay-opacity":"","overlay-gradient":""},"tablet":{"background-color":"var(--ast-global-color-5)","background-image":"","background-repeat":"repeat","background-position":"center center","background-size":"auto","background-attachment":"scroll","background-type":"","background-media":"","overlay-type":"","overlay-color":"","overlay-opacity":"","overlay-gradient":""},"mobile":{"background-color":"var(--ast-global-color-5)","background-image":"","background-repeat":"repeat","background-position":"center center","background-size":"auto","background-attachment":"scroll","background-type":"","background-media":"","overlay-type":"","overlay-color":"","overlay-opacity":"","overlay-gradient":""}},"footnotes":""},"class_list":["post-13274","page","type-page","status-publish","has-post-thumbnail","hentry"],"acf":[],"featured_image_src":"https:\/\/iro.pk.edu.pl\/wp-content\/uploads\/2024\/03\/niebieskie-tlo-symbol.png","uagb_featured_image_src":{"full":["https:\/\/iro.pk.edu.pl\/wp-content\/uploads\/2024\/03\/niebieskie-tlo-symbol.png",1200,675,false],"thumbnail":["https:\/\/iro.pk.edu.pl\/wp-content\/uploads\/2024\/03\/niebieskie-tlo-symbol-150x150.png",150,150,true],"medium":["https:\/\/iro.pk.edu.pl\/wp-content\/uploads\/2024\/03\/niebieskie-tlo-symbol-300x169.png",300,169,true],"medium_large":["https:\/\/iro.pk.edu.pl\/wp-content\/uploads\/2024\/03\/niebieskie-tlo-symbol-768x432.png",768,432,true],"large":["https:\/\/iro.pk.edu.pl\/wp-content\/uploads\/2024\/03\/niebieskie-tlo-symbol-1024x576.png",1024,576,true],"1536x1536":["https:\/\/iro.pk.edu.pl\/wp-content\/uploads\/2024\/03\/niebieskie-tlo-symbol.png",1200,675,false],"2048x2048":["https:\/\/iro.pk.edu.pl\/wp-content\/uploads\/2024\/03\/niebieskie-tlo-symbol.png",1200,675,false]},"uagb_author_info":{"display_name":"dkluczynski","author_link":"https:\/\/iro.pk.edu.pl\/pl\/author\/dkluczynski\/"},"uagb_comment_info":0,"uagb_excerpt":"Program CEEPUS (&#8222;Central European Exchange Program for University Studies&#8221;) skierowany jest do student\u00f3w studi\u00f3w in\u017cynierskich, [&hellip;]","_links":{"self":[{"href":"https:\/\/iro.pk.edu.pl\/pl\/wp-json\/wp\/v2\/pages\/13274","targetHints":{"allow":["GET"]}}],"collection":[{"href":"https:\/\/iro.pk.edu.pl\/pl\/wp-json\/wp\/v2\/pages"}],"about":[{"href":"https:\/\/iro.pk.edu.pl\/pl\/wp-json\/wp\/v2\/types\/page"}],"author":[{"embeddable":true,"href":"https:\/\/iro.pk.edu.pl\/pl\/wp-json\/wp\/v2\/users\/916"}],"replies":[{"embeddable":true,"href":"https:\/\/iro.pk.edu.pl\/pl\/wp-json\/wp\/v2\/comments?post=13274"}],"version-history":[{"count":0,"href":"https:\/\/iro.pk.edu.pl\/pl\/wp-json\/wp\/v2\/pages\/13274\/revisions"}],"up":[{"embeddable":true,"href":"https:\/\/iro.pk.edu.pl\/pl\/wp-json\/wp\/v2\/pages\/13253"}],"wp:featuredmedia":[{"embeddable":true,"href":"https:\/\/iro.pk.edu.pl\/pl\/wp-json\/wp\/v2\/media\/20068"}],"wp:attachment":[{"href":"https:\/\/iro.pk.edu.pl\/pl\/wp-json\/wp\/v2\/media?parent=13274"}],"curies":[{"name":"wp","href":"https:\/\/api.w.org\/{rel}","templated":true}]}}