{"id":13280,"date":"2023-08-18T15:31:10","date_gmt":"2023-08-18T13:31:10","guid":{"rendered":"https:\/\/iro.pk.edu.pl\/?page_id=13280"},"modified":"2025-02-18T08:55:33","modified_gmt":"2025-02-18T07:55:33","slug":"stypendia-fulbrighta","status":"publish","type":"page","link":"https:\/\/iro.pk.edu.pl\/pl\/studenci\/programy-stypendialne\/stypendia-fulbrighta\/","title":{"rendered":"Stypendia Fulbrighta"},"content":{"rendered":"\n<div class=\"wp-block-columns is-layout-flex wp-container-core-columns-is-layout-28f84493 wp-block-columns-is-layout-flex\">\n<div class=\"wp-block-column is-layout-flow wp-block-column-is-layout-flow\" style=\"flex-basis:65%\">\n<p><strong>Sta\u0142e programy stypendialne:<\/strong><\/p>\n\n\n\n<p><a href=\"https:\/\/fulbright.edu.pl\/junior-award\/\"><strong>Junior Research Award 2026-27<\/strong><\/a><\/p>\n\n\n\n<p>Fulbright Junior Research Award 2026-27 to program <strong>dla os\u00f3b<\/strong><strong> z polskim obywatelstwem <\/strong><strong>przygotowuj\u0105cych rozpraw\u0119 doktorsk\u0105 w polskich instytucjach naukowych<\/strong>.<\/p>\n\n\n\n<p>Celem stypendium, trwaj\u0105cego <strong>od 4 do 10 miesi\u0119cy<\/strong>, jest realizacja w\u0142asnego projektu badawczego w ameryka\u0144skiej uczelni, instytucie badawczym non-profit lub organizacji pozarz\u0105dowej w USA, powi\u0105zanego z tematyk\u0105 przygotowywanej rozprawy doktorskiej. Przyjmowane s\u0105 zg\u0142oszenia ze wszystkich dziedzin z wy\u0142\u0105czeniem projekt\u00f3w wymagaj\u0105cych bezpo\u015bredniego kontaktu z pacjentem. W ramach konkursu Junior Research Award 2026-27 mo\u017cna te\u017c sk\u0142ada\u0107 wnioski o stypendium Fulbright Research Award at Stanford University School of Medicine 2026-27. Nab\u00f3r wniosk\u00f3w trwa <strong>do 5 wrze\u015bnia 2025.<\/strong><\/p>\n\n\n\n<p>Wi\u0119cej informacji: <a href=\"https:\/\/fulbright.edu.pl\/junior-award\/\">https:\/\/fulbright.edu.pl\/junior-award\/<\/a><\/p>\n\n\n\n<p><a href=\"http:\/\/fulbright.edu.pl\/graduate-student-award\"><strong>Graduate Student Award 2026-27<\/strong><\/a><\/p>\n\n\n\n<p>Fulbright Graduate Student Award 2026-27 to program <strong>dla os\u00f3b <\/strong><strong>z polskim obywatelstwem, <\/strong><strong>zainteresowanych rozpocz\u0119ciem studi\u00f3w drugi<\/strong><strong>ego lub trzeciego stopnia w USA,<\/strong> zapewniaj\u0105cy finansowanie pierwszego roku nauki w kwocie do 47 000 USD, z mo\u017cliwo\u015bci\u0105 przed\u0142u\u017cenia na kolejny rok. Przyjmowane s\u0105 wnioski na wszystkie kierunki studi\u00f3w z wy\u0142\u0105czeniem studi\u00f3w medycznych wymagaj\u0105cych bezpo\u015bredniego kontaktu z pacjentem, program\u00f3w LLM (Master of Laws) oraz MBA (Master of Business Administration) za wyj\u0105tkiem programu LLM in International Human Rights Law wsp\u00f3\u0142finansowanego przez Komisj\u0119 we wsp\u00f3\u0142pracy z University of Notre Dame. Wyjazd jest mo\u017cliwy na ka\u017cd\u0105 akredytowan\u0105 uczelni\u0119 wy\u017csz\u0105. <strong>Osoby sk\u0142adaj\u0105ce wniosek musz\u0105 posiada\u0107 tytu\u0142 zawodowy magistra do czerwca w roku wyjazdu.<\/strong> Nab\u00f3r wniosk\u00f3w trwa do <strong>28 kwietnia br.<\/strong><\/p>\n\n\n\n<p>Wi\u0119cej informacji: <a href=\"https:\/\/fulbright.edu.pl\/graduate-student-award\/\">fulbright.edu.pl\/graduate-student-award<\/a><\/p>\n\n\n\n<p>Strona G\u0142\u00f3wna Fulbright Polska:\u00a0<a href=\"http:\/\/www.fulbright.edu.pl\/\" target=\"_blank\" rel=\"noreferrer noopener\"><strong>http:\/\/www.fulbright.edu.pl\/<\/strong><\/a><\/p>\n<\/div>\n\n\n\n<div class=\"wp-block-column is-layout-flow wp-block-column-is-layout-flow\" style=\"flex-basis:35%\">\n<figure class=\"wp-block-image size-full\"><img loading=\"lazy\" decoding=\"async\" width=\"725\" height=\"1024\" src=\"https:\/\/iro.pk.edu.pl\/wp-content\/uploads\/2023\/08\/plakat-ogolny-725x1024-1.jpg\" alt=\"Plakat promocyjny Fulbright Polska\" class=\"wp-image-13283\" style=\"object-fit:cover\" srcset=\"https:\/\/iro.pk.edu.pl\/wp-content\/uploads\/2023\/08\/plakat-ogolny-725x1024-1.jpg 725w, https:\/\/iro.pk.edu.pl\/wp-content\/uploads\/2023\/08\/plakat-ogolny-725x1024-1-212x300.jpg 212w\" sizes=\"auto, (max-width: 725px) 100vw, 725px\" \/><\/figure>\n<\/div>\n<\/div>\n\n\n\n<p><\/p>\n","protected":false},"excerpt":{"rendered":"<p>Sta\u0142e programy stypendialne: Junior Research Award 2026-27 Fulbright Junior Research Award 2026-27 to program dla [&hellip;]<\/p>\n","protected":false},"author":916,"featured_media":20068,"parent":13253,"menu_order":0,"comment_status":"closed","ping_status":"closed","template":"","meta":{"_acf_changed":false,"inline_featured_image":false,"_uag_custom_page_level_css":"","site-sidebar-layout":"default","site-content-layout":"","ast-site-content-layout":"default","site-content-style":"default","site-sidebar-style":"default","ast-global-header-display":"","ast-banner-title-visibility":"","ast-main-header-display":"","ast-hfb-above-header-display":"","ast-hfb-below-header-display":"","ast-hfb-mobile-header-display":"","site-post-title":"","ast-breadcrumbs-content":"","ast-featured-img":"","footer-sml-layout":"","ast-disable-related-posts":"","theme-transparent-header-meta":"","adv-header-id-meta":"","stick-header-meta":"","header-above-stick-meta":"","header-main-stick-meta":"","header-below-stick-meta":"","astra-migrate-meta-layouts":"set","ast-page-background-enabled":"default","ast-page-background-meta":{"desktop":{"background-color":"var(--ast-global-color-4)","background-image":"","background-repeat":"repeat","background-position":"center center","background-size":"auto","background-attachment":"scroll","background-type":"","background-media":"","overlay-type":"","overlay-color":"","overlay-opacity":"","overlay-gradient":""},"tablet":{"background-color":"","background-image":"","background-repeat":"repeat","background-position":"center center","background-size":"auto","background-attachment":"scroll","background-type":"","background-media":"","overlay-type":"","overlay-color":"","overlay-opacity":"","overlay-gradient":""},"mobile":{"background-color":"","background-image":"","background-repeat":"repeat","background-position":"center center","background-size":"auto","background-attachment":"scroll","background-type":"","background-media":"","overlay-type":"","overlay-color":"","overlay-opacity":"","overlay-gradient":""}},"ast-content-background-meta":{"desktop":{"background-color":"var(--ast-global-color-5)","background-image":"","background-repeat":"repeat","background-position":"center center","background-size":"auto","background-attachment":"scroll","background-type":"","background-media":"","overlay-type":"","overlay-color":"","overlay-opacity":"","overlay-gradient":""},"tablet":{"background-color":"var(--ast-global-color-5)","background-image":"","background-repeat":"repeat","background-position":"center center","background-size":"auto","background-attachment":"scroll","background-type":"","background-media":"","overlay-type":"","overlay-color":"","overlay-opacity":"","overlay-gradient":""},"mobile":{"background-color":"var(--ast-global-color-5)","background-image":"","background-repeat":"repeat","background-position":"center center","background-size":"auto","background-attachment":"scroll","background-type":"","background-media":"","overlay-type":"","overlay-color":"","overlay-opacity":"","overlay-gradient":""}},"footnotes":""},"class_list":["post-13280","page","type-page","status-publish","has-post-thumbnail","hentry"],"acf":[],"featured_image_src":"https:\/\/iro.pk.edu.pl\/wp-content\/uploads\/2024\/03\/niebieskie-tlo-symbol.png","uagb_featured_image_src":{"full":["https:\/\/iro.pk.edu.pl\/wp-content\/uploads\/2024\/03\/niebieskie-tlo-symbol.png",1200,675,false],"thumbnail":["https:\/\/iro.pk.edu.pl\/wp-content\/uploads\/2024\/03\/niebieskie-tlo-symbol-150x150.png",150,150,true],"medium":["https:\/\/iro.pk.edu.pl\/wp-content\/uploads\/2024\/03\/niebieskie-tlo-symbol-300x169.png",300,169,true],"medium_large":["https:\/\/iro.pk.edu.pl\/wp-content\/uploads\/2024\/03\/niebieskie-tlo-symbol-768x432.png",768,432,true],"large":["https:\/\/iro.pk.edu.pl\/wp-content\/uploads\/2024\/03\/niebieskie-tlo-symbol-1024x576.png",1024,576,true],"1536x1536":["https:\/\/iro.pk.edu.pl\/wp-content\/uploads\/2024\/03\/niebieskie-tlo-symbol.png",1200,675,false],"2048x2048":["https:\/\/iro.pk.edu.pl\/wp-content\/uploads\/2024\/03\/niebieskie-tlo-symbol.png",1200,675,false]},"uagb_author_info":{"display_name":"dkluczynski","author_link":"https:\/\/iro.pk.edu.pl\/pl\/author\/dkluczynski\/"},"uagb_comment_info":0,"uagb_excerpt":"Sta\u0142e programy stypendialne: Junior Research Award 2026-27 Fulbright Junior Research Award 2026-27 to program dla [&hellip;]","_links":{"self":[{"href":"https:\/\/iro.pk.edu.pl\/pl\/wp-json\/wp\/v2\/pages\/13280","targetHints":{"allow":["GET"]}}],"collection":[{"href":"https:\/\/iro.pk.edu.pl\/pl\/wp-json\/wp\/v2\/pages"}],"about":[{"href":"https:\/\/iro.pk.edu.pl\/pl\/wp-json\/wp\/v2\/types\/page"}],"author":[{"embeddable":true,"href":"https:\/\/iro.pk.edu.pl\/pl\/wp-json\/wp\/v2\/users\/916"}],"replies":[{"embeddable":true,"href":"https:\/\/iro.pk.edu.pl\/pl\/wp-json\/wp\/v2\/comments?post=13280"}],"version-history":[{"count":0,"href":"https:\/\/iro.pk.edu.pl\/pl\/wp-json\/wp\/v2\/pages\/13280\/revisions"}],"up":[{"embeddable":true,"href":"https:\/\/iro.pk.edu.pl\/pl\/wp-json\/wp\/v2\/pages\/13253"}],"wp:featuredmedia":[{"embeddable":true,"href":"https:\/\/iro.pk.edu.pl\/pl\/wp-json\/wp\/v2\/media\/20068"}],"wp:attachment":[{"href":"https:\/\/iro.pk.edu.pl\/pl\/wp-json\/wp\/v2\/media?parent=13280"}],"curies":[{"name":"wp","href":"https:\/\/api.w.org\/{rel}","templated":true}]}}