{"id":13292,"date":"2023-08-18T15:36:36","date_gmt":"2023-08-18T13:36:36","guid":{"rendered":"https:\/\/iro.pk.edu.pl\/?page_id=13292"},"modified":"2025-02-18T09:08:11","modified_gmt":"2025-02-18T08:08:11","slug":"daad-stypendia-dla-doktorantow-i-mlodych-naukowcow","status":"publish","type":"page","link":"https:\/\/iro.pk.edu.pl\/pl\/studenci\/programy-stypendialne\/daad-stypendia-dla-doktorantow-i-mlodych-naukowcow\/","title":{"rendered":"DAAD &#8211; Stypendia dla doktorant\u00f3w i m\u0142odych naukowc\u00f3w"},"content":{"rendered":"\n<div class=\"wp-block-columns is-layout-flex wp-container-core-columns-is-layout-28f84493 wp-block-columns-is-layout-flex\">\n<div class=\"wp-block-column is-layout-flow wp-block-column-is-layout-flow\" style=\"flex-basis:75%\">\n<p><\/p>\n\n\n\n<h2 class=\"wp-block-heading\">Stypendia kr\u00f3tkoterminowe na pobyty badawcze (od 1 do 6 miesi\u0119cy)<\/h2>\n\n\n\n<p>Stypendia umo\u017cliwiaj\u0105 doktorantom i m\u0142odym naukowcom, kt\u00f3rzy chc\u0105 uko\u0144czy\u0107 doktorat w Polsce lub ju\u017c go uko\u0144czyli, przeprowadzenie prac badawczych na jednej z niemieckich uczelni lub w jednym z pozauniwersyteckich instytut\u00f3w badawczych w Niemczech<br>Czas trwania stypendium: od 1 do 6 miesi\u0119cy<br>Szczeg\u00f3\u0142y&nbsp;<a href=\"https:\/\/www2.daad.de\/deutschland\/stipendium\/datenbank\/de\/21148-stipendiendatenbank\/?status=3&amp;origin=36&amp;subjectGrps=&amp;daad=1&amp;q=&amp;page=1&amp;detail=50015434\"><strong>tutaj<\/strong><\/a><\/p>\n\n\n\n<h2 class=\"wp-block-heading\">Stypendia roczne na pobyty badawcze (od 7 do 10 miesi\u0119cy)<\/h2>\n\n\n\n<p>Stypendia umo\u017cliwiaj\u0105 doktorantom, kt\u00f3rzy chc\u0105 uko\u0144czy\u0107 doktorat w Polsce, przeprowadzenie prac badawczych na jednej z niemieckich uczelni lub w jednym z pozauniwersyteckich instytut\u00f3w badawczych w Niemczech<br>Czas trwania stypendium: od 7 do 10 miesi\u0119cy.<br>Szczeg\u00f3\u0142y&nbsp;<a href=\"https:\/\/www2.daad.de\/deutschland\/stipendium\/datenbank\/de\/21148-stipendiendatenbank\/?status=3&amp;origin=36&amp;subjectGrps=&amp;daad=1&amp;q=&amp;page=1&amp;detail=57140602\"><strong>tutaj<\/strong><\/a><\/p>\n\n\n\n<h2 class=\"wp-block-heading\">Stypendia na pobyty badawcze \u2013 studia doktoranckie<\/h2>\n\n\n\n<p><strong>Wariant A: W ramach polsko-niemieckiej opieki naukowej<\/strong><br><strong>Wariant B: W trybie cotutelle<\/strong><br>Wariant A: Doktoranci\/ przyszli doktoranciWariant<br>B: Doktoranci&nbsp;&nbsp; &nbsp;Stypendium na pobyt badawczy na uczelni wy\u017cszej lub w pozauczelnianej jednostce naukowej w Niemczech.<br>Wariant A: Po uko\u0144czeniu studi\u00f3w tytu\u0142 doktora przyznaje uczelnia macierzysta w Polsce.<br>Wariant B: Po uko\u0144czeniu studi\u00f3w uczelnie z regu\u0142y przyznaj\u0105 wsp\u00f3lny tytu\u0142 doktora.<br>Czas trwania stypendium: do 2 lat.<br>Szczeg\u00f3\u0142y&nbsp;<a href=\"https:\/\/www2.daad.de\/deutschland\/stipendium\/datenbank\/de\/21148-stipendiendatenbank\/?status=&amp;origin=36&amp;subjectGrps=&amp;daad=1&amp;intention=&amp;q=&amp;page=1&amp;detail=57507783\"><strong>tutaj<\/strong><\/a><\/p>\n\n\n\n<h2 class=\"wp-block-heading\">DLR\/DAAD \u2013 Research-Fellowship-Programme<\/h2>\n\n\n\n<p>Dla doktorant\u00f3w, m\u0142odych naukowc\u00f3w i do\u015bwiadczonych naukowc\u00f3w z dziedzin: lotnictwo i kosmonautyka, energia, transport. Stypendium na pobyt badawczy w jednym z instytut\u00f3w Niemieckiej Agencji Kosmicznej \u2013 Deutsches Zentrum f\u00fcr Luft- und Raumfahrt (DLR).<br>Czas trwania stypendium:<br>Doctoranci: do 3 lat<br>M\u0142odzi naukowcy: 6-24 miesi\u0119cy Do\u015bwiadczeni naukowcy: 1-3 miesi\u0119cy<br>Szczeg\u00f3\u0142y&nbsp;<a href=\"https:\/\/www2.daad.de\/deutschland\/stipendium\/datenbank\/en\/21148-scholarship-database\/?status=&amp;origin=36&amp;subjectGrps=&amp;daad=&amp;q=dlr&amp;page=1&amp;detail=50019749\" target=\"_blank\" rel=\"noreferrer noopener\"><strong>tutaj<\/strong><\/a><\/p>\n\n\n\n<h2 class=\"wp-block-heading\">Postdoctoral Researchers International Mobility Experience (PRIME)&nbsp;&nbsp;<\/h2>\n\n\n\n<p>Stypendium dla M\u0142odych naukowc\u00f3w. Zatrudnienie na niemieckiej uczelni na czas okre\u015blony \u2013 \u0142\u0105cznie 18 miesi\u0119cy. Okres finansowania obejmuje dwa etapy: 12-miesi\u0119czny pobyt w instytucji naukowej poza granicami Niemiec i 6-miesi\u0119czny pobyt na niemieckiej uczelni.<br>Czas trwania stypendium: 18 miesi\u0119cy<br>Szczeg\u00f3\u0142y&nbsp;<a href=\"https:\/\/www2.daad.de\/deutschland\/stipendium\/datenbank\/en\/21148-scholarship-database\/?status=&amp;origin=36&amp;subjectGrps=&amp;daad=&amp;q=p.r.i.m.e.&amp;page=1&amp;detail=10000229\" target=\"_blank\" rel=\"noreferrer noopener\"><strong>tutaj<\/strong><\/a><\/p>\n\n\n\n<div class=\"wp-block-uagb-buttons uagb-buttons__outer-wrap uagb-btn__default-btn uagb-btn-tablet__default-btn uagb-btn-mobile__default-btn uagb-block-fd6dcccd\"><div class=\"uagb-buttons__wrap uagb-buttons-layout-wrap \">\n<div class=\"wp-block-uagb-buttons-child uagb-buttons__outer-wrap uagb-block-52a2679a wp-block-button\"><div class=\"uagb-button__wrapper\"><a class=\"uagb-buttons-repeater wp-block-button__link\" aria-label=\"\" href=\"https:\/\/www.daad.pl\/pl\/stypendia\/\" rel=\"follow noopener\" target=\"_self\" role=\"button\"><div class=\"uagb-button__link\">DAAD (Niemiecka Centrala Wymiany Akademickiej)<\/div><\/a><\/div><\/div>\n<\/div><\/div>\n<\/div>\n\n\n\n<div class=\"wp-block-column is-layout-flow wp-block-column-is-layout-flow\" style=\"flex-basis:25%\"><\/div>\n<\/div>\n","protected":false},"excerpt":{"rendered":"<p>Stypendia kr\u00f3tkoterminowe na pobyty badawcze (od 1 do 6 miesi\u0119cy) Stypendia umo\u017cliwiaj\u0105 doktorantom i m\u0142odym [&hellip;]<\/p>\n","protected":false},"author":916,"featured_media":20068,"parent":13253,"menu_order":0,"comment_status":"closed","ping_status":"closed","template":"","meta":{"_acf_changed":false,"inline_featured_image":false,"_uag_custom_page_level_css":"","site-sidebar-layout":"default","site-content-layout":"","ast-site-content-layout":"default","site-content-style":"default","site-sidebar-style":"default","ast-global-header-display":"","ast-banner-title-visibility":"","ast-main-header-display":"","ast-hfb-above-header-display":"","ast-hfb-below-header-display":"","ast-hfb-mobile-header-display":"","site-post-title":"","ast-breadcrumbs-content":"","ast-featured-img":"","footer-sml-layout":"","ast-disable-related-posts":"","theme-transparent-header-meta":"","adv-header-id-meta":"","stick-header-meta":"","header-above-stick-meta":"","header-main-stick-meta":"","header-below-stick-meta":"","astra-migrate-meta-layouts":"set","ast-page-background-enabled":"default","ast-page-background-meta":{"desktop":{"background-color":"var(--ast-global-color-4)","background-image":"","background-repeat":"repeat","background-position":"center center","background-size":"auto","background-attachment":"scroll","background-type":"","background-media":"","overlay-type":"","overlay-color":"","overlay-opacity":"","overlay-gradient":""},"tablet":{"background-color":"","background-image":"","background-repeat":"repeat","background-position":"center center","background-size":"auto","background-attachment":"scroll","background-type":"","background-media":"","overlay-type":"","overlay-color":"","overlay-opacity":"","overlay-gradient":""},"mobile":{"background-color":"","background-image":"","background-repeat":"repeat","background-position":"center center","background-size":"auto","background-attachment":"scroll","background-type":"","background-media":"","overlay-type":"","overlay-color":"","overlay-opacity":"","overlay-gradient":""}},"ast-content-background-meta":{"desktop":{"background-color":"var(--ast-global-color-5)","background-image":"","background-repeat":"repeat","background-position":"center center","background-size":"auto","background-attachment":"scroll","background-type":"","background-media":"","overlay-type":"","overlay-color":"","overlay-opacity":"","overlay-gradient":""},"tablet":{"background-color":"var(--ast-global-color-5)","background-image":"","background-repeat":"repeat","background-position":"center center","background-size":"auto","background-attachment":"scroll","background-type":"","background-media":"","overlay-type":"","overlay-color":"","overlay-opacity":"","overlay-gradient":""},"mobile":{"background-color":"var(--ast-global-color-5)","background-image":"","background-repeat":"repeat","background-position":"center center","background-size":"auto","background-attachment":"scroll","background-type":"","background-media":"","overlay-type":"","overlay-color":"","overlay-opacity":"","overlay-gradient":""}},"footnotes":""},"class_list":["post-13292","page","type-page","status-publish","has-post-thumbnail","hentry"],"acf":[],"featured_image_src":"https:\/\/iro.pk.edu.pl\/wp-content\/uploads\/2024\/03\/niebieskie-tlo-symbol.png","uagb_featured_image_src":{"full":["https:\/\/iro.pk.edu.pl\/wp-content\/uploads\/2024\/03\/niebieskie-tlo-symbol.png",1200,675,false],"thumbnail":["https:\/\/iro.pk.edu.pl\/wp-content\/uploads\/2024\/03\/niebieskie-tlo-symbol-150x150.png",150,150,true],"medium":["https:\/\/iro.pk.edu.pl\/wp-content\/uploads\/2024\/03\/niebieskie-tlo-symbol-300x169.png",300,169,true],"medium_large":["https:\/\/iro.pk.edu.pl\/wp-content\/uploads\/2024\/03\/niebieskie-tlo-symbol-768x432.png",768,432,true],"large":["https:\/\/iro.pk.edu.pl\/wp-content\/uploads\/2024\/03\/niebieskie-tlo-symbol-1024x576.png",1024,576,true],"1536x1536":["https:\/\/iro.pk.edu.pl\/wp-content\/uploads\/2024\/03\/niebieskie-tlo-symbol.png",1200,675,false],"2048x2048":["https:\/\/iro.pk.edu.pl\/wp-content\/uploads\/2024\/03\/niebieskie-tlo-symbol.png",1200,675,false]},"uagb_author_info":{"display_name":"dkluczynski","author_link":"https:\/\/iro.pk.edu.pl\/pl\/author\/dkluczynski\/"},"uagb_comment_info":0,"uagb_excerpt":"Stypendia kr\u00f3tkoterminowe na pobyty badawcze (od 1 do 6 miesi\u0119cy) Stypendia umo\u017cliwiaj\u0105 doktorantom i m\u0142odym [&hellip;]","_links":{"self":[{"href":"https:\/\/iro.pk.edu.pl\/pl\/wp-json\/wp\/v2\/pages\/13292","targetHints":{"allow":["GET"]}}],"collection":[{"href":"https:\/\/iro.pk.edu.pl\/pl\/wp-json\/wp\/v2\/pages"}],"about":[{"href":"https:\/\/iro.pk.edu.pl\/pl\/wp-json\/wp\/v2\/types\/page"}],"author":[{"embeddable":true,"href":"https:\/\/iro.pk.edu.pl\/pl\/wp-json\/wp\/v2\/users\/916"}],"replies":[{"embeddable":true,"href":"https:\/\/iro.pk.edu.pl\/pl\/wp-json\/wp\/v2\/comments?post=13292"}],"version-history":[{"count":0,"href":"https:\/\/iro.pk.edu.pl\/pl\/wp-json\/wp\/v2\/pages\/13292\/revisions"}],"up":[{"embeddable":true,"href":"https:\/\/iro.pk.edu.pl\/pl\/wp-json\/wp\/v2\/pages\/13253"}],"wp:featuredmedia":[{"embeddable":true,"href":"https:\/\/iro.pk.edu.pl\/pl\/wp-json\/wp\/v2\/media\/20068"}],"wp:attachment":[{"href":"https:\/\/iro.pk.edu.pl\/pl\/wp-json\/wp\/v2\/media?parent=13292"}],"curies":[{"name":"wp","href":"https:\/\/api.w.org\/{rel}","templated":true}]}}