{"id":13298,"date":"2023-08-18T15:39:57","date_gmt":"2023-08-18T13:39:57","guid":{"rendered":"https:\/\/iro.pk.edu.pl\/?page_id=13298"},"modified":"2025-02-18T10:32:46","modified_gmt":"2025-02-18T09:32:46","slug":"daad-stypendia-dla-studentow-i-absolwentow","status":"publish","type":"page","link":"https:\/\/iro.pk.edu.pl\/pl\/studenci\/programy-stypendialne\/daad-stypendia-dla-studentow-i-absolwentow\/","title":{"rendered":"DAAD &#8211; Stypendia dla student\u00f3w i absolwent\u00f3w"},"content":{"rendered":"\n<div class=\"wp-block-columns is-layout-flex wp-container-core-columns-is-layout-28f84493 wp-block-columns-is-layout-flex\">\n<div class=\"wp-block-column is-layout-flow wp-block-column-is-layout-flow\" style=\"flex-basis:75%\">\n<h2 class=\"wp-block-heading\">Stypendia na wakacyjny kurs j\u0119zyka niemieckiego dla zaawansowanych student\u00f3w i absolwent\u00f3w studi\u00f3w I stopnia<\/h2>\n\n\n\n<p>Studenci wszystkich kierunk\u00f3w studi\u00f3w licencjackich, in\u017cynierskich i magisterskich.<br>Stypendium na udzia\u0142 w kursie letnim j\u0119zyka, kultury i literatury niemieckiej lub j\u0119zyka specjalistycznego na niemieckiej uczelni.<br>Czas trwania: 3-4 tygodnie<br>Szczeg\u00f3\u0142y&nbsp;<a href=\"https:\/\/www.daad.pl\/pl\/stypendia\/stypendia-do-niemiec\/stypendia-dla-studentow-i-absolwentow\/letnie-kursy-jezykowe-w-niemczech-dla-studentow\/\" target=\"_blank\" rel=\"noreferrer noopener\"><strong>tutaj<\/strong><\/a><\/p>\n\n\n\n<h2 class=\"wp-block-heading\">Dotacje na podr\u00f3\u017ce grupowe do Niemiec dla polskich grup studenckich<\/h2>\n\n\n\n<p>Maksymalnie 15 student\u00f3w oraz jeden nauczyciel akademicki.<br>Dotacja do podr\u00f3\u017cy grupy student\u00f3w do Niemiec, obejmuj\u0105cej wizyty na niemieckich uczelniach i w instytucjach zwi\u0105zanych z kierunkiem studi\u00f3w uczestnik\u00f3w podr\u00f3\u017cy.<br>Czas trwania: od 7 do 12 dni<br>Szczeg\u00f3\u0142y&nbsp;<a href=\"https:\/\/www.daad.pl\/pl\/stypendia\/stypendia-do-niemiec\/stypendia-dla-studentow-i-absolwentow\/dotacje-na-podroze-grupowe-do-niemiec-dla-grup-studenckich\/\" target=\"_blank\" rel=\"noreferrer noopener\"><strong>tutaj<\/strong><\/a><\/p>\n\n\n\n<h2 class=\"wp-block-heading\">Stypendia na studia typu Master dla kandydat\u00f3w ze wszystkich kierunk\u00f3w<\/h2>\n\n\n\n<p>Absolwenci studi\u00f3w I lub II stopnia oraz 5-letnich studi\u00f3w magisterskich, kt\u00f3rzy uko\u0144cz\u0105 studia do momentu rozpocz\u0119cia stypendium.<br>Stypendium na pe\u0142ne studia II stopnia lub studia podyplomowe albo jeden rok studi\u00f3w II stopnia lub studi\u00f3w podyplomowych w Niemczech.<br>Czas trwania 1-2 lata.<br>Szczeg\u00f3\u0142y&nbsp;<a href=\"https:\/\/www2.daad.de\/deutschland\/stipendium\/datenbank\/de\/21148-stipendiendatenbank\/?status=3&amp;origin=36&amp;subjectGrps=&amp;daad=1&amp;q=&amp;page=3&amp;detail=50026200\" target=\"_blank\" rel=\"noreferrer noopener\"><strong>tutaj<\/strong><\/a><\/p>\n\n\n\n<h2 class=\"wp-block-heading\">Stypendium na pobyty studyjne dla kandydat\u00f3w z kierunk\u00f3w artystycznych i architektury<\/h2>\n\n\n\n<p>Absolwenci studi\u00f3w I lub II stopnia architektury i kierunk\u00f3w artystycznych. Stypendium na pobyt studyjny pog\u0142\u0119biaj\u0105cy dotychczasowe osi\u0105gni\u0119cia artystyczne lub na studia II stopnia albo studia podyplomowe w Niemczech.<br>Czas trwania 1-2 lata.<br>Szczeg\u00f3\u0142y&nbsp;<a href=\"https:\/\/www2.daad.de\/deutschland\/stipendium\/datenbank\/de\/21148-stipendiendatenbank\/?status=3&amp;origin=36&amp;subjectGrps=&amp;daad=1&amp;q=&amp;page=3&amp;detail=57135744\" target=\"_blank\" rel=\"noreferrer noopener\"><strong>tutaj<\/strong><\/a><\/p>\n\n\n\n<div class=\"wp-block-uagb-buttons uagb-buttons__outer-wrap uagb-btn__default-btn uagb-btn-tablet__default-btn uagb-btn-mobile__default-btn uagb-block-fd6dcccd\"><div class=\"uagb-buttons__wrap uagb-buttons-layout-wrap \">\n<div class=\"wp-block-uagb-buttons-child uagb-buttons__outer-wrap uagb-block-52a2679a wp-block-button\"><div class=\"uagb-button__wrapper\"><a class=\"uagb-buttons-repeater wp-block-button__link\" aria-label=\"\" href=\"https:\/\/www.daad.pl\/pl\/stypendia\/\" rel=\"follow noopener\" target=\"_self\" role=\"button\"><div class=\"uagb-button__link\">DAAD (Niemiecka Centrala Wymiany Akademickiej)<\/div><\/a><\/div><\/div>\n<\/div><\/div>\n<\/div>\n\n\n\n<div class=\"wp-block-column is-layout-flow wp-block-column-is-layout-flow\" style=\"flex-basis:25%\"><\/div>\n<\/div>\n","protected":false},"excerpt":{"rendered":"<p>Stypendia na wakacyjny kurs j\u0119zyka niemieckiego dla zaawansowanych student\u00f3w i absolwent\u00f3w studi\u00f3w I stopnia Studenci [&hellip;]<\/p>\n","protected":false},"author":916,"featured_media":20068,"parent":13253,"menu_order":0,"comment_status":"closed","ping_status":"closed","template":"","meta":{"_acf_changed":false,"inline_featured_image":false,"_uag_custom_page_level_css":"","site-sidebar-layout":"default","site-content-layout":"","ast-site-content-layout":"default","site-content-style":"default","site-sidebar-style":"default","ast-global-header-display":"","ast-banner-title-visibility":"","ast-main-header-display":"","ast-hfb-above-header-display":"","ast-hfb-below-header-display":"","ast-hfb-mobile-header-display":"","site-post-title":"","ast-breadcrumbs-content":"","ast-featured-img":"","footer-sml-layout":"","ast-disable-related-posts":"","theme-transparent-header-meta":"","adv-header-id-meta":"","stick-header-meta":"","header-above-stick-meta":"","header-main-stick-meta":"","header-below-stick-meta":"","astra-migrate-meta-layouts":"set","ast-page-background-enabled":"default","ast-page-background-meta":{"desktop":{"background-color":"var(--ast-global-color-4)","background-image":"","background-repeat":"repeat","background-position":"center center","background-size":"auto","background-attachment":"scroll","background-type":"","background-media":"","overlay-type":"","overlay-color":"","overlay-opacity":"","overlay-gradient":""},"tablet":{"background-color":"","background-image":"","background-repeat":"repeat","background-position":"center center","background-size":"auto","background-attachment":"scroll","background-type":"","background-media":"","overlay-type":"","overlay-color":"","overlay-opacity":"","overlay-gradient":""},"mobile":{"background-color":"","background-image":"","background-repeat":"repeat","background-position":"center center","background-size":"auto","background-attachment":"scroll","background-type":"","background-media":"","overlay-type":"","overlay-color":"","overlay-opacity":"","overlay-gradient":""}},"ast-content-background-meta":{"desktop":{"background-color":"var(--ast-global-color-5)","background-image":"","background-repeat":"repeat","background-position":"center center","background-size":"auto","background-attachment":"scroll","background-type":"","background-media":"","overlay-type":"","overlay-color":"","overlay-opacity":"","overlay-gradient":""},"tablet":{"background-color":"var(--ast-global-color-5)","background-image":"","background-repeat":"repeat","background-position":"center center","background-size":"auto","background-attachment":"scroll","background-type":"","background-media":"","overlay-type":"","overlay-color":"","overlay-opacity":"","overlay-gradient":""},"mobile":{"background-color":"var(--ast-global-color-5)","background-image":"","background-repeat":"repeat","background-position":"center center","background-size":"auto","background-attachment":"scroll","background-type":"","background-media":"","overlay-type":"","overlay-color":"","overlay-opacity":"","overlay-gradient":""}},"footnotes":""},"class_list":["post-13298","page","type-page","status-publish","has-post-thumbnail","hentry"],"acf":[],"featured_image_src":"https:\/\/iro.pk.edu.pl\/wp-content\/uploads\/2024\/03\/niebieskie-tlo-symbol.png","uagb_featured_image_src":{"full":["https:\/\/iro.pk.edu.pl\/wp-content\/uploads\/2024\/03\/niebieskie-tlo-symbol.png",1200,675,false],"thumbnail":["https:\/\/iro.pk.edu.pl\/wp-content\/uploads\/2024\/03\/niebieskie-tlo-symbol-150x150.png",150,150,true],"medium":["https:\/\/iro.pk.edu.pl\/wp-content\/uploads\/2024\/03\/niebieskie-tlo-symbol-300x169.png",300,169,true],"medium_large":["https:\/\/iro.pk.edu.pl\/wp-content\/uploads\/2024\/03\/niebieskie-tlo-symbol-768x432.png",768,432,true],"large":["https:\/\/iro.pk.edu.pl\/wp-content\/uploads\/2024\/03\/niebieskie-tlo-symbol-1024x576.png",1024,576,true],"1536x1536":["https:\/\/iro.pk.edu.pl\/wp-content\/uploads\/2024\/03\/niebieskie-tlo-symbol.png",1200,675,false],"2048x2048":["https:\/\/iro.pk.edu.pl\/wp-content\/uploads\/2024\/03\/niebieskie-tlo-symbol.png",1200,675,false]},"uagb_author_info":{"display_name":"dkluczynski","author_link":"https:\/\/iro.pk.edu.pl\/pl\/author\/dkluczynski\/"},"uagb_comment_info":0,"uagb_excerpt":"Stypendia na wakacyjny kurs j\u0119zyka niemieckiego dla zaawansowanych student\u00f3w i absolwent\u00f3w studi\u00f3w I stopnia Studenci [&hellip;]","_links":{"self":[{"href":"https:\/\/iro.pk.edu.pl\/pl\/wp-json\/wp\/v2\/pages\/13298","targetHints":{"allow":["GET"]}}],"collection":[{"href":"https:\/\/iro.pk.edu.pl\/pl\/wp-json\/wp\/v2\/pages"}],"about":[{"href":"https:\/\/iro.pk.edu.pl\/pl\/wp-json\/wp\/v2\/types\/page"}],"author":[{"embeddable":true,"href":"https:\/\/iro.pk.edu.pl\/pl\/wp-json\/wp\/v2\/users\/916"}],"replies":[{"embeddable":true,"href":"https:\/\/iro.pk.edu.pl\/pl\/wp-json\/wp\/v2\/comments?post=13298"}],"version-history":[{"count":0,"href":"https:\/\/iro.pk.edu.pl\/pl\/wp-json\/wp\/v2\/pages\/13298\/revisions"}],"up":[{"embeddable":true,"href":"https:\/\/iro.pk.edu.pl\/pl\/wp-json\/wp\/v2\/pages\/13253"}],"wp:featuredmedia":[{"embeddable":true,"href":"https:\/\/iro.pk.edu.pl\/pl\/wp-json\/wp\/v2\/media\/20068"}],"wp:attachment":[{"href":"https:\/\/iro.pk.edu.pl\/pl\/wp-json\/wp\/v2\/media?parent=13298"}],"curies":[{"name":"wp","href":"https:\/\/api.w.org\/{rel}","templated":true}]}}