{"id":13304,"date":"2023-08-18T15:41:30","date_gmt":"2023-08-18T13:41:30","guid":{"rendered":"https:\/\/iro.pk.edu.pl\/?page_id=13304"},"modified":"2025-02-18T10:36:33","modified_gmt":"2025-02-18T09:36:33","slug":"vulcanus-in-japan","status":"publish","type":"page","link":"https:\/\/iro.pk.edu.pl\/pl\/studenci\/programy-stypendialne\/vulcanus-in-japan\/","title":{"rendered":"Vulcanus in Japan"},"content":{"rendered":"\n<div class=\"wp-block-columns is-layout-flex wp-container-core-columns-is-layout-28f84493 wp-block-columns-is-layout-flex\">\n<div class=\"wp-block-column is-layout-flow wp-block-column-is-layout-flow\" style=\"flex-basis:75%\">\n<p><strong>Program skierowany do student\u00f3w kierunk\u00f3w \u015bcis\u0142ych i technicznych. Program zaczyna si\u0119 we wrze\u015bniu i ko\u0144czy w sierpniu tego samego roku akademickiego.<\/strong><\/p>\n\n\n\n<p><strong>Program obejmuje:<\/strong><br>\u2022 seminarium na temat Japonii;<br>\u2022 4 &#8211; miesi\u0119czny intensywny kurs j\u0119zyka japo\u0144skiego;<br>\u2022 8 &#8211; miesi\u0119czna praktyka w jednej z japo\u0144skich firm.<\/p>\n\n\n\n<p><strong>Wymagania wobec kandydat\u00f3w:<\/strong><br>\u2022 obywatelstwo kraju UE lub kraju COSME;<br>\u2022 studenci, kt\u00f3rzy w trakcie procedury aplikacyjnej s\u0105 przynajmniej na 4 roku studi\u00f3w, a maksymalnie na przedostatnim roku studi\u00f3w doktorskich;<br>\u2022 bardzo dobre wyniki w nauce;<br>\u2022 bardzo dobra znajomo\u015b\u0107 j\u0119zyka angielskiego.<\/p>\n\n\n\n<p><strong>Studenci otrzymuj\u0105 stypendium, kt\u00f3re obejmuje:<\/strong><br>\u2022 pokrycie koszt\u00f3w podr\u00f3\u017cy i koszt\u00f3w utrzymania w Japonii;<br>\u2022 bezp\u0142atny kurs j\u0119zyka japo\u0144skiego;<br>\u2022 bezp\u0142atny udzia\u0142 w seminarium nt. Japonii;<br>\u2022 bezp\u0142atne zakwaterowanie.<\/p>\n\n\n\n<p>Szczeg\u00f3\u0142owe informacje:&nbsp;<a href=\"http:\/\/www.eu-japan.eu\/events\/vulcanus-japan\" target=\"_blank\" rel=\"noreferrer noopener\"><strong>http:\/\/www.eu-japan.eu\/events\/vulcanus-japan<\/strong><\/a><\/p>\n<\/div>\n\n\n\n<div class=\"wp-block-column is-layout-flow wp-block-column-is-layout-flow\" style=\"flex-basis:25%\"><\/div>\n<\/div>\n","protected":false},"excerpt":{"rendered":"<p>Program skierowany do student\u00f3w kierunk\u00f3w \u015bcis\u0142ych i technicznych. Program zaczyna si\u0119 we wrze\u015bniu i ko\u0144czy [&hellip;]<\/p>\n","protected":false},"author":916,"featured_media":20068,"parent":13253,"menu_order":0,"comment_status":"closed","ping_status":"closed","template":"","meta":{"_acf_changed":false,"inline_featured_image":false,"_uag_custom_page_level_css":"","site-sidebar-layout":"default","site-content-layout":"","ast-site-content-layout":"default","site-content-style":"default","site-sidebar-style":"default","ast-global-header-display":"","ast-banner-title-visibility":"","ast-main-header-display":"","ast-hfb-above-header-display":"","ast-hfb-below-header-display":"","ast-hfb-mobile-header-display":"","site-post-title":"","ast-breadcrumbs-content":"","ast-featured-img":"","footer-sml-layout":"","ast-disable-related-posts":"","theme-transparent-header-meta":"","adv-header-id-meta":"","stick-header-meta":"","header-above-stick-meta":"","header-main-stick-meta":"","header-below-stick-meta":"","astra-migrate-meta-layouts":"set","ast-page-background-enabled":"default","ast-page-background-meta":{"desktop":{"background-color":"var(--ast-global-color-4)","background-image":"","background-repeat":"repeat","background-position":"center center","background-size":"auto","background-attachment":"scroll","background-type":"","background-media":"","overlay-type":"","overlay-color":"","overlay-opacity":"","overlay-gradient":""},"tablet":{"background-color":"","background-image":"","background-repeat":"repeat","background-position":"center center","background-size":"auto","background-attachment":"scroll","background-type":"","background-media":"","overlay-type":"","overlay-color":"","overlay-opacity":"","overlay-gradient":""},"mobile":{"background-color":"","background-image":"","background-repeat":"repeat","background-position":"center center","background-size":"auto","background-attachment":"scroll","background-type":"","background-media":"","overlay-type":"","overlay-color":"","overlay-opacity":"","overlay-gradient":""}},"ast-content-background-meta":{"desktop":{"background-color":"var(--ast-global-color-5)","background-image":"","background-repeat":"repeat","background-position":"center center","background-size":"auto","background-attachment":"scroll","background-type":"","background-media":"","overlay-type":"","overlay-color":"","overlay-opacity":"","overlay-gradient":""},"tablet":{"background-color":"var(--ast-global-color-5)","background-image":"","background-repeat":"repeat","background-position":"center center","background-size":"auto","background-attachment":"scroll","background-type":"","background-media":"","overlay-type":"","overlay-color":"","overlay-opacity":"","overlay-gradient":""},"mobile":{"background-color":"var(--ast-global-color-5)","background-image":"","background-repeat":"repeat","background-position":"center center","background-size":"auto","background-attachment":"scroll","background-type":"","background-media":"","overlay-type":"","overlay-color":"","overlay-opacity":"","overlay-gradient":""}},"footnotes":""},"class_list":["post-13304","page","type-page","status-publish","has-post-thumbnail","hentry"],"acf":[],"featured_image_src":"https:\/\/iro.pk.edu.pl\/wp-content\/uploads\/2024\/03\/niebieskie-tlo-symbol.png","uagb_featured_image_src":{"full":["https:\/\/iro.pk.edu.pl\/wp-content\/uploads\/2024\/03\/niebieskie-tlo-symbol.png",1200,675,false],"thumbnail":["https:\/\/iro.pk.edu.pl\/wp-content\/uploads\/2024\/03\/niebieskie-tlo-symbol-150x150.png",150,150,true],"medium":["https:\/\/iro.pk.edu.pl\/wp-content\/uploads\/2024\/03\/niebieskie-tlo-symbol-300x169.png",300,169,true],"medium_large":["https:\/\/iro.pk.edu.pl\/wp-content\/uploads\/2024\/03\/niebieskie-tlo-symbol-768x432.png",768,432,true],"large":["https:\/\/iro.pk.edu.pl\/wp-content\/uploads\/2024\/03\/niebieskie-tlo-symbol-1024x576.png",1024,576,true],"1536x1536":["https:\/\/iro.pk.edu.pl\/wp-content\/uploads\/2024\/03\/niebieskie-tlo-symbol.png",1200,675,false],"2048x2048":["https:\/\/iro.pk.edu.pl\/wp-content\/uploads\/2024\/03\/niebieskie-tlo-symbol.png",1200,675,false]},"uagb_author_info":{"display_name":"dkluczynski","author_link":"https:\/\/iro.pk.edu.pl\/pl\/author\/dkluczynski\/"},"uagb_comment_info":0,"uagb_excerpt":"Program skierowany do student\u00f3w kierunk\u00f3w \u015bcis\u0142ych i technicznych. Program zaczyna si\u0119 we wrze\u015bniu i ko\u0144czy [&hellip;]","_links":{"self":[{"href":"https:\/\/iro.pk.edu.pl\/pl\/wp-json\/wp\/v2\/pages\/13304","targetHints":{"allow":["GET"]}}],"collection":[{"href":"https:\/\/iro.pk.edu.pl\/pl\/wp-json\/wp\/v2\/pages"}],"about":[{"href":"https:\/\/iro.pk.edu.pl\/pl\/wp-json\/wp\/v2\/types\/page"}],"author":[{"embeddable":true,"href":"https:\/\/iro.pk.edu.pl\/pl\/wp-json\/wp\/v2\/users\/916"}],"replies":[{"embeddable":true,"href":"https:\/\/iro.pk.edu.pl\/pl\/wp-json\/wp\/v2\/comments?post=13304"}],"version-history":[{"count":0,"href":"https:\/\/iro.pk.edu.pl\/pl\/wp-json\/wp\/v2\/pages\/13304\/revisions"}],"up":[{"embeddable":true,"href":"https:\/\/iro.pk.edu.pl\/pl\/wp-json\/wp\/v2\/pages\/13253"}],"wp:featuredmedia":[{"embeddable":true,"href":"https:\/\/iro.pk.edu.pl\/pl\/wp-json\/wp\/v2\/media\/20068"}],"wp:attachment":[{"href":"https:\/\/iro.pk.edu.pl\/pl\/wp-json\/wp\/v2\/media?parent=13304"}],"curies":[{"name":"wp","href":"https:\/\/api.w.org\/{rel}","templated":true}]}}