{"id":13310,"date":"2023-08-18T15:42:28","date_gmt":"2023-08-18T13:42:28","guid":{"rendered":"https:\/\/iro.pk.edu.pl\/?page_id=13310"},"modified":"2023-11-20T17:10:08","modified_gmt":"2023-11-20T16:10:08","slug":"international-visegrad-fund","status":"publish","type":"page","link":"https:\/\/iro.pk.edu.pl\/pl\/studenci\/programy-stypendialne\/international-visegrad-fund\/","title":{"rendered":"International Visegrad Fund"},"content":{"rendered":"\n<div class=\"wp-block-columns is-layout-flex wp-container-core-columns-is-layout-28f84493 wp-block-columns-is-layout-flex\">\n<div class=\"wp-block-column is-layout-flow wp-block-column-is-layout-flow\" style=\"flex-basis:75%\">\n<p>International Visegrad Fund jest mi\u0119dzynarodow\u0105 organizacj\u0105 z siedzib\u0105 w Bratys\u0142awie, kt\u00f3ra zosta\u0142a ufundowana przez rz\u0105dy kraj\u00f3w wchodz\u0105cych w sk\u0142ad Grupy Wyszehradzkiej &nbsp;&#8211; Czechy, W\u0119gry, Polski oraz S\u0142owacji w czerwcu 2000 roku.<\/p>\n\n\n\n<p>Celem funduszu jest u\u0142atwienie rozwoju wsp\u00f3\u0142pracy mi\u0119dzy obywatelami oraz instytucjami w regionie, a tak\u017ce pomi\u0119dzy pa\u0144stwami Grupy Wyszehradzkiej oraz krajami takimi jak Zachodnie Ba\u0142kany czy kraje Partnerstwa Wschodniego.<\/p>\n\n\n\n<p>Kandydaci mog\u0105 aplikowa\u0107 o stypendium na wyjazd na 1 lub 2 semestry do kraj\u00f3w partnerskich Grupy Wyszehradzkiej, Ba\u0142kan\u00f3w Zachodnich i kraj\u00f3w Partnerstwa Wschodniego.<\/p>\n\n\n\n<p>Stypendium wynosi 2500EUR\/semestr oraz 1500EUR\/semestr dla uczelni goszcz\u0105cej.<\/p>\n\n\n\n<p>Szczeg\u00f3\u0142owe informacje:&nbsp;<a href=\"http:\/\/www.visegradfund.org\/\" target=\"_blank\" rel=\"noreferrer noopener\"><strong>www.visegradfund.org<\/strong><\/a><\/p>\n<\/div>\n\n\n\n<div class=\"wp-block-column is-layout-flow wp-block-column-is-layout-flow\" style=\"flex-basis:25%\"><\/div>\n<\/div>\n","protected":false},"excerpt":{"rendered":"<p>International Visegrad Fund jest mi\u0119dzynarodow\u0105 organizacj\u0105 z siedzib\u0105 w Bratys\u0142awie, kt\u00f3ra zosta\u0142a ufundowana przez rz\u0105dy [&hellip;]<\/p>\n","protected":false},"author":916,"featured_media":20068,"parent":13253,"menu_order":0,"comment_status":"closed","ping_status":"closed","template":"","meta":{"_acf_changed":false,"inline_featured_image":false,"_uag_custom_page_level_css":"","site-sidebar-layout":"default","site-content-layout":"","ast-site-content-layout":"default","site-content-style":"default","site-sidebar-style":"default","ast-global-header-display":"","ast-banner-title-visibility":"","ast-main-header-display":"","ast-hfb-above-header-display":"","ast-hfb-below-header-display":"","ast-hfb-mobile-header-display":"","site-post-title":"","ast-breadcrumbs-content":"","ast-featured-img":"","footer-sml-layout":"","ast-disable-related-posts":"","theme-transparent-header-meta":"","adv-header-id-meta":"","stick-header-meta":"","header-above-stick-meta":"","header-main-stick-meta":"","header-below-stick-meta":"","astra-migrate-meta-layouts":"set","ast-page-background-enabled":"default","ast-page-background-meta":{"desktop":{"background-color":"var(--ast-global-color-4)","background-image":"","background-repeat":"repeat","background-position":"center center","background-size":"auto","background-attachment":"scroll","background-type":"","background-media":"","overlay-type":"","overlay-color":"","overlay-opacity":"","overlay-gradient":""},"tablet":{"background-color":"","background-image":"","background-repeat":"repeat","background-position":"center center","background-size":"auto","background-attachment":"scroll","background-type":"","background-media":"","overlay-type":"","overlay-color":"","overlay-opacity":"","overlay-gradient":""},"mobile":{"background-color":"","background-image":"","background-repeat":"repeat","background-position":"center center","background-size":"auto","background-attachment":"scroll","background-type":"","background-media":"","overlay-type":"","overlay-color":"","overlay-opacity":"","overlay-gradient":""}},"ast-content-background-meta":{"desktop":{"background-color":"var(--ast-global-color-5)","background-image":"","background-repeat":"repeat","background-position":"center center","background-size":"auto","background-attachment":"scroll","background-type":"","background-media":"","overlay-type":"","overlay-color":"","overlay-opacity":"","overlay-gradient":""},"tablet":{"background-color":"var(--ast-global-color-5)","background-image":"","background-repeat":"repeat","background-position":"center center","background-size":"auto","background-attachment":"scroll","background-type":"","background-media":"","overlay-type":"","overlay-color":"","overlay-opacity":"","overlay-gradient":""},"mobile":{"background-color":"var(--ast-global-color-5)","background-image":"","background-repeat":"repeat","background-position":"center center","background-size":"auto","background-attachment":"scroll","background-type":"","background-media":"","overlay-type":"","overlay-color":"","overlay-opacity":"","overlay-gradient":""}},"footnotes":""},"class_list":["post-13310","page","type-page","status-publish","has-post-thumbnail","hentry"],"acf":[],"featured_image_src":"https:\/\/iro.pk.edu.pl\/wp-content\/uploads\/2024\/03\/niebieskie-tlo-symbol.png","uagb_featured_image_src":{"full":["https:\/\/iro.pk.edu.pl\/wp-content\/uploads\/2024\/03\/niebieskie-tlo-symbol.png",1200,675,false],"thumbnail":["https:\/\/iro.pk.edu.pl\/wp-content\/uploads\/2024\/03\/niebieskie-tlo-symbol-150x150.png",150,150,true],"medium":["https:\/\/iro.pk.edu.pl\/wp-content\/uploads\/2024\/03\/niebieskie-tlo-symbol-300x169.png",300,169,true],"medium_large":["https:\/\/iro.pk.edu.pl\/wp-content\/uploads\/2024\/03\/niebieskie-tlo-symbol-768x432.png",768,432,true],"large":["https:\/\/iro.pk.edu.pl\/wp-content\/uploads\/2024\/03\/niebieskie-tlo-symbol-1024x576.png",1024,576,true],"1536x1536":["https:\/\/iro.pk.edu.pl\/wp-content\/uploads\/2024\/03\/niebieskie-tlo-symbol.png",1200,675,false],"2048x2048":["https:\/\/iro.pk.edu.pl\/wp-content\/uploads\/2024\/03\/niebieskie-tlo-symbol.png",1200,675,false]},"uagb_author_info":{"display_name":"dkluczynski","author_link":"https:\/\/iro.pk.edu.pl\/pl\/author\/dkluczynski\/"},"uagb_comment_info":0,"uagb_excerpt":"International Visegrad Fund jest mi\u0119dzynarodow\u0105 organizacj\u0105 z siedzib\u0105 w Bratys\u0142awie, kt\u00f3ra zosta\u0142a ufundowana przez rz\u0105dy [&hellip;]","_links":{"self":[{"href":"https:\/\/iro.pk.edu.pl\/pl\/wp-json\/wp\/v2\/pages\/13310","targetHints":{"allow":["GET"]}}],"collection":[{"href":"https:\/\/iro.pk.edu.pl\/pl\/wp-json\/wp\/v2\/pages"}],"about":[{"href":"https:\/\/iro.pk.edu.pl\/pl\/wp-json\/wp\/v2\/types\/page"}],"author":[{"embeddable":true,"href":"https:\/\/iro.pk.edu.pl\/pl\/wp-json\/wp\/v2\/users\/916"}],"replies":[{"embeddable":true,"href":"https:\/\/iro.pk.edu.pl\/pl\/wp-json\/wp\/v2\/comments?post=13310"}],"version-history":[{"count":0,"href":"https:\/\/iro.pk.edu.pl\/pl\/wp-json\/wp\/v2\/pages\/13310\/revisions"}],"up":[{"embeddable":true,"href":"https:\/\/iro.pk.edu.pl\/pl\/wp-json\/wp\/v2\/pages\/13253"}],"wp:featuredmedia":[{"embeddable":true,"href":"https:\/\/iro.pk.edu.pl\/pl\/wp-json\/wp\/v2\/media\/20068"}],"wp:attachment":[{"href":"https:\/\/iro.pk.edu.pl\/pl\/wp-json\/wp\/v2\/media?parent=13310"}],"curies":[{"name":"wp","href":"https:\/\/api.w.org\/{rel}","templated":true}]}}