{"id":13685,"date":"2023-08-22T15:47:48","date_gmt":"2023-08-22T13:47:48","guid":{"rendered":"https:\/\/iro.pk.edu.pl\/?page_id=13685"},"modified":"2026-04-07T07:15:22","modified_gmt":"2026-04-07T05:15:22","slug":"dokumenty-potwierdzajace-znajomosc-jezyka","status":"publish","type":"page","link":"https:\/\/iro.pk.edu.pl\/pl\/dokumenty-potwierdzajace-znajomosc-jezyka\/","title":{"rendered":"Dokumenty potwierdzaj\u0105ce znajomo\u015b\u0107 j\u0119zyka"},"content":{"rendered":"\n<div class=\"wp-block-columns is-layout-flex wp-container-core-columns-is-layout-28f84493 wp-block-columns-is-layout-flex\">\n<div class=\"wp-block-column is-layout-flow wp-block-column-is-layout-flow\" style=\"flex-basis:75%\">\n<p>Zagraniczni kandydaci&nbsp;mog\u0105 podejmowa\u0107 na Politechnice Krakowskiej&nbsp;<strong>studia prowadzone w j\u0119zyku polskim<\/strong>, je\u017celi posiadaj\u0105 dokumenty po\u015bwiadczaj\u0105ce znajomo\u015b\u0107 j\u0119zyka polskiego na poziomie bieg\u0142o\u015bci j\u0119zykowej co najmniej B2. Dokumentami takimi s\u0105:<\/p>\n\n\n\n<ol class=\"wp-block-list\">\n<li>certyfikat znajomo\u015bci j\u0119zyka polskiego, o kt\u00f3rym mowa w art. 11a ust. 2 ustawy z dnia 7 pa\u017adziernika 1999 r. o j\u0119zyku polskim (Dz. U. z 2024 r. poz. 1556 oraz z 2025 r. poz. 622);<\/li>\n\n\n\n<li>certyfikat po\u015bwiadczaj\u0105cy znajomo\u015b\u0107 j\u0119zyka polskiego wydany przez instytucj\u0119:\n<ul class=\"wp-block-list\">\n<li>European Consortium for the Certificate of Attainment in Modern Languages (ECL) albo<\/li>\n\n\n\n<li>telc GmbH, WBT Weiterbildungs-Testsysteme GmbH (TELC);<\/li>\n<\/ul>\n<\/li>\n\n\n\n<li>za\u015bwiadczenie o uko\u0144czeniu kursu przygotowawczego do podj\u0119cia nauki na studiach, o kt\u00f3rym mowa w art. 60 ust. 4 ustawy z dnia 12 grudnia 2013 r. o cudzoziemcach (Dz. U. z 2024 r. poz. 769, 1222 i 1688 oraz z 2025 r. poz. 619, 621 i 622), trwaj\u0105cego nie kr\u00f3cej ni\u017c 9 miesi\u0119cy.<\/li>\n\n\n\n<li>Dokumentami po\u015bwiadczaj\u0105cymi znajomo\u015b\u0107 j\u0119zyka polskiego na poziomie bieg\u0142o\u015bci j\u0119zykowej nie ni\u017cszym ni\u017c B2 s\u0105<br>r\u00f3wnie\u017c:\n<ul class=\"wp-block-list\">\n<li>dyplom uko\u0144czenia studi\u00f3w z wyk\u0142adowym j\u0119zykiem polskim wydany przez uczelni\u0119 dzia\u0142aj\u0105c\u0105 w systemie<br>szkolnictwa wy\u017cszego i nauki Rzeczypospolitej Polskiej;<\/li>\n\n\n\n<li>dyplom uko\u0144czenia studi\u00f3w pierwszego stopnia, studi\u00f3w drugiego stopnia lub jednolitych studi\u00f3w magisterskich<br>na kierunku filologia w zakresie j\u0119zyka polskiego lub lingwistyki stosowanej wydany przez uczelni\u0119 zagraniczn\u0105,<br>wraz z suplementem do dyplomu albo za\u015bwiadczeniem, potwierdzaj\u0105cymi, \u017ce liczba godzin zaj\u0119\u0107 z j\u0119zyka polskiego<br>wynosi\u0142a co najmniej 500;<\/li>\n\n\n\n<li>\u015bwiadectwo nabycia uprawnie\u0144 do wykonywania zawodu t\u0142umacza przysi\u0119g\u0142ego wydane przez Ministra Sprawiedliwo\u015bci,<br>o kt\u00f3rym mowa w art. 5 ust. 2 ustawy z dnia 25 listopada 2004 r. o zawodzie t\u0142umacza przysi\u0119g\u0142ego (Dz. U. z 2019 r. poz. 1326), albo za\u015bwiadczenie potwierdzaj\u0105ce wpis na list\u0119 t\u0142umaczy przysi\u0119g\u0142ych;<\/li>\n\n\n\n<li>\u015bwiadectwo dojrza\u0142o\u015bci uzyskane w polskim systemie o\u015bwiaty.<\/li>\n<\/ul>\n<\/li>\n<\/ol>\n\n\n\n<hr class=\"wp-block-separator has-alpha-channel-opacity\"\/>\n\n\n\n<p>Zagraniczni kandydaci&nbsp;mog\u0105 by\u0107 przyjmowani na&nbsp;<strong>studia prowadzone w j\u0119zyku angielskim<\/strong>, je\u017celi posiadaj\u0105 dokumenty po\u015bwiadczaj\u0105ce znajomo\u015b\u0107 j\u0119zyka angielskiego w zakresie czterech umiej\u0119tno\u015bci j\u0119zykowych: rozumienie ze s\u0142uchu, czytanie, m\u00f3wienie i pisanie, na poziomie bieg\u0142o\u015bci j\u0119zykowej B2, C1 albo C2, wydany przez wskazan\u0105 instytucj\u0119:<\/p>\n\n\n\n<ol class=\"wp-block-list\">\n<li>University of Cambridge, ESOL Examinations: B2 First (FCE), C1 Advanced (CAE), C2 Proficiency (CPE), B2 Business Vantage (BEC Vantage), C1 Business Higher, Certificate in English for International Business and Trade (CEIBT)<\/li>\n\n\n\n<li>University of Cambridge, ESOL Examinations, British Council, IDP IELTS Australia: International English Language Testing System IELTS \u2013 co najmniej 5,5 pkt,<\/li>\n\n\n\n<li>Trinity College London: ESOL Skills for Life \u2013 Level 1 (B2) lub wy\u017cszy, Integrated Skills in English (ISE) \u2013 ISE II lub wy\u017cszy, ISE Digital \u2013 powy\u017cej 80 pkt (B2),<\/li>\n\n\n\n<li>Educational Testing Service (ETS): Test of English as a Foreign Language (TOEFL) w wersji Internet-Based Test (iBT) \u2013 co najmniej 72 pkt, Test of English for International Communication (TOEIC) \u2013 co najmniej: 785 pkt z cz\u0119\u015bci Listening &amp; Reading oraz 150 pkt z cz\u0119\u015bci Speaking oraz 160 pkt z cz\u0119\u015bci Writing,<\/li>\n\n\n\n<li>Pearson Assessment English: Pearson English International Certificate \u2013 wersja papierowa i komputerowa (poprzednio Pearson Test of English General (PTE) lub London Tests of English) \u2013 Level 3 (Edexcel Certificate in ESOL International Level 1 \u2013 ocena Pass, Merit, Distinction) lub wy\u017cszy, Pearson Test of English Academic (PTE Academic) w wersji stacjonarnej i wersji online \u2013 co najmniej 59 pkt,<\/li>\n\n\n\n<li>LanguageCert (PeopleCert Qualifications (PCQ)): LanguageCert International ESOL \u2013 LanguageCert Level 1 Certificate in ESOL International (Listening, Reading, Writing) (Communicator B2), wyst\u0119puj\u0105cy r\u00f3wnie\u017c pod nazw\u0105: LanguageCert International ESOL Communicator B2 Listening, Reading, Writing lub wy\u017cszy \u0142\u0105cznie z LanguageCert Level 1 Certificatein ESOL International (Speaking) (Communicator B2), wyst\u0119puj\u0105cym r\u00f3wnie\u017c pod nazw\u0105 LanguageCert International ESOL Communicator B2 Speaking lub wy\u017cszym, LanguageCert Academic \u2013 LanguageCert Level 1 Certificate in ESOL International (Listening, Reading, Writing, Speaking) (LanguageCert Academic B2) lub wy\u017cszy, LanguageCert Test of English \u2013 LanguageCert Level 1 Certificate in ESOL International (Listening, Reading, Writing, Speaking) (LanguageCert Test of English B2) lub wy\u017cszy<\/li>\n\n\n\n<li>Education Development International (EDI), London Chamber of Commerce and Industry Examinations Board: London Chamber of Commerce and Industry Examinations (LCCI): English for Business Level 2 lub wy\u017cszy, Foundation Certificate for Teachers of Business English (FTBE),<\/li>\n\n\n\n<li>European Consortium for the Certificate of Attainment in Modern Languages \u2013 Level B2 (Vantage) lub wy\u017cszy,<\/li>\n\n\n\n<li>telc GmbH, WBT Weiterbildungs-Testsysteme GmbH: Certificate in English, Certificate in English for Business Purposes, Certificate in English for Technical Purposes, telc English, telc English Business, telc English Technical, telc English University,<\/li>\n\n\n\n<li>za\u015bwiadczenie o uko\u0144czeniu kursu przygotowawczego do podj\u0119cia nauki na studiach, o kt\u00f3rym mowa w art. 60 ust. 4 ustawy z dnia 12 grudnia 2013 r. o cudzoziemcach, trwaj\u0105cego nie kr\u00f3cej ni\u017c 9 miesi\u0119cy, po\u015bwiadczaj\u0105ce znajomo\u015b\u0107 danego j\u0119zyka obcego w zakresie czterech umiej\u0119tno\u015bci j\u0119zykowych: rozumienie ze s\u0142uchu, czytanie, m\u00f3wienie i pisanie, na poziomie bieg\u0142o\u015bci j\u0119zykowej B2, C1 albo C2;<\/li>\n\n\n\n<li>dyplom uko\u0144czenia studi\u00f3w pierwszego stopnia, studi\u00f3w drugiego stopnia lub jednolitych studi\u00f3w magisterskich na kierunku filologia w zakresie danego j\u0119zyka obcego lub lingwistyki stosowanej wydany przez uczelni\u0119 dzia\u0142aj\u0105c\u0105 w systemie szkolnictwa wy\u017cszego i nauki Rzeczypospolitej Polskiej albo uczelni\u0119 zagraniczn\u0105, wraz z suplementem do dyplomu albo za\u015bwiadczeniem, potwierdzaj\u0105cymi, \u017ce liczba godzin zaj\u0119\u0107 z tego j\u0119zyka obcego wynosi\u0142a co najmniej 500;<\/li>\n\n\n\n<li>dyplom uko\u0144czenia studi\u00f3w pierwszego stopnia, studi\u00f3w drugiego stopnia lub jednolitych studi\u00f3w magisterskich wydany przez uczelni\u0119 dzia\u0142aj\u0105c\u0105 w systemie szkolnictwa wy\u017cszego i nauki Rzeczypospolitej Polskiej albo uczelni\u0119 zagraniczn\u0105, zawieraj\u0105cy informacj\u0119 o j\u0119zyku wyk\u0142adowym studi\u00f3w, a w przypadku gdy dyplom uko\u0144czenia studi\u00f3w nie zawiera takiej informacji \u2013 dodatkowo suplement do dyplomu albo za\u015bwiadczenie, zawieraj\u0105ce informacj\u0119 o j\u0119zyku wyk\u0142adowym studi\u00f3w;<\/li>\n\n\n\n<li>dyplom Matury Mi\u0119dzynarodowej (International Baccalaureate Diploma) &#8211; w odniesieniu do j\u0119zyka podstawowego;<\/li>\n\n\n\n<li>dyplom Matury Europejskiej (European Baccalaureate Diploma) &#8211; w odniesieniu do pierwszego (L1) lub drugiego (L2) j\u0119zyka;<\/li>\n\n\n\n<li>\u015bwiadectwo nabycia uprawnie\u0144 do wykonywania zawodu t\u0142umacza przysi\u0119g\u0142ego danego j\u0119zyka obcego wydane przez Ministra Sprawiedliwo\u015bci, o kt\u00f3rym mowa w art. 5 ust. 2 ustawy z dnia 25 listopada 2004 r. o zawodzie t\u0142umacza przysi\u0119g\u0142ego, albo za\u015bwiadczenie potwierdzaj\u0105ce wpis na list\u0119 t\u0142umaczy przysi\u0119g\u0142ych danego j\u0119zyka obcego.<\/li>\n<\/ol>\n<\/div>\n\n\n\n<div class=\"wp-block-column is-layout-flow wp-block-column-is-layout-flow\" style=\"flex-basis:25%\"><\/div>\n<\/div>\n","protected":false},"excerpt":{"rendered":"<p>Zagraniczni kandydaci&nbsp;mog\u0105 podejmowa\u0107 na Politechnice Krakowskiej&nbsp;studia prowadzone w j\u0119zyku polskim, je\u017celi posiadaj\u0105 dokumenty po\u015bwiadczaj\u0105ce znajomo\u015b\u0107 [&hellip;]<\/p>\n","protected":false},"author":916,"featured_media":20068,"parent":0,"menu_order":0,"comment_status":"closed","ping_status":"closed","template":"","meta":{"_acf_changed":false,"inline_featured_image":false,"_uag_custom_page_level_css":"","site-sidebar-layout":"default","site-content-layout":"","ast-site-content-layout":"default","site-content-style":"default","site-sidebar-style":"default","ast-global-header-display":"","ast-banner-title-visibility":"","ast-main-header-display":"","ast-hfb-above-header-display":"","ast-hfb-below-header-display":"","ast-hfb-mobile-header-display":"","site-post-title":"","ast-breadcrumbs-content":"","ast-featured-img":"","footer-sml-layout":"","ast-disable-related-posts":"","theme-transparent-header-meta":"","adv-header-id-meta":"","stick-header-meta":"","header-above-stick-meta":"","header-main-stick-meta":"","header-below-stick-meta":"","astra-migrate-meta-layouts":"set","ast-page-background-enabled":"default","ast-page-background-meta":{"desktop":{"background-color":"var(--ast-global-color-4)","background-image":"","background-repeat":"repeat","background-position":"center center","background-size":"auto","background-attachment":"scroll","background-type":"","background-media":"","overlay-type":"","overlay-color":"","overlay-opacity":"","overlay-gradient":""},"tablet":{"background-color":"","background-image":"","background-repeat":"repeat","background-position":"center center","background-size":"auto","background-attachment":"scroll","background-type":"","background-media":"","overlay-type":"","overlay-color":"","overlay-opacity":"","overlay-gradient":""},"mobile":{"background-color":"","background-image":"","background-repeat":"repeat","background-position":"center center","background-size":"auto","background-attachment":"scroll","background-type":"","background-media":"","overlay-type":"","overlay-color":"","overlay-opacity":"","overlay-gradient":""}},"ast-content-background-meta":{"desktop":{"background-color":"var(--ast-global-color-5)","background-image":"","background-repeat":"repeat","background-position":"center center","background-size":"auto","background-attachment":"scroll","background-type":"","background-media":"","overlay-type":"","overlay-color":"","overlay-opacity":"","overlay-gradient":""},"tablet":{"background-color":"var(--ast-global-color-5)","background-image":"","background-repeat":"repeat","background-position":"center center","background-size":"auto","background-attachment":"scroll","background-type":"","background-media":"","overlay-type":"","overlay-color":"","overlay-opacity":"","overlay-gradient":""},"mobile":{"background-color":"var(--ast-global-color-5)","background-image":"","background-repeat":"repeat","background-position":"center center","background-size":"auto","background-attachment":"scroll","background-type":"","background-media":"","overlay-type":"","overlay-color":"","overlay-opacity":"","overlay-gradient":""}},"footnotes":""},"class_list":["post-13685","page","type-page","status-publish","has-post-thumbnail","hentry"],"acf":[],"featured_image_src":"https:\/\/iro.pk.edu.pl\/wp-content\/uploads\/2024\/03\/niebieskie-tlo-symbol.png","uagb_featured_image_src":{"full":["https:\/\/iro.pk.edu.pl\/wp-content\/uploads\/2024\/03\/niebieskie-tlo-symbol.png",1200,675,false],"thumbnail":["https:\/\/iro.pk.edu.pl\/wp-content\/uploads\/2024\/03\/niebieskie-tlo-symbol-150x150.png",150,150,true],"medium":["https:\/\/iro.pk.edu.pl\/wp-content\/uploads\/2024\/03\/niebieskie-tlo-symbol-300x169.png",300,169,true],"medium_large":["https:\/\/iro.pk.edu.pl\/wp-content\/uploads\/2024\/03\/niebieskie-tlo-symbol-768x432.png",768,432,true],"large":["https:\/\/iro.pk.edu.pl\/wp-content\/uploads\/2024\/03\/niebieskie-tlo-symbol-1024x576.png",1024,576,true],"1536x1536":["https:\/\/iro.pk.edu.pl\/wp-content\/uploads\/2024\/03\/niebieskie-tlo-symbol.png",1200,675,false],"2048x2048":["https:\/\/iro.pk.edu.pl\/wp-content\/uploads\/2024\/03\/niebieskie-tlo-symbol.png",1200,675,false]},"uagb_author_info":{"display_name":"dkluczynski","author_link":"https:\/\/iro.pk.edu.pl\/pl\/author\/dkluczynski\/"},"uagb_comment_info":0,"uagb_excerpt":"Zagraniczni kandydaci&nbsp;mog\u0105 podejmowa\u0107 na Politechnice Krakowskiej&nbsp;studia prowadzone w j\u0119zyku polskim, je\u017celi posiadaj\u0105 dokumenty po\u015bwiadczaj\u0105ce znajomo\u015b\u0107 [&hellip;]","_links":{"self":[{"href":"https:\/\/iro.pk.edu.pl\/pl\/wp-json\/wp\/v2\/pages\/13685","targetHints":{"allow":["GET"]}}],"collection":[{"href":"https:\/\/iro.pk.edu.pl\/pl\/wp-json\/wp\/v2\/pages"}],"about":[{"href":"https:\/\/iro.pk.edu.pl\/pl\/wp-json\/wp\/v2\/types\/page"}],"author":[{"embeddable":true,"href":"https:\/\/iro.pk.edu.pl\/pl\/wp-json\/wp\/v2\/users\/916"}],"replies":[{"embeddable":true,"href":"https:\/\/iro.pk.edu.pl\/pl\/wp-json\/wp\/v2\/comments?post=13685"}],"version-history":[{"count":1,"href":"https:\/\/iro.pk.edu.pl\/pl\/wp-json\/wp\/v2\/pages\/13685\/revisions"}],"predecessor-version":[{"id":24922,"href":"https:\/\/iro.pk.edu.pl\/pl\/wp-json\/wp\/v2\/pages\/13685\/revisions\/24922"}],"wp:featuredmedia":[{"embeddable":true,"href":"https:\/\/iro.pk.edu.pl\/pl\/wp-json\/wp\/v2\/media\/20068"}],"wp:attachment":[{"href":"https:\/\/iro.pk.edu.pl\/pl\/wp-json\/wp\/v2\/media?parent=13685"}],"curies":[{"name":"wp","href":"https:\/\/api.w.org\/{rel}","templated":true}]}}