{"id":13721,"date":"2023-10-20T10:14:51","date_gmt":"2023-10-20T08:14:51","guid":{"rendered":"https:\/\/iro.pk.edu.pl\/?page_id=13721"},"modified":"2026-04-01T13:57:43","modified_gmt":"2026-04-01T11:57:43","slug":"pliki-do-pobrania","status":"publish","type":"page","link":"https:\/\/iro.pk.edu.pl\/pl\/pliki-do-pobrania\/","title":{"rendered":"Pliki do pobrania"},"content":{"rendered":"\n<div class=\"wp-block-columns is-layout-flex wp-container-core-columns-is-layout-28f84493 wp-block-columns-is-layout-flex\">\n<div class=\"wp-block-column is-layout-flow wp-block-column-is-layout-flow\" style=\"flex-basis:75%\">\n<ul class=\"wp-block-list block_links_list\">\n<li><a href=\"https:\/\/bip.malopolska.pl\/pk,a,2843560,uchwala-nr-15-z-25-marca-2026-r-w-sprawie-warunkow-trybu-sposobu-przeprowadzania-oraz-terminu-rozpoc.html\" target=\"_blank\" rel=\"noreferrer noopener\">Uchwa\u0142a Senatu PK w sprawie warunk\u00f3w, trybu, sposobu przeprowadzania oraz terminu rozpocz\u0119cia i zako\u0144czenia rekrutacji kandydat\u00f3w nieposiadaj\u0105cych obywatelstwa polskiego na studia pierwszego i drugiego stopnia prowadzone w roku akademickim 2026\/27<\/a><\/li>\n\n\n\n<li><a href=\"https:\/\/bip.malopolska.pl\/pk,a,2685578,zarzadzenie-nr-40-z-6-maja-2024-r-dotyczace-zmiany-zarzadzenia-w-sprawie-wysokosci-oplat-za-uslugi-e.html\" target=\"_blank\" rel=\"noreferrer noopener\">Zarz\u0105dzenie dotycz\u0105ce zmiany zarz\u0105dzenia w sprawie wysoko\u015bci op\u0142at za us\u0142ugi edukacyjne dla student\u00f3w Politechniki Krakowskiej im. Tadeusza Ko\u015bciuszki nieposiadaj\u0105cych polskiego obywatelstwa<\/a><\/li>\n<\/ul>\n\n\n\n<ul class=\"wp-block-list block_links_list\">\n<li><a href=\"https:\/\/iro.pk.edu.pl\/pl\/kandydaci\/pliki-do-pobrania\/wzory-umow-podpisywanych-z-cudzoziemcami-przyjetymi-na-studia-w-politechnice-krakowskiej\/\">Wzory um\u00f3w podpisywanych z cudzoziemcami przyj\u0119tymi na studia w Politechnice Krakowskiej<\/a><\/li>\n<\/ul>\n\n\n\n<ul class=\"wp-block-list block_links_list\">\n<li><a href=\"https:\/\/www.gov.pl\/web\/udsc\" target=\"_blank\" rel=\"noreferrer noopener\">Poradnik dla student\u00f3w zagranicznych na temat legalizacji pobytu w Polsce<\/a><\/li>\n\n\n\n<li><a href=\"https:\/\/www.gov.pl\/web\/udsc\/uchodzcy\" target=\"_blank\" rel=\"noreferrer noopener\">Pierwsze kroki w Polsce &#8211; informator dla cudzoziemc\u00f3w ubiegaj\u0105cych si\u0119 o udzielenie ochrony mi\u0119dzynarodowej<\/a><\/li>\n\n\n\n<li><a href=\"https:\/\/bip.malopolska.pl\/pk,a,2671642,zarzadzenie-nr-14-z-28-stycznia-2025-r-w-sprawie-wprowadzenia-zasad-nostryfikacji-dyplomow-ukonczeni.html\" target=\"_blank\" rel=\"noreferrer noopener\">Zarz\u0105dzenie w sprawie zasad nostryfikacji dyplom\u00f3w uko\u0144czenia studi\u00f3w za granic\u0105 oraz Zasad potwierdzania uko\u0144czenia studi\u00f3w na okre\u015blonym poziomie na Politechnice Krakowskiej im. Tadeusza Ko\u015bciuszki<\/a><\/li>\n<\/ul>\n\n\n\n<ul class=\"wp-block-list linki-do-pobrania\">\n<li><a href=\"https:\/\/iro.pk.edu.pl\/wp-content\/uploads\/2023\/08\/u34zal1-1.pdf\" target=\"_blank\" rel=\"noreferrer noopener\">Regulamin studi\u00f3w na Politechnice Krakowskiej<\/a><\/li>\n\n\n\n<li><a href=\"https:\/\/iro.pk.edu.pl\/wp-content\/uploads\/2023\/08\/z65zal-1.pdf\" target=\"_blank\" rel=\"noreferrer noopener\">Zgoda rodzic\u00f3w \/ opiekun\u00f3w prawnych na udzia\u0142 osoby niepe\u0142noletniej w rekrutacji i dokonanie wpisu na list\u0119 student\u00f3w<\/a><\/li>\n\n\n\n<li><a href=\"https:\/\/iro.pk.edu.pl\/wp-content\/uploads\/2024\/04\/z30_24_zal.pdf\" target=\"_blank\" rel=\"noreferrer noopener\">Zarz\u0105dzenie nr 30 Rektora Politechniki Krakowskiej z dnia 19 kwietnia 2024 r. w sprawie wysoko\u015bci op\u0142at za us\u0142ugi edukacyjne dla student\u00f3w Politechniki Krakowskiej im. Tadeusza Ko\u015bciuszki nieposiadaj\u0105cych polskiego obywatelstwa<\/a><\/li>\n\n\n\n<li><a href=\"https:\/\/iro.pk.edu.pl\/wp-content\/uploads\/2023\/08\/Ustawa-Prawo-o-szkolnictwie-wyzszym-i-nauce-2018.pdf\" target=\"_blank\" rel=\"noreferrer noopener\">Ustawa Prawo o szkolnictwie wy\u017cszym i nauce<\/a><\/li>\n\n\n\n<li><a href=\"https:\/\/iro.pk.edu.pl\/wp-content\/uploads\/2023\/08\/z35zal-2.pdf\" target=\"_blank\" rel=\"noreferrer noopener\">Zarz\u0105dzenie nr 35 Rektora Politechniki Krakowskiej z 26 kwietnia 2022 r. w sprawie organizacji roku akademickiego 2022\/2023<\/a><\/li>\n\n\n\n<li><a href=\"https:\/\/iro.pk.edu.pl\/wp-content\/uploads\/2023\/08\/Wyciag-z-REGULAMINU-SWIADCZEN-PK-SOCJALNE-ZAPOMOGA_UKR.pdf\" target=\"_blank\" rel=\"noreferrer noopener\">Wyci\u0105g z Regulaminu \u015bwiadcze\u0144 PK (\u0421\u043e\u0446\u0456\u0430\u043b\u044c\u043d\u0430 \u0441\u0442\u0438\u043f\u0435\u043d\u0434\u0456\u044f \u0442\u0430 \u0424\u0456\u043d\u0430\u043d\u0441\u043e\u0432\u0430 \u0434\u043e\u043f\u043e\u043c\u043e\u0433\u0430)<\/a><\/li>\n\n\n\n<li><a href=\"https:\/\/iro.pk.edu.pl\/wp-content\/uploads\/2023\/08\/Regulamin-studiow-PK_UKR.pdf\" target=\"_blank\" rel=\"noreferrer noopener\">Regulamin studi\u00f3w na Politechnice Krakowskiej (\u041f\u0420\u0410\u0412\u0418\u041b\u0410 \u041d\u0410\u0412\u0427\u0410\u041d\u041d\u042f \u0443 \u041a\u0440\u0430\u043a\u0456\u0432\u0441\u044c\u043a\u0456\u0439 \u043f\u043e\u043b\u0456\u0442\u0435\u0445\u043d\u0456\u0446\u0456 \u0456\u043c. \u0422\u0430\u0434\u0435\u0443\u0448\u0430 \u041a\u043e\u0441\u0442\u044e\u0448\u043a\u0430)<\/a><\/li>\n\n\n\n<li><a href=\"https:\/\/iro.pk.edu.pl\/wp-content\/uploads\/2023\/08\/odwolanie_od_decyzji_dziekana_2019-1.doc\" target=\"_blank\" rel=\"noreferrer noopener\">Odwo\u0142anie od decyzji Dziekana\/Prodziekana Wydzia\u0142u dotycz\u0105ce skre\u015blenia z listy student\u00f3w lub wznowienia na studia<\/a><\/li>\n\n\n\n<li><a href=\"https:\/\/iro.pk.edu.pl\/wp-content\/uploads\/2023\/08\/z51zal-2.pdf\" target=\"_blank\" rel=\"noreferrer noopener\">Zarz\u0105dzenie nr 51 Rektora Politechniki Krakowskiej z 26 maja 2022 r. w sprawie Zasad przyznawania miejsc, odp\u0142atno\u015bci i termin\u00f3w kwaterowania w domach studenckich Politechniki Krakowskiej na rok akademicki 2022\/2023<\/a><\/li>\n<\/ul>\n<\/div>\n\n\n\n<div class=\"wp-block-column is-layout-flow wp-block-column-is-layout-flow\" style=\"flex-basis:25%\"><\/div>\n<\/div>\n","protected":false},"excerpt":{"rendered":"","protected":false},"author":916,"featured_media":20068,"parent":0,"menu_order":0,"comment_status":"closed","ping_status":"closed","template":"","meta":{"_acf_changed":false,"inline_featured_image":false,"_uag_custom_page_level_css":"","site-sidebar-layout":"default","site-content-layout":"","ast-site-content-layout":"default","site-content-style":"default","site-sidebar-style":"default","ast-global-header-display":"","ast-banner-title-visibility":"","ast-main-header-display":"","ast-hfb-above-header-display":"","ast-hfb-below-header-display":"","ast-hfb-mobile-header-display":"","site-post-title":"","ast-breadcrumbs-content":"","ast-featured-img":"","footer-sml-layout":"","ast-disable-related-posts":"","theme-transparent-header-meta":"","adv-header-id-meta":"","stick-header-meta":"","header-above-stick-meta":"","header-main-stick-meta":"","header-below-stick-meta":"","astra-migrate-meta-layouts":"set","ast-page-background-enabled":"default","ast-page-background-meta":{"desktop":{"background-color":"var(--ast-global-color-4)","background-image":"","background-repeat":"repeat","background-position":"center center","background-size":"auto","background-attachment":"scroll","background-type":"","background-media":"","overlay-type":"","overlay-color":"","overlay-opacity":"","overlay-gradient":""},"tablet":{"background-color":"","background-image":"","background-repeat":"repeat","background-position":"center center","background-size":"auto","background-attachment":"scroll","background-type":"","background-media":"","overlay-type":"","overlay-color":"","overlay-opacity":"","overlay-gradient":""},"mobile":{"background-color":"","background-image":"","background-repeat":"repeat","background-position":"center center","background-size":"auto","background-attachment":"scroll","background-type":"","background-media":"","overlay-type":"","overlay-color":"","overlay-opacity":"","overlay-gradient":""}},"ast-content-background-meta":{"desktop":{"background-color":"var(--ast-global-color-5)","background-image":"","background-repeat":"repeat","background-position":"center center","background-size":"auto","background-attachment":"scroll","background-type":"","background-media":"","overlay-type":"","overlay-color":"","overlay-opacity":"","overlay-gradient":""},"tablet":{"background-color":"var(--ast-global-color-5)","background-image":"","background-repeat":"repeat","background-position":"center center","background-size":"auto","background-attachment":"scroll","background-type":"","background-media":"","overlay-type":"","overlay-color":"","overlay-opacity":"","overlay-gradient":""},"mobile":{"background-color":"var(--ast-global-color-5)","background-image":"","background-repeat":"repeat","background-position":"center center","background-size":"auto","background-attachment":"scroll","background-type":"","background-media":"","overlay-type":"","overlay-color":"","overlay-opacity":"","overlay-gradient":""}},"footnotes":""},"class_list":["post-13721","page","type-page","status-publish","has-post-thumbnail","hentry"],"acf":[],"featured_image_src":"https:\/\/iro.pk.edu.pl\/wp-content\/uploads\/2024\/03\/niebieskie-tlo-symbol.png","uagb_featured_image_src":{"full":["https:\/\/iro.pk.edu.pl\/wp-content\/uploads\/2024\/03\/niebieskie-tlo-symbol.png",1200,675,false],"thumbnail":["https:\/\/iro.pk.edu.pl\/wp-content\/uploads\/2024\/03\/niebieskie-tlo-symbol-150x150.png",150,150,true],"medium":["https:\/\/iro.pk.edu.pl\/wp-content\/uploads\/2024\/03\/niebieskie-tlo-symbol-300x169.png",300,169,true],"medium_large":["https:\/\/iro.pk.edu.pl\/wp-content\/uploads\/2024\/03\/niebieskie-tlo-symbol-768x432.png",768,432,true],"large":["https:\/\/iro.pk.edu.pl\/wp-content\/uploads\/2024\/03\/niebieskie-tlo-symbol-1024x576.png",1024,576,true],"1536x1536":["https:\/\/iro.pk.edu.pl\/wp-content\/uploads\/2024\/03\/niebieskie-tlo-symbol.png",1200,675,false],"2048x2048":["https:\/\/iro.pk.edu.pl\/wp-content\/uploads\/2024\/03\/niebieskie-tlo-symbol.png",1200,675,false]},"uagb_author_info":{"display_name":"dkluczynski","author_link":"https:\/\/iro.pk.edu.pl\/pl\/author\/dkluczynski\/"},"uagb_comment_info":0,"uagb_excerpt":null,"_links":{"self":[{"href":"https:\/\/iro.pk.edu.pl\/pl\/wp-json\/wp\/v2\/pages\/13721","targetHints":{"allow":["GET"]}}],"collection":[{"href":"https:\/\/iro.pk.edu.pl\/pl\/wp-json\/wp\/v2\/pages"}],"about":[{"href":"https:\/\/iro.pk.edu.pl\/pl\/wp-json\/wp\/v2\/types\/page"}],"author":[{"embeddable":true,"href":"https:\/\/iro.pk.edu.pl\/pl\/wp-json\/wp\/v2\/users\/916"}],"replies":[{"embeddable":true,"href":"https:\/\/iro.pk.edu.pl\/pl\/wp-json\/wp\/v2\/comments?post=13721"}],"version-history":[{"count":1,"href":"https:\/\/iro.pk.edu.pl\/pl\/wp-json\/wp\/v2\/pages\/13721\/revisions"}],"predecessor-version":[{"id":24873,"href":"https:\/\/iro.pk.edu.pl\/pl\/wp-json\/wp\/v2\/pages\/13721\/revisions\/24873"}],"wp:featuredmedia":[{"embeddable":true,"href":"https:\/\/iro.pk.edu.pl\/pl\/wp-json\/wp\/v2\/media\/20068"}],"wp:attachment":[{"href":"https:\/\/iro.pk.edu.pl\/pl\/wp-json\/wp\/v2\/media?parent=13721"}],"curies":[{"name":"wp","href":"https:\/\/api.w.org\/{rel}","templated":true}]}}