{"id":23365,"date":"2025-10-20T11:49:16","date_gmt":"2025-10-20T09:49:16","guid":{"rendered":"https:\/\/iro.pk.edu.pl\/?page_id=23365"},"modified":"2025-10-20T11:50:09","modified_gmt":"2025-10-20T09:50:09","slug":"knu-relacja-uczestnikow-wymiany","status":"publish","type":"page","link":"https:\/\/iro.pk.edu.pl\/pl\/knu-relacja-uczestnikow-wymiany\/","title":{"rendered":"KNU \u2013 relacja uczestnik\u00f3w wymiany"},"content":{"rendered":"\n<p><em>Miros\u0142aw Budziak, student Politechniki Krakowskiej kierunku Energetyka<\/em><\/p>\n\n\n\n<p>Kyungpook National University jest to jeden z tak zwanych \u201eflagowc\u00f3w\u201d \u2013 uniwersytet\u00f3w publicznych, stworzonych po II Wojnie \u015awiatowej, aby zapewnia\u0107 wykszta\u0142cone kadry dla (wtedy) s\u0142abo rozwini\u0119tej gospodarczo Korei. Powsta\u0142a z po\u0142\u0105czenia szk\u00f3\u0142 (college) pedagogicznej, medycznej, rolniczej, prawa i nauk politycznych oraz sztuk wyzwolonych i nauki.<br><br>Dzisiaj jest to du\u017ca uczelnia, z kampusem o powierzchni ponad 80 hektar\u00f3w i kszta\u0142c\u0105ca ponad 36 tysi\u0105ce student\u00f3w. Nie jest to stricte techniczna uczelnia, co nie znaczy jednak, \u017ce przedmioty techniczne (College of Engineering) stoj\u0105 tam na niskim poziomie. Wysoki poziom wynika zar\u00f3wno z kompetencji prowadz\u0105cych, z zaanga\u017cowania student\u00f3w jak te\u017c dobrego dofinansowania.<br><br>Je\u015bli chodzi o moje refleksje na temat pobytu w Daegu, najwi\u0119ksz\u0105 zalet\u0105 jest r\u00f3\u017cnorodno\u015b\u0107 &#8211; ka\u017cdy mo\u017ce znale\u017a\u0107 co\u015b dla siebie.<br><br>Je\u015bli chodzi o nauk\u0119 \u2013 je\u015bli chce si\u0119 zg\u0142\u0119bi\u0107 jaki\u015b temat (kurs), jest to \u015bwietna okazja. Prowadz\u0105cy nie s\u0105 \u201ez przypadku\u201d, cz\u0119sto po om\u00f3wieniu podstaw tematu przechodz\u0105 do swoich bada\u0144 albo omawiaj\u0105 nowe, znacz\u0105ce artyku\u0142y w danej dziedzinie. Innym razem w ramach zada\u0144 korzystaj\u0105c z rzeczywistych danych projektowano urz\u0105dzania adekwatne do potrzeb.<br>Po stronie minus\u00f3w \u2013czasem nie uda si\u0119 zapisa\u0107 na kurs kt\u00f3ry planowa\u0142o si\u0119 realizowa\u0107. Ca\u0142e szcz\u0119\u015bcie kurs\u00f3w do wyboru jest du\u017co. Osobi\u015bcie \u017ca\u0142uj\u0119, \u017ce zamiast jednego z przedmiot\u00f3w technicznych nie zapisa\u0142em si\u0119 na podstawowy kurs j\u0119zyka korea\u0144skiego.<br><br>Poza nauk\u0105 oczywi\u015bcie te\u017c wiele si\u0119 dzieje. Uczelnia ch\u0119tnie przyjmuje student\u00f3w z ca\u0142ego \u015bwiata, jest mo\u017cliwo\u015b\u0107 zapisania si\u0119 do bractw studenckich, dzia\u0142ania w samorz\u0105dzie, wsp\u00f3lnych aktywno\u015bci z innymi studentami jak wyjazdy, szczeg\u00f3lnie z innymi studentami z wymiany. W\u0142a\u015bciwie ju\u017c od pocz\u0105tku poznajesz swojego \u201ebuddy\u2019ego\u201d \u2013 miejscowego studenta opiekuna, kt\u00f3ry ci pomaga i kt\u00f3rego zawsze mo\u017cesz zapyta\u0107 lub poprosi\u0107 o pomoc.<br><br>Klimat tak na uczelni, w mie\u015bcie Daegu jak i og\u00f3lnie w Korei Po\u0142udniowej jest niepowtarzalny. Korea\u0144ska kuchnia, \u015bredniowieczne \u015bwi\u0105tynie Buddyjskie w g\u00f3rach, pa\u0142ace w Seulu, klify i pla\u017ce w Busan, wyspa wulkaniczna Jeju, DMZ, nieko\u0144cz\u0105ce si\u0119 g\u00f3rskie trasy trekkingowe, wielomilionowe miasta ze wzg\u00f3rzami w centrum! Korea robi wielkie wra\u017cenie. Korea\u0144czycy s\u0105 bardzo uprzejmi, pomocni i otwarci, nieraz do przesady. Mo\u017ce si\u0119 pojawi\u0107 bariera j\u0119zykowa &#8211; ca\u0142e szcz\u0119\u015bcie s\u0105 translatory. Pocz\u0105tkowo mocno ekspresyjny spos\u00f3b komunikacji Korea\u0144czyk\u00f3w wydaje si\u0119 dziwny, jakby wyci\u0105gni\u0119ty z anime, ale szybko mo\u017cna si\u0119 przyzwyczai\u0107. Semestr na KNU to niezapomniane do\u015bwiadczenie !<\/p>\n\n\n\n<figure class=\"wp-block-gallery has-nested-images columns-default is-cropped wp-block-gallery-1 is-layout-flex wp-block-gallery-is-layout-flex\">\n<figure class=\"wp-block-image size-large\"><img loading=\"lazy\" decoding=\"async\" width=\"1024\" height=\"771\" data-id=\"23368\" src=\"https:\/\/iro.pk.edu.pl\/wp-content\/uploads\/2025\/10\/5a0c39e5-b4fd-41ff-966e-11dfb5e186f5-1024x771.jpeg\" alt=\"\" class=\"wp-image-23368\" srcset=\"https:\/\/iro.pk.edu.pl\/wp-content\/uploads\/2025\/10\/5a0c39e5-b4fd-41ff-966e-11dfb5e186f5-1024x771.jpeg 1024w, https:\/\/iro.pk.edu.pl\/wp-content\/uploads\/2025\/10\/5a0c39e5-b4fd-41ff-966e-11dfb5e186f5-300x226.jpeg 300w, https:\/\/iro.pk.edu.pl\/wp-content\/uploads\/2025\/10\/5a0c39e5-b4fd-41ff-966e-11dfb5e186f5-768x578.jpeg 768w, https:\/\/iro.pk.edu.pl\/wp-content\/uploads\/2025\/10\/5a0c39e5-b4fd-41ff-966e-11dfb5e186f5-1536x1157.jpeg 1536w, https:\/\/iro.pk.edu.pl\/wp-content\/uploads\/2025\/10\/5a0c39e5-b4fd-41ff-966e-11dfb5e186f5.jpeg 2048w\" sizes=\"auto, (max-width: 1024px) 100vw, 1024px\" \/><\/figure>\n\n\n\n<figure class=\"wp-block-image size-large\"><img loading=\"lazy\" decoding=\"async\" width=\"1024\" height=\"768\" data-id=\"23366\" src=\"https:\/\/iro.pk.edu.pl\/wp-content\/uploads\/2025\/10\/0111f3a3-a84b-473c-889b-ecdb186b35fd-1024x768.jpeg\" alt=\"\" class=\"wp-image-23366\" srcset=\"https:\/\/iro.pk.edu.pl\/wp-content\/uploads\/2025\/10\/0111f3a3-a84b-473c-889b-ecdb186b35fd-1024x768.jpeg 1024w, https:\/\/iro.pk.edu.pl\/wp-content\/uploads\/2025\/10\/0111f3a3-a84b-473c-889b-ecdb186b35fd-300x225.jpeg 300w, https:\/\/iro.pk.edu.pl\/wp-content\/uploads\/2025\/10\/0111f3a3-a84b-473c-889b-ecdb186b35fd-768x576.jpeg 768w, https:\/\/iro.pk.edu.pl\/wp-content\/uploads\/2025\/10\/0111f3a3-a84b-473c-889b-ecdb186b35fd-1536x1152.jpeg 1536w, https:\/\/iro.pk.edu.pl\/wp-content\/uploads\/2025\/10\/0111f3a3-a84b-473c-889b-ecdb186b35fd.jpeg 2048w\" sizes=\"auto, (max-width: 1024px) 100vw, 1024px\" \/><\/figure>\n\n\n\n<figure class=\"wp-block-image size-large\"><img loading=\"lazy\" decoding=\"async\" width=\"1024\" height=\"771\" data-id=\"23376\" src=\"https:\/\/iro.pk.edu.pl\/wp-content\/uploads\/2025\/10\/8005128e-fa69-4300-bfcd-55a77b99b1af-1-1024x771.jpeg\" alt=\"\" class=\"wp-image-23376\" srcset=\"https:\/\/iro.pk.edu.pl\/wp-content\/uploads\/2025\/10\/8005128e-fa69-4300-bfcd-55a77b99b1af-1-1024x771.jpeg 1024w, https:\/\/iro.pk.edu.pl\/wp-content\/uploads\/2025\/10\/8005128e-fa69-4300-bfcd-55a77b99b1af-1-300x226.jpeg 300w, https:\/\/iro.pk.edu.pl\/wp-content\/uploads\/2025\/10\/8005128e-fa69-4300-bfcd-55a77b99b1af-1-768x578.jpeg 768w, https:\/\/iro.pk.edu.pl\/wp-content\/uploads\/2025\/10\/8005128e-fa69-4300-bfcd-55a77b99b1af-1-1536x1157.jpeg 1536w, https:\/\/iro.pk.edu.pl\/wp-content\/uploads\/2025\/10\/8005128e-fa69-4300-bfcd-55a77b99b1af-1.jpeg 2048w\" sizes=\"auto, (max-width: 1024px) 100vw, 1024px\" \/><\/figure>\n\n\n\n<figure class=\"wp-block-image size-large\"><img loading=\"lazy\" decoding=\"async\" width=\"1024\" height=\"771\" data-id=\"23372\" src=\"https:\/\/iro.pk.edu.pl\/wp-content\/uploads\/2025\/10\/a923cff8-8211-406e-ad60-1884e26699da-1024x771.jpeg\" alt=\"\" class=\"wp-image-23372\" srcset=\"https:\/\/iro.pk.edu.pl\/wp-content\/uploads\/2025\/10\/a923cff8-8211-406e-ad60-1884e26699da-1024x771.jpeg 1024w, https:\/\/iro.pk.edu.pl\/wp-content\/uploads\/2025\/10\/a923cff8-8211-406e-ad60-1884e26699da-300x226.jpeg 300w, https:\/\/iro.pk.edu.pl\/wp-content\/uploads\/2025\/10\/a923cff8-8211-406e-ad60-1884e26699da-768x578.jpeg 768w, https:\/\/iro.pk.edu.pl\/wp-content\/uploads\/2025\/10\/a923cff8-8211-406e-ad60-1884e26699da-1536x1157.jpeg 1536w, https:\/\/iro.pk.edu.pl\/wp-content\/uploads\/2025\/10\/a923cff8-8211-406e-ad60-1884e26699da.jpeg 2048w\" sizes=\"auto, (max-width: 1024px) 100vw, 1024px\" \/><\/figure>\n\n\n\n<figure class=\"wp-block-image size-large\"><img loading=\"lazy\" decoding=\"async\" width=\"1024\" height=\"771\" data-id=\"23370\" src=\"https:\/\/iro.pk.edu.pl\/wp-content\/uploads\/2025\/10\/c95dd6d1-4e9c-453c-a487-5f905ee11bff-1024x771.jpeg\" alt=\"\" class=\"wp-image-23370\" srcset=\"https:\/\/iro.pk.edu.pl\/wp-content\/uploads\/2025\/10\/c95dd6d1-4e9c-453c-a487-5f905ee11bff-1024x771.jpeg 1024w, https:\/\/iro.pk.edu.pl\/wp-content\/uploads\/2025\/10\/c95dd6d1-4e9c-453c-a487-5f905ee11bff-300x226.jpeg 300w, https:\/\/iro.pk.edu.pl\/wp-content\/uploads\/2025\/10\/c95dd6d1-4e9c-453c-a487-5f905ee11bff-768x578.jpeg 768w, https:\/\/iro.pk.edu.pl\/wp-content\/uploads\/2025\/10\/c95dd6d1-4e9c-453c-a487-5f905ee11bff-1536x1157.jpeg 1536w, https:\/\/iro.pk.edu.pl\/wp-content\/uploads\/2025\/10\/c95dd6d1-4e9c-453c-a487-5f905ee11bff.jpeg 2048w\" sizes=\"auto, (max-width: 1024px) 100vw, 1024px\" \/><\/figure>\n\n\n\n<figure class=\"wp-block-image size-large\"><img loading=\"lazy\" decoding=\"async\" width=\"1024\" height=\"821\" data-id=\"23374\" src=\"https:\/\/iro.pk.edu.pl\/wp-content\/uploads\/2025\/10\/d95d09ec-b22d-410b-883c-975e435e780a-1024x821.jpeg\" alt=\"\" class=\"wp-image-23374\" srcset=\"https:\/\/iro.pk.edu.pl\/wp-content\/uploads\/2025\/10\/d95d09ec-b22d-410b-883c-975e435e780a-1024x821.jpeg 1024w, https:\/\/iro.pk.edu.pl\/wp-content\/uploads\/2025\/10\/d95d09ec-b22d-410b-883c-975e435e780a-300x241.jpeg 300w, https:\/\/iro.pk.edu.pl\/wp-content\/uploads\/2025\/10\/d95d09ec-b22d-410b-883c-975e435e780a-768x616.jpeg 768w, https:\/\/iro.pk.edu.pl\/wp-content\/uploads\/2025\/10\/d95d09ec-b22d-410b-883c-975e435e780a-1536x1232.jpeg 1536w, https:\/\/iro.pk.edu.pl\/wp-content\/uploads\/2025\/10\/d95d09ec-b22d-410b-883c-975e435e780a.jpeg 1900w\" sizes=\"auto, (max-width: 1024px) 100vw, 1024px\" \/><\/figure>\n<\/figure>\n\n\n\n<p><\/p>\n","protected":false},"excerpt":{"rendered":"<p>Miros\u0142aw Budziak, student Politechniki Krakowskiej kierunku Energetyka Kyungpook National University jest to jeden z tak [&hellip;]<\/p>\n","protected":false},"author":916,"featured_media":20068,"parent":0,"menu_order":0,"comment_status":"closed","ping_status":"closed","template":"","meta":{"_acf_changed":false,"inline_featured_image":false,"_uag_custom_page_level_css":"","site-sidebar-layout":"default","site-content-layout":"","ast-site-content-layout":"default","site-content-style":"default","site-sidebar-style":"default","ast-global-header-display":"","ast-banner-title-visibility":"","ast-main-header-display":"","ast-hfb-above-header-display":"","ast-hfb-below-header-display":"","ast-hfb-mobile-header-display":"","site-post-title":"","ast-breadcrumbs-content":"","ast-featured-img":"","footer-sml-layout":"","ast-disable-related-posts":"","theme-transparent-header-meta":"","adv-header-id-meta":"","stick-header-meta":"","header-above-stick-meta":"","header-main-stick-meta":"","header-below-stick-meta":"","astra-migrate-meta-layouts":"set","ast-page-background-enabled":"default","ast-page-background-meta":{"desktop":{"background-color":"var(--ast-global-color-4)","background-image":"","background-repeat":"repeat","background-position":"center center","background-size":"auto","background-attachment":"scroll","background-type":"","background-media":"","overlay-type":"","overlay-color":"","overlay-opacity":"","overlay-gradient":""},"tablet":{"background-color":"","background-image":"","background-repeat":"repeat","background-position":"center center","background-size":"auto","background-attachment":"scroll","background-type":"","background-media":"","overlay-type":"","overlay-color":"","overlay-opacity":"","overlay-gradient":""},"mobile":{"background-color":"","background-image":"","background-repeat":"repeat","background-position":"center center","background-size":"auto","background-attachment":"scroll","background-type":"","background-media":"","overlay-type":"","overlay-color":"","overlay-opacity":"","overlay-gradient":""}},"ast-content-background-meta":{"desktop":{"background-color":"var(--ast-global-color-5)","background-image":"","background-repeat":"repeat","background-position":"center center","background-size":"auto","background-attachment":"scroll","background-type":"","background-media":"","overlay-type":"","overlay-color":"","overlay-opacity":"","overlay-gradient":""},"tablet":{"background-color":"var(--ast-global-color-5)","background-image":"","background-repeat":"repeat","background-position":"center center","background-size":"auto","background-attachment":"scroll","background-type":"","background-media":"","overlay-type":"","overlay-color":"","overlay-opacity":"","overlay-gradient":""},"mobile":{"background-color":"var(--ast-global-color-5)","background-image":"","background-repeat":"repeat","background-position":"center center","background-size":"auto","background-attachment":"scroll","background-type":"","background-media":"","overlay-type":"","overlay-color":"","overlay-opacity":"","overlay-gradient":""}},"footnotes":""},"class_list":["post-23365","page","type-page","status-publish","has-post-thumbnail","hentry"],"acf":[],"featured_image_src":"https:\/\/iro.pk.edu.pl\/wp-content\/uploads\/2024\/03\/niebieskie-tlo-symbol.png","uagb_featured_image_src":{"full":["https:\/\/iro.pk.edu.pl\/wp-content\/uploads\/2024\/03\/niebieskie-tlo-symbol.png",1200,675,false],"thumbnail":["https:\/\/iro.pk.edu.pl\/wp-content\/uploads\/2024\/03\/niebieskie-tlo-symbol-150x150.png",150,150,true],"medium":["https:\/\/iro.pk.edu.pl\/wp-content\/uploads\/2024\/03\/niebieskie-tlo-symbol-300x169.png",300,169,true],"medium_large":["https:\/\/iro.pk.edu.pl\/wp-content\/uploads\/2024\/03\/niebieskie-tlo-symbol-768x432.png",768,432,true],"large":["https:\/\/iro.pk.edu.pl\/wp-content\/uploads\/2024\/03\/niebieskie-tlo-symbol-1024x576.png",1024,576,true],"1536x1536":["https:\/\/iro.pk.edu.pl\/wp-content\/uploads\/2024\/03\/niebieskie-tlo-symbol.png",1200,675,false],"2048x2048":["https:\/\/iro.pk.edu.pl\/wp-content\/uploads\/2024\/03\/niebieskie-tlo-symbol.png",1200,675,false]},"uagb_author_info":{"display_name":"dkluczynski","author_link":"https:\/\/iro.pk.edu.pl\/pl\/author\/dkluczynski\/"},"uagb_comment_info":0,"uagb_excerpt":"Miros\u0142aw Budziak, student Politechniki Krakowskiej kierunku Energetyka Kyungpook National University jest to jeden z tak [&hellip;]","_links":{"self":[{"href":"https:\/\/iro.pk.edu.pl\/pl\/wp-json\/wp\/v2\/pages\/23365","targetHints":{"allow":["GET"]}}],"collection":[{"href":"https:\/\/iro.pk.edu.pl\/pl\/wp-json\/wp\/v2\/pages"}],"about":[{"href":"https:\/\/iro.pk.edu.pl\/pl\/wp-json\/wp\/v2\/types\/page"}],"author":[{"embeddable":true,"href":"https:\/\/iro.pk.edu.pl\/pl\/wp-json\/wp\/v2\/users\/916"}],"replies":[{"embeddable":true,"href":"https:\/\/iro.pk.edu.pl\/pl\/wp-json\/wp\/v2\/comments?post=23365"}],"version-history":[{"count":0,"href":"https:\/\/iro.pk.edu.pl\/pl\/wp-json\/wp\/v2\/pages\/23365\/revisions"}],"wp:featuredmedia":[{"embeddable":true,"href":"https:\/\/iro.pk.edu.pl\/pl\/wp-json\/wp\/v2\/media\/20068"}],"wp:attachment":[{"href":"https:\/\/iro.pk.edu.pl\/pl\/wp-json\/wp\/v2\/media?parent=23365"}],"curies":[{"name":"wp","href":"https:\/\/api.w.org\/{rel}","templated":true}]}}