{"id":93,"date":"2023-06-26T10:19:55","date_gmt":"2023-06-26T08:19:55","guid":{"rendered":"https:\/\/iro.pk.edu.pl\/?page_id=93"},"modified":"2026-04-01T07:17:56","modified_gmt":"2026-04-01T05:17:56","slug":"strona-glowna","status":"publish","type":"page","link":"https:\/\/iro.pk.edu.pl\/pl\/","title":{"rendered":"Strona g\u0142\u00f3wna"},"content":{"rendered":"\n\n\n\n<div style=\"height:80px\" aria-hidden=\"true\" class=\"wp-block-spacer\"><\/div>\n\n\n\n<div class=\"wp-block-uagb-container uagb-block-38ff88cc alignwide uagb-is-root-container\">\n<div class=\"wp-block-uagb-container uagb-block-d82fb56c\">\n<div class=\"wp-block-uagb-advanced-heading uagb-block-b6a6f4ac\"><h4 class=\"uagb-heading-text\">WYMIANA BILATERALNA<\/h4><\/div>\n\n\n\n<div class=\"wp-block-uagb-buttons uagb-buttons__outer-wrap uagb-btn__default-btn uagb-btn-tablet__default-btn uagb-btn-mobile__default-btn uagb-block-02bbd1c3\"><div class=\"uagb-buttons__wrap uagb-buttons-layout-wrap \">\n<div class=\"wp-block-uagb-buttons-child uagb-buttons__outer-wrap uagb-block-4f1a9e20 wp-block-button\"><div class=\"uagb-button__wrapper\"><a class=\"uagb-buttons-repeater wp-block-button__link\" aria-label=\"\" href=\"#\" rel=\"follow noopener\" target=\"_self\" role=\"button\"><div class=\"uagb-button__link\">rejestracja zamkni\u0119ta<\/div><\/a><\/div><\/div>\n<\/div><\/div>\n<\/div>\n\n\n\n<div class=\"wp-block-uagb-container uagb-block-e81ee19b\">\n<div class=\"wp-block-uagb-advanced-heading uagb-block-bdce2aa5\"><h4 class=\"uagb-heading-text\">STUDIA II STOPNIA (PL)<\/h4><\/div>\n\n\n\n<div class=\"wp-block-uagb-buttons uagb-buttons__outer-wrap uagb-btn__default-btn uagb-btn-tablet__default-btn uagb-btn-mobile__default-btn uagb-block-a076df87\"><div class=\"uagb-buttons__wrap uagb-buttons-layout-wrap \">\n<div class=\"wp-block-uagb-buttons-child uagb-buttons__outer-wrap uagb-block-3f67b581 wp-block-button\"><div class=\"uagb-button__wrapper\"><a class=\"uagb-buttons-repeater wp-block-button__link\" aria-label=\"\" href=\"#\" rel=\"follow noopener\" target=\"_blank\" role=\"button\"><div class=\"uagb-button__link\">rejestracja zamkni\u0119ta<\/div><\/a><\/div><\/div>\n<\/div><\/div>\n<\/div>\n\n\n\n<div class=\"wp-block-uagb-container uagb-block-7b5de985\">\n<div class=\"wp-block-uagb-advanced-heading uagb-block-3f3064fc\"><h4 class=\"uagb-heading-text\">STUDIA II STOPNIA (ENG)<\/h4><\/div>\n\n\n\n<div class=\"wp-block-uagb-buttons uagb-buttons__outer-wrap uagb-btn__default-btn uagb-btn-tablet__default-btn uagb-btn-mobile__default-btn uagb-block-e00a1f15\"><div class=\"uagb-buttons__wrap uagb-buttons-layout-wrap \">\n<div class=\"wp-block-uagb-buttons-child uagb-buttons__outer-wrap uagb-block-94f9d309 wp-block-button\"><div class=\"uagb-button__wrapper\"><a class=\"uagb-buttons-repeater wp-block-button__link\" aria-label=\"\" href=\"#\" rel=\"follow noopener\" target=\"_blank\" role=\"button\"><div class=\"uagb-button__link\">rejestracja zamkni\u0119ta<\/div><\/a><\/div><\/div>\n<\/div><\/div>\n<\/div>\n<\/div>\n\n\n\n<div style=\"height:35px\" aria-hidden=\"true\" class=\"wp-block-spacer\"><\/div>\n\n\n\n<div class=\"wp-block-uagb-container uagb-block-5596b2c8 alignwide uagb-is-root-container\">\n<div class=\"wp-block-uagb-image aligncenter uagb-block-72ff9283 wp-block-uagb-image--layout-overlay wp-block-uagb-image--effect-static wp-block-uagb-image--align-center\" id=\"https:\/\/iro.pk.edu.pl\/pl\/informacje-dla-kandydatow\/\"><figure class=\"wp-block-uagb-image__figure\"><a class=\"\" href=\"https:\/\/iro.pk.edu.pl\/pl\/informacje-dla-kandydatow\/\" target=\"\" rel=\"noopener\"><img decoding=\"async\" srcset=\"https:\/\/iro.pk.edu.pl\/wp-content\/uploads\/2024\/01\/creative-learners-1024x682.jpg ,https:\/\/iro.pk.edu.pl\/wp-content\/uploads\/2024\/01\/creative-learners.jpg 780w, https:\/\/iro.pk.edu.pl\/wp-content\/uploads\/2024\/01\/creative-learners.jpg 360w\" sizes=\"auto, (max-width: 480px) 150px\" src=\"https:\/\/iro.pk.edu.pl\/wp-content\/uploads\/2024\/01\/creative-learners-1024x682.jpg\" alt=\"Kandydaci\" class=\"uag-image-19582\" width=\"482\" height=\"333\" title=\"creative-learners\" loading=\"lazy\" role=\"img\"\/><\/a><div class=\"wp-block-uagb-image--layout-overlay__color-wrapper\"><\/div><div class=\"wp-block-uagb-image--layout-overlay__inner bottom-center\"><a class=\"wp-block-uagb-image--layout-overlay-link \" href=\"https:\/\/iro.pk.edu.pl\/pl\/informacje-dla-kandydatow\/\" target=\"\" rel=\"noopener\"><\/a><h1 class=\"uagb-image-heading\">KANDYDACI<\/h1><figcaption class=\"uagb-image-caption\">Poznaj aktualn\u0105 ofert\u0119 edukacyjn\u0105<br>Politechniki Krakowskiej<\/figcaption><\/div><\/figure><\/div>\n\n\n\n<div class=\"wp-block-uagb-image uagb-block-3795d12d wp-block-uagb-image--layout-overlay wp-block-uagb-image--effect-static wp-block-uagb-image--align-none\" id=\"https:\/\/iro.pk.edu.pl\/pl\/studenci\/wymiana-studencka\/\"><figure class=\"wp-block-uagb-image__figure\"><a class=\"\" href=\"https:\/\/iro.pk.edu.pl\/pl\/studenci\/wymiana-studencka\/\" target=\"\" rel=\"noopener\"><img decoding=\"async\" srcset=\"https:\/\/iro.pk.edu.pl\/wp-content\/uploads\/2023\/11\/pexels-buro-millennial-1438081-3-1024x684.jpg ,https:\/\/iro.pk.edu.pl\/wp-content\/uploads\/2023\/11\/pexels-buro-millennial-1438081-3-scaled.jpg 780w, https:\/\/iro.pk.edu.pl\/wp-content\/uploads\/2023\/11\/pexels-buro-millennial-1438081-3-scaled.jpg 360w\" sizes=\"auto, (max-width: 480px) 150px\" src=\"https:\/\/iro.pk.edu.pl\/wp-content\/uploads\/2023\/11\/pexels-buro-millennial-1438081-3-1024x684.jpg\" alt=\"\" class=\"uag-image-18712\" width=\"483\" height=\"321\" title=\"pexels-buro-millennial-1438081 (3)\" loading=\"lazy\" role=\"img\"\/><\/a><div class=\"wp-block-uagb-image--layout-overlay__color-wrapper\"><\/div><div class=\"wp-block-uagb-image--layout-overlay__inner bottom-center\"><a class=\"wp-block-uagb-image--layout-overlay-link \" href=\"https:\/\/iro.pk.edu.pl\/pl\/studenci\/wymiana-studencka\/\" target=\"\" rel=\"noopener\"><\/a><h1 class=\"uagb-image-heading\">STUDENCI<\/h1><figcaption class=\"uagb-image-caption\">Zrealizuj cz\u0119\u015b\u0107 studi\u00f3w za granic\u0105<br><\/figcaption><\/div><\/figure><\/div>\n\n\n\n<div class=\"wp-block-uagb-image uagb-block-612c8489 wp-block-uagb-image--layout-overlay wp-block-uagb-image--effect-static wp-block-uagb-image--align-none\" id=\"https:\/\/iro.pk.edu.pl\/pl\/pracownicy\/\"><figure class=\"wp-block-uagb-image__figure\"><a class=\"\" href=\"https:\/\/iro.pk.edu.pl\/pl\/pracownicy\/wyjazdy-zagraniczne\/\" target=\"\" rel=\"noopener\"><img decoding=\"async\" srcset=\"https:\/\/iro.pk.edu.pl\/wp-content\/uploads\/2023\/10\/pexels-olia-danilevich-8145335-1024x683.jpg ,https:\/\/iro.pk.edu.pl\/wp-content\/uploads\/2023\/10\/pexels-olia-danilevich-8145335-scaled.jpg 780w, https:\/\/iro.pk.edu.pl\/wp-content\/uploads\/2023\/10\/pexels-olia-danilevich-8145335-scaled.jpg 360w\" sizes=\"auto, (max-width: 480px) 150px\" src=\"https:\/\/iro.pk.edu.pl\/wp-content\/uploads\/2023\/10\/pexels-olia-danilevich-8145335-1024x683.jpg\" alt=\"\" class=\"uag-image-14509\" width=\"485\" height=\"323\" title=\"pexels-olia-danilevich-8145335\" loading=\"lazy\" role=\"img\"\/><\/a><div class=\"wp-block-uagb-image--layout-overlay__color-wrapper\"><\/div><div class=\"wp-block-uagb-image--layout-overlay__inner bottom-center\"><a class=\"wp-block-uagb-image--layout-overlay-link \" href=\"https:\/\/iro.pk.edu.pl\/pl\/pracownicy\/wyjazdy-zagraniczne\/\" target=\"\" rel=\"noopener\"><\/a><h1 class=\"uagb-image-heading\">PRACOWNICY<\/h1><figcaption class=\"uagb-image-caption\">Rozwijaj swoj\u0105 karier\u0119 bez granic<\/figcaption><\/div><\/figure><\/div>\n<\/div>\n\n\n\n<div style=\"height:30px\" aria-hidden=\"true\" class=\"wp-block-spacer\"><\/div>\n\n\n\n<div class=\"wp-block-uagb-container uagb-block-041fc3b6 alignwide uagb-is-root-container\">\n<figure class=\"wp-block-embed is-type-video is-provider-youtube wp-block-embed-youtube wp-embed-aspect-16-9 wp-has-aspect-ratio\"><div class=\"wp-block-embed__wrapper\">\n<iframe loading=\"lazy\" hcb-fetch-image-from=\"https:\/\/youtu.be\/zHmBh4hoA3E?si=jKJiaTG_h7g3rg1C\" title=\"Study at Cracow University Of Technology (PK)\" width=\"500\" height=\"281\" src=\"https:\/\/www.youtube.com\/embed\/zHmBh4hoA3E?feature=oembed\" frameborder=\"0\" allow=\"accelerometer; autoplay; clipboard-write; encrypted-media; gyroscope; picture-in-picture; web-share\" referrerpolicy=\"strict-origin-when-cross-origin\" allowfullscreen><\/iframe>\n<\/div><\/figure>\n\n\n\n<div class=\"wp-block-uagb-container uagb-layout-grid uagb-block-296e19fa\">\n<div class=\"wp-block-uagb-advanced-heading uagb-block-91c8ab5f\"><h2 class=\"uagb-heading-text\">Istnieje mn\u00f3stwo powod\u00f3w, aby wybra\u0107 Politechnik\u0119 Krakowsk\u0105!<\/h2><\/div>\n\n\n\n<p><strong>Politechnika Krakowska <\/strong>to <strong>publiczna uczelnia wy\u017csza <\/strong>z <strong>80-letni\u0105 tradycj\u0105<\/strong> w rozwoju polskiej nauki i technologii. Za\u0142o\u017cona w 1945 roku i nosz\u0105ca imi\u0119 narodowego bohatera oraz in\u017cyniera Tadeusza Ko\u015bciuszki, <strong>uczelnia \u0142\u0105czy poszanowanie tradycji z otwarto\u015bci\u0105 na innowacje.<\/strong><br><br>Misj\u0105 Politechniki Krakowskiej jest prowadzenie bada\u0144 naukowych oraz wykorzystywanie najnowszych osi\u0105gni\u0119\u0107 nauki i technologii <strong>w kszta\u0142ceniu wysoko wykwalifikowanych in\u017cynier\u00f3w i naukowc\u00f3w.<\/strong><\/p>\n\n\n\n<div class=\"wp-block-uagb-buttons uagb-buttons__outer-wrap uagb-btn__default-btn uagb-btn-tablet__default-btn uagb-btn-mobile__default-btn uagb-block-2a51e2a7\"><div class=\"uagb-buttons__wrap uagb-buttons-layout-wrap \">\n<div class=\"wp-block-uagb-buttons-child uagb-buttons__outer-wrap uagb-block-63955f00 wp-block-button\"><div class=\"uagb-button__wrapper\"><a class=\"uagb-buttons-repeater wp-block-button__link\" aria-label=\"\" href=\"https:\/\/iro.pk.edu.pl\/pl\/o-nas\/\" rel=\"follow noopener\" target=\"_self\" role=\"button\"><div class=\"uagb-button__link\">poznaj wszystkie powody<\/div><\/a><\/div><\/div>\n<\/div><\/div>\n<\/div>\n<\/div>\n\n\n\n<div style=\"height:45px\" aria-hidden=\"true\" class=\"wp-block-spacer\"><\/div>\n\n\n\n<div class=\"wp-block-uagb-image uagb-block-e4b3a4d1 wp-block-uagb-image--layout-default wp-block-uagb-image--effect-static wp-block-uagb-image--align-none\"><figure class=\"wp-block-uagb-image__figure\"><img decoding=\"async\" srcset=\"https:\/\/iro.pk.edu.pl\/wp-content\/uploads\/2026\/02\/banery-main-WWW-propozycja-grudzien-20253.png ,https:\/\/iro.pk.edu.pl\/wp-content\/uploads\/2026\/02\/banery-main-WWW-propozycja-grudzien-20253.png 780w, https:\/\/iro.pk.edu.pl\/wp-content\/uploads\/2026\/02\/banery-main-WWW-propozycja-grudzien-20253-1024x83.png 360w\" sizes=\"auto, (max-width: 480px) 150px\" src=\"https:\/\/iro.pk.edu.pl\/wp-content\/uploads\/2026\/02\/banery-main-WWW-propozycja-grudzien-20253.png\" alt=\"\" class=\"uag-image-23700\" width=\"1920\" height=\"155\" title=\"banery-main-WWW-propozycja-grudzien-2025(3)\" loading=\"lazy\" role=\"img\"\/><\/figure><\/div>\n\n\n\n<div style=\"height:45px\" aria-hidden=\"true\" class=\"wp-block-spacer\"><\/div>\n\n\n\n<h2 class=\"wp-block-heading\">Aktualno\u015bci<\/h2>\n\n\n\n\t\t\t<div class=\"wp-block-uagb-post-carousel uagb-post-grid  uagb-post__image-position-top uagb-post__image-disabled uagb-block-111c4d03     uagb-post__arrow-outside uagb-slick-carousel uagb-post__items uagb-post__columns-3 is-carousel uagb-post__columns-tablet-2 uagb-post__columns-mobile-1\" data-total=\"6\" style=\"\">\n\n\t\t\t\t\t\t\t\t\t\t\t\t<article class=\"uagb-post__inner-wrap\">\t\t\t\t\t\t\t\t<h3 class=\"uagb-post__title uagb-post__text\">\n\t\t\t\t<a href=\"https:\/\/iro.pk.edu.pl\/pl\/aktualnosci\/program-hope-na-hanyang-university-w-semestrze-letnim\/\" target=\"_self\" rel=\"bookmark noopener noreferrer\">Program HOPE na Hanyang University w semestrze letnim<\/a>\n\t\t\t<\/h3>\n\t\t\t\t\t\t<div class='uagb-post__text uagb-post-grid-byline'>\n\t\t\t\t\t\t\t\t<time datetime=\"2026-02-02T10:09:27+01:00\" class=\"uagb-post__date\">\n\t\t\t\t<span class=\"dashicons-calendar dashicons\"><\/span>\t\t\t\t\t2026-02-02\t\t\t\t<\/time>\n\t\t\t\t\t\t<\/div>\n\t\t\t\t\t\t\t<div class='uagb-post__text uagb-post__excerpt'>\n\t\t\t\t\t<p>Hanyang University w Korei Po\u0142udniowej og\u0142asza nab\u00f3r do letniego programu HOPE. W ramach programu studenci&#8230;\t\t\t\t<\/div>\n\t\t\t\t\t\t<div class=\"uagb-post__text uagb-post__cta wp-block-button\">\n\t\t\t\t<a class=\"wp-block-button__link uagb-text-link\" style=\"\" href=\"https:\/\/iro.pk.edu.pl\/pl\/aktualnosci\/program-hope-na-hanyang-university-w-semestrze-letnim\/\" target=\"_self\" rel=\"bookmark noopener noreferrer\">dowiedz si\u0119 wi\u0119cej<\/a>\n\t\t\t<\/div>\n\t\t\t\n\t\t\t\t\t\t\t\t\t<\/article>\n\t\t\t\t\t\t\t\t\t\t\t\t\t\t\t\t<article class=\"uagb-post__inner-wrap\">\t\t\t\t\t\t\t\t<h3 class=\"uagb-post__title uagb-post__text\">\n\t\t\t\t<a href=\"https:\/\/iro.pk.edu.pl\/pl\/aktualnosci\/nabor-na-wyjazdy-semestralne-do-uczelni-partnerskich-2026-2027\/\" target=\"_self\" rel=\"bookmark noopener noreferrer\">NAB\u00d3R NA WYJAZDY SEMESTRALNE DO UCZELNI PARTNERSKICH 2026\/2027<\/a>\n\t\t\t<\/h3>\n\t\t\t\t\t\t<div class='uagb-post__text uagb-post-grid-byline'>\n\t\t\t\t\t\t\t\t<time datetime=\"2026-02-02T08:26:55+01:00\" class=\"uagb-post__date\">\n\t\t\t\t<span class=\"dashicons-calendar dashicons\"><\/span>\t\t\t\t\t2026-02-02\t\t\t\t<\/time>\n\t\t\t\t\t\t<\/div>\n\t\t\t\t\t\t\t<div class='uagb-post__text uagb-post__excerpt'>\n\t\t\t\t\t<p>Do 30 marca 2026 r. zapraszamy wszystkich zainteresowanych student\u00f3w I i II stopnia do zg\u0142aszania&#8230;\t\t\t\t<\/div>\n\t\t\t\t\t\t<div class=\"uagb-post__text uagb-post__cta wp-block-button\">\n\t\t\t\t<a class=\"wp-block-button__link uagb-text-link\" style=\"\" href=\"https:\/\/iro.pk.edu.pl\/pl\/aktualnosci\/nabor-na-wyjazdy-semestralne-do-uczelni-partnerskich-2026-2027\/\" target=\"_self\" rel=\"bookmark noopener noreferrer\">dowiedz si\u0119 wi\u0119cej<\/a>\n\t\t\t<\/div>\n\t\t\t\n\t\t\t\t\t\t\t\t\t<\/article>\n\t\t\t\t\t\t\t\t\t\t\t\t\t\t\t\t<article class=\"uagb-post__inner-wrap\">\t\t\t\t\t\t\t\t<h3 class=\"uagb-post__title uagb-post__text\">\n\t\t\t\t<a href=\"https:\/\/iro.pk.edu.pl\/pl\/aktualnosci\/program-vulcanus-in-japan-edycja-2026-2027\/\" target=\"_self\" rel=\"bookmark noopener noreferrer\">PROGRAM VULCANUS IN JAPAN &#8211; EDYCJA 2026-2027<\/a>\n\t\t\t<\/h3>\n\t\t\t\t\t\t<div class='uagb-post__text uagb-post-grid-byline'>\n\t\t\t\t\t\t\t\t<time datetime=\"2025-11-06T13:14:47+01:00\" class=\"uagb-post__date\">\n\t\t\t\t<span class=\"dashicons-calendar dashicons\"><\/span>\t\t\t\t\t2025-11-06\t\t\t\t<\/time>\n\t\t\t\t\t\t<\/div>\n\t\t\t\t\t\t\t<div class='uagb-post__text uagb-post__excerpt'>\n\t\t\t\t\t<p>Europejsko-Japo\u0144skie Centrum Wsp\u00f3\u0142pracy Przemys\u0142owej (EU-Japan Centre for Industrial Cooperation) oferuje p\u0142atne sta\u017ce w ramach programu&#8230;\t\t\t\t<\/div>\n\t\t\t\t\t\t<div class=\"uagb-post__text uagb-post__cta wp-block-button\">\n\t\t\t\t<a class=\"wp-block-button__link uagb-text-link\" style=\"\" href=\"https:\/\/iro.pk.edu.pl\/pl\/aktualnosci\/program-vulcanus-in-japan-edycja-2026-2027\/\" target=\"_self\" rel=\"bookmark noopener noreferrer\">dowiedz si\u0119 wi\u0119cej<\/a>\n\t\t\t<\/div>\n\t\t\t\n\t\t\t\t\t\t\t\t\t<\/article>\n\t\t\t\t\t\t\t\t\t\t\t\t\t\t\t\t<article class=\"uagb-post__inner-wrap\">\t\t\t\t\t\t\t\t<h3 class=\"uagb-post__title uagb-post__text\">\n\t\t\t\t<a href=\"https:\/\/iro.pk.edu.pl\/pl\/aktualnosci\/wymiana-studencka-z-national-chung-hsing-university-tajwan-2\/\" target=\"_self\" rel=\"bookmark noopener noreferrer\">Wymiana Studencka z National Chung Hsing University (Tajwan)<\/a>\n\t\t\t<\/h3>\n\t\t\t\t\t\t<div class='uagb-post__text uagb-post-grid-byline'>\n\t\t\t\t\t\t\t\t<time datetime=\"2025-10-03T08:34:21+02:00\" class=\"uagb-post__date\">\n\t\t\t\t<span class=\"dashicons-calendar dashicons\"><\/span>\t\t\t\t\t2025-10-03\t\t\t\t<\/time>\n\t\t\t\t\t\t<\/div>\n\t\t\t\t\t\t\t<div class='uagb-post__text uagb-post__excerpt'>\n\t\t\t\t\t<p>Uprzejmie informujemy o&nbsp;mo\u017cliwo\u015bci wyjazdu na studia cz\u0119\u015bciowe do National Chung Hsing University (NCHU) na semestr&nbsp;letni&#8230;\t\t\t\t<\/div>\n\t\t\t\t\t\t<div class=\"uagb-post__text uagb-post__cta wp-block-button\">\n\t\t\t\t<a class=\"wp-block-button__link uagb-text-link\" style=\"\" href=\"https:\/\/iro.pk.edu.pl\/pl\/aktualnosci\/wymiana-studencka-z-national-chung-hsing-university-tajwan-2\/\" target=\"_self\" rel=\"bookmark noopener noreferrer\">dowiedz si\u0119 wi\u0119cej<\/a>\n\t\t\t<\/div>\n\t\t\t\n\t\t\t\t\t\t\t\t\t<\/article>\n\t\t\t\t\t\t\t\t\t\t\t\t\t\t\t\t<article class=\"uagb-post__inner-wrap\">\t\t\t\t\t\t\t\t<h3 class=\"uagb-post__title uagb-post__text\">\n\t\t\t\t<a href=\"https:\/\/iro.pk.edu.pl\/pl\/aktualnosci\/stypendia-w-niemczech-gfps-polska\/\" target=\"_self\" rel=\"bookmark noopener noreferrer\">Stypendia w Niemczech &#8211; GFPS-Polska<\/a>\n\t\t\t<\/h3>\n\t\t\t\t\t\t<div class='uagb-post__text uagb-post-grid-byline'>\n\t\t\t\t\t\t\t\t<time datetime=\"2025-09-17T10:03:31+02:00\" class=\"uagb-post__date\">\n\t\t\t\t<span class=\"dashicons-calendar dashicons\"><\/span>\t\t\t\t\t2025-09-17\t\t\t\t<\/time>\n\t\t\t\t\t\t<\/div>\n\t\t\t\t\t\t\t<div class='uagb-post__text uagb-post__excerpt'>\n\t\t\t\t\t<p>GFPS-Polska&nbsp;zaprasza student\u00f3w oraz doktorant\u00f3w i asystent\u00f3w naukowych&nbsp;wszystkich kierunk\u00f3w&nbsp;z Polski do sk\u0142adania wniosk\u00f3w o stypendium w&#8230;\t\t\t\t<\/div>\n\t\t\t\t\t\t<div class=\"uagb-post__text uagb-post__cta wp-block-button\">\n\t\t\t\t<a class=\"wp-block-button__link uagb-text-link\" style=\"\" href=\"https:\/\/iro.pk.edu.pl\/pl\/aktualnosci\/stypendia-w-niemczech-gfps-polska\/\" target=\"_self\" rel=\"bookmark noopener noreferrer\">dowiedz si\u0119 wi\u0119cej<\/a>\n\t\t\t<\/div>\n\t\t\t\n\t\t\t\t\t\t\t\t\t<\/article>\n\t\t\t\t\t\t\t\t\t\t\t\t\t\t\t\t<article class=\"uagb-post__inner-wrap\">\t\t\t\t\t\t\t\t<h3 class=\"uagb-post__title uagb-post__text\">\n\t\t\t\t<a href=\"https:\/\/iro.pk.edu.pl\/pl\/aktualnosci\/short-term-fellowship-program-for-international-students-at-iit-indore\/\" target=\"_self\" rel=\"bookmark noopener noreferrer\">Short-Term Fellowship Program for International Students at IIT Indore<\/a>\n\t\t\t<\/h3>\n\t\t\t\t\t\t<div class='uagb-post__text uagb-post-grid-byline'>\n\t\t\t\t\t\t\t\t<time datetime=\"2025-07-24T10:17:43+02:00\" class=\"uagb-post__date\">\n\t\t\t\t<span class=\"dashicons-calendar dashicons\"><\/span>\t\t\t\t\t2025-07-24\t\t\t\t<\/time>\n\t\t\t\t\t\t<\/div>\n\t\t\t\t\t\t\t<div class='uagb-post__text uagb-post__excerpt'>\n\t\t\t\t\t<p>Zapraszamy do zapoznania si\u0119 z ofert\u0105 przygotowan\u0105 przez Indian Institute of Technology Indore \u2013 presti\u017cow\u0105&#8230;\t\t\t\t<\/div>\n\t\t\t\t\t\t<div class=\"uagb-post__text uagb-post__cta wp-block-button\">\n\t\t\t\t<a class=\"wp-block-button__link uagb-text-link\" style=\"\" href=\"https:\/\/iro.pk.edu.pl\/pl\/aktualnosci\/short-term-fellowship-program-for-international-students-at-iit-indore\/\" target=\"_self\" rel=\"bookmark noopener noreferrer\">dowiedz si\u0119 wi\u0119cej<\/a>\n\t\t\t<\/div>\n\t\t\t\n\t\t\t\t\t\t\t\t\t<\/article>\n\t\t\t\t\t\t\t\t\t\t\t<\/div>\n\t\t\t\n\n\n<div class=\"wp-block-uagb-info-box uagb-block-9e9de663 uagb-infobox__content-wrap  uagb-infobox-icon-right-title uagb-infobox-right uagb-infobox-image-valign-middle\" id=\"https:\/\/iro.pk.edu.pl\/pl\/aktualnosci\/\"><div class=\"uagb-ifb-content\"><div class=\"uagb-ifb-right-title-image\"><div class=\"uagb-ifb-title-wrap\"><h4 class=\"uagb-ifb-title\"><a href=\"https:\/\/iro.pk.edu.pl\/pl\/aktualnosci\/\" target=\"_blank\" rel=\"noreferrer noopener\">wi\u0119cej aktualno\u015bci<\/a><\/h4><\/div><div class=\"uagb-ifb-icon-wrap\"><svg xmlns=\"https:\/\/www.w3.org\/2000\/svg\" viewBox=\"0 0 320 512\"><path d=\"M96 480c-8.188 0-16.38-3.125-22.62-9.375c-12.5-12.5-12.5-32.75 0-45.25L242.8 256L73.38 86.63c-12.5-12.5-12.5-32.75 0-45.25s32.75-12.5 45.25 0l192 192c12.5 12.5 12.5 32.75 0 45.25l-192 192C112.4 476.9 104.2 480 96 480z\"><\/path><\/svg><\/div><\/div><\/div><\/div>\n\n\n\n<div style=\"height:45px\" aria-hidden=\"true\" class=\"wp-block-spacer\"><\/div>\n\n\n\n<div class=\"wp-block-uagb-image uagb-block-733b5e2f wp-block-uagb-image--layout-default wp-block-uagb-image--effect-static wp-block-uagb-image--align-none\"><figure class=\"wp-block-uagb-image__figure\"><img decoding=\"async\" srcset=\"https:\/\/iro.pk.edu.pl\/wp-content\/uploads\/2026\/02\/banery-main-WWW-propozycja-grudzien-20251.png ,https:\/\/iro.pk.edu.pl\/wp-content\/uploads\/2026\/02\/banery-main-WWW-propozycja-grudzien-20251.png 780w, https:\/\/iro.pk.edu.pl\/wp-content\/uploads\/2026\/02\/banery-main-WWW-propozycja-grudzien-20251.png 360w\" sizes=\"auto, (max-width: 480px) 150px\" src=\"https:\/\/iro.pk.edu.pl\/wp-content\/uploads\/2026\/02\/banery-main-WWW-propozycja-grudzien-20251.png\" alt=\"\" class=\"uag-image-23691\" width=\"1920\" height=\"127\" title=\"banery-main-WWW-propozycja-grudzien-2025(1)\" loading=\"lazy\" role=\"img\"\/><\/figure><\/div>\n\n\n\n<p><\/p>\n","protected":false},"excerpt":{"rendered":"<p>WYMIANA BILATERALNA STUDIA II STOPNIA (PL) STUDIA II STOPNIA (ENG) Istnieje mn\u00f3stwo powod\u00f3w, aby wybra\u0107 [&hellip;]<\/p>\n","protected":false},"author":916,"featured_media":20068,"parent":0,"menu_order":0,"comment_status":"closed","ping_status":"closed","template":"","meta":{"_acf_changed":false,"inline_featured_image":false,"_uag_custom_page_level_css":"","site-sidebar-layout":"default","site-content-layout":"","ast-site-content-layout":"default","site-content-style":"default","site-sidebar-style":"default","ast-global-header-display":"","ast-banner-title-visibility":"","ast-main-header-display":"","ast-hfb-above-header-display":"","ast-hfb-below-header-display":"","ast-hfb-mobile-header-display":"","site-post-title":"disabled","ast-breadcrumbs-content":"","ast-featured-img":"","footer-sml-layout":"","ast-disable-related-posts":"","theme-transparent-header-meta":"","adv-header-id-meta":"","stick-header-meta":"","header-above-stick-meta":"","header-main-stick-meta":"","header-below-stick-meta":"","astra-migrate-meta-layouts":"set","ast-page-background-enabled":"default","ast-page-background-meta":{"desktop":{"background-color":"var(--ast-global-color-4)","background-image":"","background-repeat":"repeat","background-position":"center center","background-size":"auto","background-attachment":"scroll","background-type":"","background-media":"","overlay-type":"","overlay-color":"","overlay-opacity":"","overlay-gradient":""},"tablet":{"background-color":"","background-image":"","background-repeat":"repeat","background-position":"center center","background-size":"auto","background-attachment":"scroll","background-type":"","background-media":"","overlay-type":"","overlay-color":"","overlay-opacity":"","overlay-gradient":""},"mobile":{"background-color":"","background-image":"","background-repeat":"repeat","background-position":"center center","background-size":"auto","background-attachment":"scroll","background-type":"","background-media":"","overlay-type":"","overlay-color":"","overlay-opacity":"","overlay-gradient":""}},"ast-content-background-meta":{"desktop":{"background-color":"var(--ast-global-color-5)","background-image":"","background-repeat":"repeat","background-position":"center center","background-size":"auto","background-attachment":"scroll","background-type":"","background-media":"","overlay-type":"","overlay-color":"","overlay-opacity":"","overlay-gradient":""},"tablet":{"background-color":"var(--ast-global-color-5)","background-image":"","background-repeat":"repeat","background-position":"center center","background-size":"auto","background-attachment":"scroll","background-type":"","background-media":"","overlay-type":"","overlay-color":"","overlay-opacity":"","overlay-gradient":""},"mobile":{"background-color":"var(--ast-global-color-5)","background-image":"","background-repeat":"repeat","background-position":"center center","background-size":"auto","background-attachment":"scroll","background-type":"","background-media":"","overlay-type":"","overlay-color":"","overlay-opacity":"","overlay-gradient":""}},"footnotes":""},"class_list":["post-93","page","type-page","status-publish","has-post-thumbnail","hentry"],"acf":[],"featured_image_src":"https:\/\/iro.pk.edu.pl\/wp-content\/uploads\/2024\/03\/niebieskie-tlo-symbol.png","uagb_featured_image_src":{"full":["https:\/\/iro.pk.edu.pl\/wp-content\/uploads\/2024\/03\/niebieskie-tlo-symbol.png",1200,675,false],"thumbnail":["https:\/\/iro.pk.edu.pl\/wp-content\/uploads\/2024\/03\/niebieskie-tlo-symbol-150x150.png",150,150,true],"medium":["https:\/\/iro.pk.edu.pl\/wp-content\/uploads\/2024\/03\/niebieskie-tlo-symbol-300x169.png",300,169,true],"medium_large":["https:\/\/iro.pk.edu.pl\/wp-content\/uploads\/2024\/03\/niebieskie-tlo-symbol-768x432.png",768,432,true],"large":["https:\/\/iro.pk.edu.pl\/wp-content\/uploads\/2024\/03\/niebieskie-tlo-symbol-1024x576.png",1024,576,true],"1536x1536":["https:\/\/iro.pk.edu.pl\/wp-content\/uploads\/2024\/03\/niebieskie-tlo-symbol.png",1200,675,false],"2048x2048":["https:\/\/iro.pk.edu.pl\/wp-content\/uploads\/2024\/03\/niebieskie-tlo-symbol.png",1200,675,false]},"uagb_author_info":{"display_name":"dkluczynski","author_link":"https:\/\/iro.pk.edu.pl\/pl\/author\/dkluczynski\/"},"uagb_comment_info":0,"uagb_excerpt":"WYMIANA BILATERALNA STUDIA II STOPNIA (PL) STUDIA II STOPNIA (ENG) Istnieje mn\u00f3stwo powod\u00f3w, aby wybra\u0107 [&hellip;]","_links":{"self":[{"href":"https:\/\/iro.pk.edu.pl\/pl\/wp-json\/wp\/v2\/pages\/93","targetHints":{"allow":["GET"]}}],"collection":[{"href":"https:\/\/iro.pk.edu.pl\/pl\/wp-json\/wp\/v2\/pages"}],"about":[{"href":"https:\/\/iro.pk.edu.pl\/pl\/wp-json\/wp\/v2\/types\/page"}],"author":[{"embeddable":true,"href":"https:\/\/iro.pk.edu.pl\/pl\/wp-json\/wp\/v2\/users\/916"}],"replies":[{"embeddable":true,"href":"https:\/\/iro.pk.edu.pl\/pl\/wp-json\/wp\/v2\/comments?post=93"}],"version-history":[{"count":23,"href":"https:\/\/iro.pk.edu.pl\/pl\/wp-json\/wp\/v2\/pages\/93\/revisions"}],"predecessor-version":[{"id":24893,"href":"https:\/\/iro.pk.edu.pl\/pl\/wp-json\/wp\/v2\/pages\/93\/revisions\/24893"}],"wp:featuredmedia":[{"embeddable":true,"href":"https:\/\/iro.pk.edu.pl\/pl\/wp-json\/wp\/v2\/media\/20068"}],"wp:attachment":[{"href":"https:\/\/iro.pk.edu.pl\/pl\/wp-json\/wp\/v2\/media?parent=93"}],"curies":[{"name":"wp","href":"https:\/\/api.w.org\/{rel}","templated":true}]}}